{"id":36,"date":"2023-07-05T11:40:30","date_gmt":"2023-07-05T14:40:30","guid":{"rendered":"https:\/\/neos.ind.br\/novosite\/?page_id=36"},"modified":"2023-09-29T09:36:29","modified_gmt":"2023-09-29T12:36:29","slug":"blog","status":"publish","type":"page","link":"https:\/\/neos.ind.br\/novosite\/blog\/","title":{"rendered":"Blog"},"content":{"rendered":"\t\t<div data-elementor-type=\"wp-page\" data-elementor-id=\"36\" class=\"elementor elementor-36\" data-elementor-post-type=\"page\">\n\t\t\t\t<div class=\"elementor-element elementor-element-79572e72 e-flex e-con-boxed e-con e-parent\" data-id=\"79572e72\" data-element_type=\"container\" data-settings=\"{&quot;background_background&quot;:&quot;classic&quot;}\" data-core-v316-plus=\"true\">\n\t\t\t\t\t<div class=\"e-con-inner\">\n\t\t\t\t<div class=\"elementor-element elementor-element-7c129eca elementor-align-right elementor-widget elementor-widget-breadcrumbs\" data-id=\"7c129eca\" data-element_type=\"widget\" data-widget_type=\"breadcrumbs.default\">\n\t\t\t\t<div class=\"elementor-widget-container\">\n\t\t\t<link rel=\"stylesheet\" href=\"https:\/\/neos.ind.br\/novosite\/wp-content\/plugins\/elementor-pro\/assets\/css\/widget-theme-elements.min.css\"><p id=\"breadcrumbs\"><span><span><a href=\"https:\/\/neos.ind.br\/novosite\/\">In\u00edcio<\/a><\/span><\/span><\/p>\t\t<\/div>\n\t\t\t\t<\/div>\n\t\t\t\t\t<\/div>\n\t\t\t\t<\/div>\n\t\t<div class=\"elementor-element elementor-element-d31dcf3 e-flex e-con-boxed e-con e-parent\" data-id=\"d31dcf3\" data-element_type=\"container\" data-core-v316-plus=\"true\">\n\t\t\t\t\t<div class=\"e-con-inner\">\n\t\t\t\t<div class=\"elementor-element elementor-element-2438ef0 titulosessao elementor-widget elementor-widget-heading\" data-id=\"2438ef0\" data-element_type=\"widget\" data-widget_type=\"heading.default\">\n\t\t\t\t<div class=\"elementor-widget-container\">\n\t\t\t<style>\/*! elementor - v3.20.0 - 20-03-2024 *\/\n.elementor-heading-title{padding:0;margin:0;line-height:1}.elementor-widget-heading .elementor-heading-title[class*=elementor-size-]>a{color:inherit;font-size:inherit;line-height:inherit}.elementor-widget-heading .elementor-heading-title.elementor-size-small{font-size:15px}.elementor-widget-heading .elementor-heading-title.elementor-size-medium{font-size:19px}.elementor-widget-heading .elementor-heading-title.elementor-size-large{font-size:29px}.elementor-widget-heading .elementor-heading-title.elementor-size-xl{font-size:39px}.elementor-widget-heading .elementor-heading-title.elementor-size-xxl{font-size:59px}<\/style><h2 class=\"elementor-heading-title elementor-size-default\">\u00daltimas publica\u00e7\u00f5es\n<span>Acompanhe aqui as not\u00edcias mais recentes do setor<\/span><\/h2>\t\t<\/div>\n\t\t\t\t<\/div>\n\t\t\t\t<div class=\"elementor-element elementor-element-b0f3a60 elementor-grid-3 elementor-grid-tablet-2 elementor-grid-mobile-1 elementor-widget elementor-widget-loop-grid\" data-id=\"b0f3a60\" data-element_type=\"widget\" data-settings=\"{&quot;template_id&quot;:&quot;2945&quot;,&quot;_skin&quot;:&quot;post&quot;,&quot;columns&quot;:&quot;3&quot;,&quot;columns_tablet&quot;:&quot;2&quot;,&quot;columns_mobile&quot;:&quot;1&quot;,&quot;edit_handle_selector&quot;:&quot;[data-elementor-type=\\&quot;loop-item\\&quot;]&quot;,&quot;row_gap&quot;:{&quot;unit&quot;:&quot;px&quot;,&quot;size&quot;:&quot;&quot;,&quot;sizes&quot;:[]},&quot;row_gap_tablet&quot;:{&quot;unit&quot;:&quot;px&quot;,&quot;size&quot;:&quot;&quot;,&quot;sizes&quot;:[]},&quot;row_gap_mobile&quot;:{&quot;unit&quot;:&quot;px&quot;,&quot;size&quot;:&quot;&quot;,&quot;sizes&quot;:[]}}\" data-widget_type=\"loop-grid.post\">\n\t\t\t\t<div class=\"elementor-widget-container\">\n\t\t\t<link rel=\"stylesheet\" href=\"https:\/\/neos.ind.br\/novosite\/wp-content\/plugins\/elementor-pro\/assets\/css\/widget-loop-builder.min.css\">\t\t<div class=\"elementor-loop-container elementor-grid\">\n\t\t<style id=\"loop-2945\">.elementor-2945 .elementor-element.elementor-element-c9471dd{--display:flex;--flex-direction:column;--container-widget-width:100%;--container-widget-height:initial;--container-widget-flex-grow:0;--container-widget-align-self:initial;--background-transition:0.3s;}.elementor-2945 .elementor-element.elementor-element-419d327{text-align:center;}.elementor-2945 .elementor-element.elementor-element-a690355{text-align:center;}.elementor-2945 .elementor-element.elementor-element-a690355 .elementor-heading-title{color:#0075CD;font-family:\"Rubik\", Sans-serif;font-size:20px;font-weight:600;}.elementor-2945 .elementor-element.elementor-element-2a1c470 .elementor-widget-container{text-align:justify;color:#6F6F87;font-family:\"Rubik\", Sans-serif;font-size:16px;font-weight:400;line-height:1.6em;}<\/style>\t\t<div data-elementor-type=\"loop-item\" data-elementor-id=\"2945\" class=\"elementor elementor-2945 e-loop-item e-loop-item-5294 post-5294 post type-post status-publish format-standard has-post-thumbnail hentry category-boletim-neos\" data-elementor-post-type=\"elementor_library\" data-custom-edit-handle=\"1\">\n\t\t\t\t\t<div class=\"elementor-section-wrap\">\n\t\t\t\t\t\t<div class=\"elementor-element elementor-element-c9471dd e-flex e-con-boxed e-con e-parent\" data-id=\"c9471dd\" data-element_type=\"container\" data-core-v316-plus=\"true\">\n\t\t\t\t\t<div class=\"e-con-inner\">\n\t\t\t\t<div class=\"elementor-element elementor-element-419d327 elementor-widget elementor-widget-theme-post-featured-image elementor-widget-image\" data-id=\"419d327\" data-element_type=\"widget\" data-widget_type=\"theme-post-featured-image.default\">\n\t\t\t\t<div class=\"elementor-widget-container\">\n\t\t\t<style>\/*! elementor - v3.20.0 - 20-03-2024 *\/\n.elementor-widget-image{text-align:center}.elementor-widget-image a{display:inline-block}.elementor-widget-image a img[src$=\".svg\"]{width:48px}.elementor-widget-image img{vertical-align:middle;display:inline-block}<\/style>\t\t\t\t\t\t\t\t\t\t\t<a href=\"https:\/\/neos.ind.br\/novosite\/2024\/06\/20\/agora-a-neos-tem-mais-uma-parceira-em-calibracoes\/\">\n\t\t\t\t\t\t\t<img fetchpriority=\"high\" decoding=\"async\" width=\"768\" height=\"512\" src=\"https:\/\/neos.ind.br\/novosite\/wp-content\/uploads\/2024\/06\/Parceria-Neos-e-Metis-768x512.jpg\" class=\"attachment-medium_large size-medium_large wp-image-5295\" alt=\"\" srcset=\"https:\/\/neos.ind.br\/novosite\/wp-content\/uploads\/2024\/06\/Parceria-Neos-e-Metis-768x512.jpg 768w, https:\/\/neos.ind.br\/novosite\/wp-content\/uploads\/2024\/06\/Parceria-Neos-e-Metis-300x200.jpg 300w, https:\/\/neos.ind.br\/novosite\/wp-content\/uploads\/2024\/06\/Parceria-Neos-e-Metis-1024x682.jpg 1024w, https:\/\/neos.ind.br\/novosite\/wp-content\/uploads\/2024\/06\/Parceria-Neos-e-Metis-1536x1023.jpg 1536w, https:\/\/neos.ind.br\/novosite\/wp-content\/uploads\/2024\/06\/Parceria-Neos-e-Metis-2048x1364.jpg 2048w, https:\/\/neos.ind.br\/novosite\/wp-content\/uploads\/2024\/06\/Parceria-Neos-e-Metis-600x400.jpg 600w\" sizes=\"(max-width: 768px) 100vw, 768px\" \/>\t\t\t\t\t\t\t\t<\/a>\n\t\t\t\t\t\t\t\t\t\t\t\t\t<\/div>\n\t\t\t\t<\/div>\n\t\t\t\t<div class=\"elementor-element elementor-element-a690355 elementor-widget elementor-widget-theme-post-title elementor-page-title elementor-widget-heading\" data-id=\"a690355\" data-element_type=\"widget\" data-widget_type=\"theme-post-title.default\">\n\t\t\t\t<div class=\"elementor-widget-container\">\n\t\t\t<h2 class=\"elementor-heading-title elementor-size-default\"><a href=\"https:\/\/neos.ind.br\/novosite\/2024\/06\/20\/agora-a-neos-tem-mais-uma-parceira-em-calibracoes\/\">Agora a N\u00e9os tem mais uma parceira em calibra\u00e7\u00f5es. Fique por dentro!<\/a><\/h2>\t\t<\/div>\n\t\t\t\t<\/div>\n\t\t\t\t<div class=\"elementor-element elementor-element-2a1c470 elementor-widget elementor-widget-theme-post-excerpt\" data-id=\"2a1c470\" data-element_type=\"widget\" data-widget_type=\"theme-post-excerpt.default\">\n\t\t\t\t<div class=\"elementor-widget-container\">\n\t\t\t<p>Mais uma op\u00e7\u00e3o de laborat\u00f3rio parceiro para voc\u00ea,\u00a0ambas localizadas em Belo Horizonte, a N\u00e9os e a Metis Metrologia unem for\u00e7as\t\t<\/div>\n\t\t\t\t<\/div>\n\t\t\t\t\t<\/div>\n\t\t\t\t<\/div>\n\t\t\t\t\t\t\t<\/div>\n\t\t\t\t<\/div>\n\t\t\t\t<div data-elementor-type=\"loop-item\" data-elementor-id=\"2945\" class=\"elementor elementor-2945 e-loop-item e-loop-item-4125 post-4125 post type-post status-publish format-standard has-post-thumbnail hentry category-boletim-neos category-sem-categoria\" data-elementor-post-type=\"elementor_library\" data-custom-edit-handle=\"1\">\n\t\t\t\t\t<div class=\"elementor-section-wrap\">\n\t\t\t\t\t\t<div class=\"elementor-element elementor-element-c9471dd e-flex e-con-boxed e-con e-parent\" data-id=\"c9471dd\" data-element_type=\"container\" data-core-v316-plus=\"true\">\n\t\t\t\t\t<div class=\"e-con-inner\">\n\t\t\t\t<div class=\"elementor-element elementor-element-419d327 elementor-widget elementor-widget-theme-post-featured-image elementor-widget-image\" data-id=\"419d327\" data-element_type=\"widget\" data-widget_type=\"theme-post-featured-image.default\">\n\t\t\t\t<div class=\"elementor-widget-container\">\n\t\t\t\t\t\t\t\t\t\t\t\t\t\t<a href=\"https:\/\/neos.ind.br\/novosite\/2024\/05\/08\/catalogo-produtos-neos\/\">\n\t\t\t\t\t\t\t<img decoding=\"async\" width=\"768\" height=\"432\" src=\"https:\/\/neos.ind.br\/novosite\/wp-content\/uploads\/2023\/09\/CatalogoNeos-A4-aberto-20240425-1-768x432.jpg\" class=\"attachment-medium_large size-medium_large wp-image-5284\" alt=\"\" srcset=\"https:\/\/neos.ind.br\/novosite\/wp-content\/uploads\/2023\/09\/CatalogoNeos-A4-aberto-20240425-1-768x432.jpg 768w, https:\/\/neos.ind.br\/novosite\/wp-content\/uploads\/2023\/09\/CatalogoNeos-A4-aberto-20240425-1-300x169.jpg 300w, https:\/\/neos.ind.br\/novosite\/wp-content\/uploads\/2023\/09\/CatalogoNeos-A4-aberto-20240425-1-1024x576.jpg 1024w, https:\/\/neos.ind.br\/novosite\/wp-content\/uploads\/2023\/09\/CatalogoNeos-A4-aberto-20240425-1-1536x864.jpg 1536w, https:\/\/neos.ind.br\/novosite\/wp-content\/uploads\/2023\/09\/CatalogoNeos-A4-aberto-20240425-1-2048x1152.jpg 2048w, https:\/\/neos.ind.br\/novosite\/wp-content\/uploads\/2023\/09\/CatalogoNeos-A4-aberto-20240425-1-600x338.jpg 600w\" sizes=\"(max-width: 768px) 100vw, 768px\" \/>\t\t\t\t\t\t\t\t<\/a>\n\t\t\t\t\t\t\t\t\t\t\t\t\t<\/div>\n\t\t\t\t<\/div>\n\t\t\t\t<div class=\"elementor-element elementor-element-a690355 elementor-widget elementor-widget-theme-post-title elementor-page-title elementor-widget-heading\" data-id=\"a690355\" data-element_type=\"widget\" data-widget_type=\"theme-post-title.default\">\n\t\t\t\t<div class=\"elementor-widget-container\">\n\t\t\t<h2 class=\"elementor-heading-title elementor-size-default\"><a href=\"https:\/\/neos.ind.br\/novosite\/2024\/05\/08\/catalogo-produtos-neos\/\">Cat\u00e1logo de Produtos<\/a><\/h2>\t\t<\/div>\n\t\t\t\t<\/div>\n\t\t\t\t<div class=\"elementor-element elementor-element-2a1c470 elementor-widget elementor-widget-theme-post-excerpt\" data-id=\"2a1c470\" data-element_type=\"widget\" data-widget_type=\"theme-post-excerpt.default\">\n\t\t\t\t<div class=\"elementor-widget-container\">\n\t\t\t<p>Para saber mais sobre nossos produtos, baixe o cat\u00e1logo para ficar por dentro de todos os produtos N\u00e9os e suas\t\t<\/div>\n\t\t\t\t<\/div>\n\t\t\t\t\t<\/div>\n\t\t\t\t<\/div>\n\t\t\t\t\t\t\t<\/div>\n\t\t\t\t<\/div>\n\t\t\t\t<div data-elementor-type=\"loop-item\" data-elementor-id=\"2945\" class=\"elementor elementor-2945 e-loop-item e-loop-item-1473 post-1473 post type-post status-publish format-standard has-post-thumbnail hentry category-boletim-neos\" data-elementor-post-type=\"elementor_library\" data-custom-edit-handle=\"1\">\n\t\t\t\t\t<div class=\"elementor-section-wrap\">\n\t\t\t\t\t\t<div class=\"elementor-element elementor-element-c9471dd e-flex e-con-boxed e-con e-parent\" data-id=\"c9471dd\" data-element_type=\"container\" data-core-v316-plus=\"true\">\n\t\t\t\t\t<div class=\"e-con-inner\">\n\t\t\t\t<div class=\"elementor-element elementor-element-419d327 elementor-widget elementor-widget-theme-post-featured-image elementor-widget-image\" data-id=\"419d327\" data-element_type=\"widget\" data-widget_type=\"theme-post-featured-image.default\">\n\t\t\t\t<div class=\"elementor-widget-container\">\n\t\t\t\t\t\t\t\t\t\t\t\t\t\t<a href=\"https:\/\/neos.ind.br\/novosite\/2022\/12\/16\/voce-sabe-qual-a-importancia-de-fazer-a-manutencao-dos-equipamentos-medicos\/\">\n\t\t\t\t\t\t\t<img decoding=\"async\" width=\"768\" height=\"512\" src=\"https:\/\/neos.ind.br\/novosite\/wp-content\/uploads\/2022\/12\/neos-4-scaled-1-768x512.jpg\" class=\"attachment-medium_large size-medium_large wp-image-1475\" alt=\"\" srcset=\"https:\/\/neos.ind.br\/novosite\/wp-content\/uploads\/2022\/12\/neos-4-scaled-1-768x512.jpg 768w, https:\/\/neos.ind.br\/novosite\/wp-content\/uploads\/2022\/12\/neos-4-scaled-1-300x200.jpg 300w, https:\/\/neos.ind.br\/novosite\/wp-content\/uploads\/2022\/12\/neos-4-scaled-1-1024x683.jpg 1024w, https:\/\/neos.ind.br\/novosite\/wp-content\/uploads\/2022\/12\/neos-4-scaled-1-1536x1024.jpg 1536w, https:\/\/neos.ind.br\/novosite\/wp-content\/uploads\/2022\/12\/neos-4-scaled-1-2048x1366.jpg 2048w, https:\/\/neos.ind.br\/novosite\/wp-content\/uploads\/2022\/12\/neos-4-scaled-1-600x400.jpg 600w\" sizes=\"(max-width: 768px) 100vw, 768px\" \/>\t\t\t\t\t\t\t\t<\/a>\n\t\t\t\t\t\t\t\t\t\t\t\t\t<\/div>\n\t\t\t\t<\/div>\n\t\t\t\t<div class=\"elementor-element elementor-element-a690355 elementor-widget elementor-widget-theme-post-title elementor-page-title elementor-widget-heading\" data-id=\"a690355\" data-element_type=\"widget\" data-widget_type=\"theme-post-title.default\">\n\t\t\t\t<div class=\"elementor-widget-container\">\n\t\t\t<h2 class=\"elementor-heading-title elementor-size-default\"><a href=\"https:\/\/neos.ind.br\/novosite\/2022\/12\/16\/voce-sabe-qual-a-importancia-de-fazer-a-manutencao-dos-equipamentos-medicos\/\">Voc\u00ea sabe qual a import\u00e2ncia de fazer a manuten\u00e7\u00e3o dos equipamentos m\u00e9dicos?<\/a><\/h2>\t\t<\/div>\n\t\t\t\t<\/div>\n\t\t\t\t<div class=\"elementor-element elementor-element-2a1c470 elementor-widget elementor-widget-theme-post-excerpt\" data-id=\"2a1c470\" data-element_type=\"widget\" data-widget_type=\"theme-post-excerpt.default\">\n\t\t\t\t<div class=\"elementor-widget-container\">\n\t\t\t<p>A manuten\u00e7\u00e3o dos equipamentos m\u00e9dicos \u00e9 de extrema import\u00e2ncia para que eles continuem funcionando da melhor maneira e atendendo as\t\t<\/div>\n\t\t\t\t<\/div>\n\t\t\t\t\t<\/div>\n\t\t\t\t<\/div>\n\t\t\t\t\t\t\t<\/div>\n\t\t\t\t<\/div>\n\t\t\t\t<div data-elementor-type=\"loop-item\" data-elementor-id=\"2945\" class=\"elementor elementor-2945 e-loop-item e-loop-item-1469 post-1469 post type-post status-publish format-standard has-post-thumbnail hentry category-boletim-neos\" data-elementor-post-type=\"elementor_library\" data-custom-edit-handle=\"1\">\n\t\t\t\t\t<div class=\"elementor-section-wrap\">\n\t\t\t\t\t\t<div class=\"elementor-element elementor-element-c9471dd e-flex e-con-boxed e-con e-parent\" data-id=\"c9471dd\" data-element_type=\"container\" data-core-v316-plus=\"true\">\n\t\t\t\t\t<div class=\"e-con-inner\">\n\t\t\t\t<div class=\"elementor-element elementor-element-419d327 elementor-widget elementor-widget-theme-post-featured-image elementor-widget-image\" data-id=\"419d327\" data-element_type=\"widget\" data-widget_type=\"theme-post-featured-image.default\">\n\t\t\t\t<div class=\"elementor-widget-container\">\n\t\t\t\t\t\t\t\t\t\t\t\t\t\t<a href=\"https:\/\/neos.ind.br\/novosite\/2022\/12\/16\/vamos-falar-sobre-o-bisturi-eletrico\/\">\n\t\t\t\t\t\t\t<img loading=\"lazy\" decoding=\"async\" width=\"768\" height=\"508\" src=\"https:\/\/neos.ind.br\/novosite\/wp-content\/uploads\/2022\/12\/MG_2583-2-768x508.jpg\" class=\"attachment-medium_large size-medium_large wp-image-4690\" alt=\"\" srcset=\"https:\/\/neos.ind.br\/novosite\/wp-content\/uploads\/2022\/12\/MG_2583-2-768x508.jpg 768w, https:\/\/neos.ind.br\/novosite\/wp-content\/uploads\/2022\/12\/MG_2583-2-300x198.jpg 300w, https:\/\/neos.ind.br\/novosite\/wp-content\/uploads\/2022\/12\/MG_2583-2-1024x677.jpg 1024w, https:\/\/neos.ind.br\/novosite\/wp-content\/uploads\/2022\/12\/MG_2583-2-1536x1015.jpg 1536w, https:\/\/neos.ind.br\/novosite\/wp-content\/uploads\/2022\/12\/MG_2583-2-2048x1353.jpg 2048w, https:\/\/neos.ind.br\/novosite\/wp-content\/uploads\/2022\/12\/MG_2583-2-600x396.jpg 600w\" sizes=\"(max-width: 768px) 100vw, 768px\" \/>\t\t\t\t\t\t\t\t<\/a>\n\t\t\t\t\t\t\t\t\t\t\t\t\t<\/div>\n\t\t\t\t<\/div>\n\t\t\t\t<div class=\"elementor-element elementor-element-a690355 elementor-widget elementor-widget-theme-post-title elementor-page-title elementor-widget-heading\" data-id=\"a690355\" data-element_type=\"widget\" data-widget_type=\"theme-post-title.default\">\n\t\t\t\t<div class=\"elementor-widget-container\">\n\t\t\t<h2 class=\"elementor-heading-title elementor-size-default\"><a href=\"https:\/\/neos.ind.br\/novosite\/2022\/12\/16\/vamos-falar-sobre-o-bisturi-eletrico\/\">Vamos falar sobre o bisturi el\u00e9trico?<\/a><\/h2>\t\t<\/div>\n\t\t\t\t<\/div>\n\t\t\t\t<div class=\"elementor-element elementor-element-2a1c470 elementor-widget elementor-widget-theme-post-excerpt\" data-id=\"2a1c470\" data-element_type=\"widget\" data-widget_type=\"theme-post-excerpt.default\">\n\t\t\t\t<div class=\"elementor-widget-container\">\n\t\t\t<p>Equipamento muito importante em diversos procedimentos cir\u00fargicos, o Bisturi El\u00e9trico \u00e9 utilizado para cortar e\/ou coagular tecidos biol\u00f3gicos, utilizando correntes\t\t<\/div>\n\t\t\t\t<\/div>\n\t\t\t\t\t<\/div>\n\t\t\t\t<\/div>\n\t\t\t\t\t\t\t<\/div>\n\t\t\t\t<\/div>\n\t\t\t\t<div data-elementor-type=\"loop-item\" data-elementor-id=\"2945\" class=\"elementor elementor-2945 e-loop-item e-loop-item-1179 post-1179 post type-post status-publish format-standard has-post-thumbnail hentry category-boletim-neos\" data-elementor-post-type=\"elementor_library\" data-custom-edit-handle=\"1\">\n\t\t\t\t\t<div class=\"elementor-section-wrap\">\n\t\t\t\t\t\t<div class=\"elementor-element elementor-element-c9471dd e-flex e-con-boxed e-con e-parent\" data-id=\"c9471dd\" data-element_type=\"container\" data-core-v316-plus=\"true\">\n\t\t\t\t\t<div class=\"e-con-inner\">\n\t\t\t\t<div class=\"elementor-element elementor-element-419d327 elementor-widget elementor-widget-theme-post-featured-image elementor-widget-image\" data-id=\"419d327\" data-element_type=\"widget\" data-widget_type=\"theme-post-featured-image.default\">\n\t\t\t\t<div class=\"elementor-widget-container\">\n\t\t\t\t\t\t\t\t\t\t\t\t\t\t<a href=\"https:\/\/neos.ind.br\/novosite\/2022\/07\/29\/a-engenharia-clinica-e-mesmo-importante\/\">\n\t\t\t\t\t\t\t<img loading=\"lazy\" decoding=\"async\" width=\"768\" height=\"512\" src=\"https:\/\/neos.ind.br\/novosite\/wp-content\/uploads\/2022\/07\/neos-20-scaled-1-768x512.jpg\" class=\"attachment-medium_large size-medium_large wp-image-1464\" alt=\"\" srcset=\"https:\/\/neos.ind.br\/novosite\/wp-content\/uploads\/2022\/07\/neos-20-scaled-1-768x512.jpg 768w, https:\/\/neos.ind.br\/novosite\/wp-content\/uploads\/2022\/07\/neos-20-scaled-1-300x200.jpg 300w, https:\/\/neos.ind.br\/novosite\/wp-content\/uploads\/2022\/07\/neos-20-scaled-1-1024x683.jpg 1024w, https:\/\/neos.ind.br\/novosite\/wp-content\/uploads\/2022\/07\/neos-20-scaled-1-1536x1024.jpg 1536w, https:\/\/neos.ind.br\/novosite\/wp-content\/uploads\/2022\/07\/neos-20-scaled-1-2048x1366.jpg 2048w, https:\/\/neos.ind.br\/novosite\/wp-content\/uploads\/2022\/07\/neos-20-scaled-1-600x400.jpg 600w\" sizes=\"(max-width: 768px) 100vw, 768px\" \/>\t\t\t\t\t\t\t\t<\/a>\n\t\t\t\t\t\t\t\t\t\t\t\t\t<\/div>\n\t\t\t\t<\/div>\n\t\t\t\t<div class=\"elementor-element elementor-element-a690355 elementor-widget elementor-widget-theme-post-title elementor-page-title elementor-widget-heading\" data-id=\"a690355\" data-element_type=\"widget\" data-widget_type=\"theme-post-title.default\">\n\t\t\t\t<div class=\"elementor-widget-container\">\n\t\t\t<h2 class=\"elementor-heading-title elementor-size-default\"><a href=\"https:\/\/neos.ind.br\/novosite\/2022\/07\/29\/a-engenharia-clinica-e-mesmo-importante\/\">A Engenharia Cl\u00ednica \u00e9 mesmo importante?<\/a><\/h2>\t\t<\/div>\n\t\t\t\t<\/div>\n\t\t\t\t<div class=\"elementor-element elementor-element-2a1c470 elementor-widget elementor-widget-theme-post-excerpt\" data-id=\"2a1c470\" data-element_type=\"widget\" data-widget_type=\"theme-post-excerpt.default\">\n\t\t\t\t<div class=\"elementor-widget-container\">\n\t\t\t<p>A resposta \u00e9: sim! Ela \u00e9 essencial para e de extrema import\u00e2ncia hospitais e todos os tipos de centros de\t\t<\/div>\n\t\t\t\t<\/div>\n\t\t\t\t\t<\/div>\n\t\t\t\t<\/div>\n\t\t\t\t\t\t\t<\/div>\n\t\t\t\t<\/div>\n\t\t\t\t<\/div>\n\t\t\n\t\t\t\t<\/div>\n\t\t\t\t<\/div>\n\t\t\t\t\t<\/div>\n\t\t\t\t<\/div>\n\t\t\t\t<\/div>\n\t\t","protected":false},"excerpt":{"rendered":"<p>\u00daltimas publica\u00e7\u00f5es Acompanhe aqui as not\u00edcias mais recentes do setor<\/p>\n","protected":false},"author":1,"featured_media":0,"parent":0,"menu_order":0,"comment_status":"closed","ping_status":"closed","template":"elementor_header_footer","meta":{"_acf_changed":false,"footnotes":""},"class_list":["post-36","page","type-page","status-publish","hentry"],"acf":[],"yoast_head":"<!-- This site is optimized with the Yoast SEO plugin v22.3 - https:\/\/yoast.com\/wordpress\/plugins\/seo\/ -->\n<title>Blog - N\u00e9os<\/title>\n<meta name=\"robots\" content=\"index, follow, max-snippet:-1, max-image-preview:large, max-video-preview:-1\" \/>\n<link rel=\"canonical\" href=\"https:\/\/neos.ind.br\/novosite\/blog\/\" \/>\n<meta property=\"og:locale\" content=\"pt_BR\" \/>\n<meta property=\"og:type\" content=\"article\" \/>\n<meta property=\"og:title\" content=\"Blog - N\u00e9os\" \/>\n<meta property=\"og:description\" content=\"\u00daltimas publica\u00e7\u00f5es Acompanhe aqui as not\u00edcias mais recentes do setor\" \/>\n<meta property=\"og:url\" content=\"https:\/\/neos.ind.br\/novosite\/blog\/\" \/>\n<meta property=\"og:site_name\" content=\"N\u00e9os\" \/>\n<meta property=\"article:modified_time\" content=\"2023-09-29T12:36:29+00:00\" \/>\n<meta name=\"twitter:card\" content=\"summary_large_image\" \/>\n<meta name=\"twitter:label1\" content=\"Est. tempo de leitura\" \/>\n\t<meta name=\"twitter:data1\" content=\"3 minutos\" \/>\n<script type=\"application\/ld+json\" class=\"yoast-schema-graph\">{\"@context\":\"https:\/\/schema.org\",\"@graph\":[{\"@type\":\"WebPage\",\"@id\":\"https:\/\/neos.ind.br\/novosite\/blog\/\",\"url\":\"https:\/\/neos.ind.br\/novosite\/blog\/\",\"name\":\"Blog - N\u00e9os\",\"isPartOf\":{\"@id\":\"https:\/\/neos.ind.br\/novosite\/#website\"},\"datePublished\":\"2023-07-05T14:40:30+00:00\",\"dateModified\":\"2023-09-29T12:36:29+00:00\",\"breadcrumb\":{\"@id\":\"https:\/\/neos.ind.br\/novosite\/blog\/#breadcrumb\"},\"inLanguage\":\"pt-BR\",\"potentialAction\":[{\"@type\":\"ReadAction\",\"target\":[\"https:\/\/neos.ind.br\/novosite\/blog\/\"]}]},{\"@type\":\"BreadcrumbList\",\"@id\":\"https:\/\/neos.ind.br\/novosite\/blog\/#breadcrumb\",\"itemListElement\":[{\"@type\":\"ListItem\",\"position\":1,\"name\":\"In\u00edcio\",\"item\":\"https:\/\/neos.ind.br\/novosite\/\"},{\"@type\":\"ListItem\",\"position\":2,\"name\":\"Blog\"}]},{\"@type\":\"WebSite\",\"@id\":\"https:\/\/neos.ind.br\/novosite\/#website\",\"url\":\"https:\/\/neos.ind.br\/novosite\/\",\"name\":\"N\u00e9os\",\"description\":\"\",\"publisher\":{\"@id\":\"https:\/\/neos.ind.br\/novosite\/#organization\"},\"potentialAction\":[{\"@type\":\"SearchAction\",\"target\":{\"@type\":\"EntryPoint\",\"urlTemplate\":\"https:\/\/neos.ind.br\/novosite\/?s={search_term_string}\"},\"query-input\":\"required name=search_term_string\"}],\"inLanguage\":\"pt-BR\"},{\"@type\":\"Organization\",\"@id\":\"https:\/\/neos.ind.br\/novosite\/#organization\",\"name\":\"N\u00e9os\",\"url\":\"https:\/\/neos.ind.br\/novosite\/\",\"logo\":{\"@type\":\"ImageObject\",\"inLanguage\":\"pt-BR\",\"@id\":\"https:\/\/neos.ind.br\/novosite\/#\/schema\/logo\/image\/\",\"url\":\"https:\/\/neos.ind.br\/novosite\/wp-content\/uploads\/2023\/07\/logo-topo.png\",\"contentUrl\":\"https:\/\/neos.ind.br\/novosite\/wp-content\/uploads\/2023\/07\/logo-topo.png\",\"width\":147,\"height\":66,\"caption\":\"N\u00e9os\"},\"image\":{\"@id\":\"https:\/\/neos.ind.br\/novosite\/#\/schema\/logo\/image\/\"}}]}<\/script>\n<!-- \/ Yoast SEO plugin. -->","yoast_head_json":{"title":"Blog - N\u00e9os","robots":{"index":"index","follow":"follow","max-snippet":"max-snippet:-1","max-image-preview":"max-image-preview:large","max-video-preview":"max-video-preview:-1"},"canonical":"https:\/\/neos.ind.br\/novosite\/blog\/","og_locale":"pt_BR","og_type":"article","og_title":"Blog - N\u00e9os","og_description":"\u00daltimas publica\u00e7\u00f5es Acompanhe aqui as not\u00edcias mais recentes do setor","og_url":"https:\/\/neos.ind.br\/novosite\/blog\/","og_site_name":"N\u00e9os","article_modified_time":"2023-09-29T12:36:29+00:00","twitter_card":"summary_large_image","twitter_misc":{"Est. tempo de leitura":"3 minutos"},"schema":{"@context":"https:\/\/schema.org","@graph":[{"@type":"WebPage","@id":"https:\/\/neos.ind.br\/novosite\/blog\/","url":"https:\/\/neos.ind.br\/novosite\/blog\/","name":"Blog - N\u00e9os","isPartOf":{"@id":"https:\/\/neos.ind.br\/novosite\/#website"},"datePublished":"2023-07-05T14:40:30+00:00","dateModified":"2023-09-29T12:36:29+00:00","breadcrumb":{"@id":"https:\/\/neos.ind.br\/novosite\/blog\/#breadcrumb"},"inLanguage":"pt-BR","potentialAction":[{"@type":"ReadAction","target":["https:\/\/neos.ind.br\/novosite\/blog\/"]}]},{"@type":"BreadcrumbList","@id":"https:\/\/neos.ind.br\/novosite\/blog\/#breadcrumb","itemListElement":[{"@type":"ListItem","position":1,"name":"In\u00edcio","item":"https:\/\/neos.ind.br\/novosite\/"},{"@type":"ListItem","position":2,"name":"Blog"}]},{"@type":"WebSite","@id":"https:\/\/neos.ind.br\/novosite\/#website","url":"https:\/\/neos.ind.br\/novosite\/","name":"N\u00e9os","description":"","publisher":{"@id":"https:\/\/neos.ind.br\/novosite\/#organization"},"potentialAction":[{"@type":"SearchAction","target":{"@type":"EntryPoint","urlTemplate":"https:\/\/neos.ind.br\/novosite\/?s={search_term_string}"},"query-input":"required name=search_term_string"}],"inLanguage":"pt-BR"},{"@type":"Organization","@id":"https:\/\/neos.ind.br\/novosite\/#organization","name":"N\u00e9os","url":"https:\/\/neos.ind.br\/novosite\/","logo":{"@type":"ImageObject","inLanguage":"pt-BR","@id":"https:\/\/neos.ind.br\/novosite\/#\/schema\/logo\/image\/","url":"https:\/\/neos.ind.br\/novosite\/wp-content\/uploads\/2023\/07\/logo-topo.png","contentUrl":"https:\/\/neos.ind.br\/novosite\/wp-content\/uploads\/2023\/07\/logo-topo.png","width":147,"height":66,"caption":"N\u00e9os"},"image":{"@id":"https:\/\/neos.ind.br\/novosite\/#\/schema\/logo\/image\/"}}]}},"_links":{"self":[{"href":"https:\/\/neos.ind.br\/novosite\/wp-json\/wp\/v2\/pages\/36","targetHints":{"allow":["GET"]}}],"collection":[{"href":"https:\/\/neos.ind.br\/novosite\/wp-json\/wp\/v2\/pages"}],"about":[{"href":"https:\/\/neos.ind.br\/novosite\/wp-json\/wp\/v2\/types\/page"}],"author":[{"embeddable":true,"href":"https:\/\/neos.ind.br\/novosite\/wp-json\/wp\/v2\/users\/1"}],"replies":[{"embeddable":true,"href":"https:\/\/neos.ind.br\/novosite\/wp-json\/wp\/v2\/comments?post=36"}],"version-history":[{"count":13,"href":"https:\/\/neos.ind.br\/novosite\/wp-json\/wp\/v2\/pages\/36\/revisions"}],"predecessor-version":[{"id":4146,"href":"https:\/\/neos.ind.br\/novosite\/wp-json\/wp\/v2\/pages\/36\/revisions\/4146"}],"wp:attachment":[{"href":"https:\/\/neos.ind.br\/novosite\/wp-json\/wp\/v2\/media?parent=36"}],"curies":[{"name":"wp","href":"https:\/\/api.w.org\/{rel}","templated":true}]}}