{"id":3576,"date":"2023-07-07T16:29:41","date_gmt":"2023-07-07T19:29:41","guid":{"rendered":"https:\/\/neos.ind.br\/novosite\/?post_type=product&#038;p=3576"},"modified":"2024-04-26T13:13:29","modified_gmt":"2024-04-26T16:13:29","slug":"sop100","status":"publish","type":"product","link":"https:\/\/neos.ind.br\/novosite\/produto\/sop100\/","title":{"rendered":"SOP100"},"content":{"rendered":"<h3 class=\"cor1\">Testador de Ox\u00edmetro de Pulso<\/h3>\n<p>O SOP100 \u00e9 utilizado em testes funcionais de ox\u00edmetros de pulso. Ele utiliza de tecnologia \u00f3ptica que permite a verifica\u00e7\u00e3o dos sensores simultaneamente com a verifica\u00e7\u00e3o do ox\u00edmetro. Testa satura\u00e7\u00e3o de SpO2 com frequ\u00eancia card\u00edaca vari\u00e1vel com diferentes taxas de perfus\u00e3o e tr\u00eas n\u00edveis de transmiss\u00e3o. \u00c9 um equipamento leve, pequeno e de f\u00e1cil manuseio. Ele opera a bateria, tem baixo consumo, possui tela OLED e teclas t\u00e1cteis frontais.<\/p>\n<p>Est\u00e3o salvas em sua mem\u00f3ria curvas-R para as tecnologias mais populares do mercado, assim como \u00e9 poss\u00edvel a inser\u00e7\u00e3o e armazenamento de novas curvas que venham a ser necess\u00e1rias. Al\u00e9m de operar autonomamente, o SOP100 funciona conjuntamente com outros equipamentos N\u00e9os, possibilitando o sincronismo da satura\u00e7\u00e3o de SpO2 com o sinal de ECG e a inser\u00e7\u00e3o dos resultados nos laudos gerados. Vem acompanhado de software que armazena sequ\u00eancias de ensaios program\u00e1veis e permite a inser\u00e7\u00e3o de dados com interpreta\u00e7\u00e3o e a formaliza\u00e7\u00e3o de resultados, gerando um certificado autom\u00e1tico e personalizado conforme necessidades do cliente, simplificando o trabalho do usu\u00e1rio.<\/p>\n<p>&nbsp;<\/p>\n<h3 class=\"cor1\">Acess\u00f3rios Inclusos no Produto<\/h3>\n<p><img fetchpriority=\"high\" decoding=\"async\" class=\"alignnone wp-image-4764\" src=\"https:\/\/neos.ind.br\/novosite\/wp-content\/uploads\/2023\/07\/Kit-SOP100-300x292.png\" alt=\"\" width=\"557\" height=\"542\" srcset=\"https:\/\/neos.ind.br\/novosite\/wp-content\/uploads\/2023\/07\/Kit-SOP100-300x292.png 300w, https:\/\/neos.ind.br\/novosite\/wp-content\/uploads\/2023\/07\/Kit-SOP100-1024x998.png 1024w, https:\/\/neos.ind.br\/novosite\/wp-content\/uploads\/2023\/07\/Kit-SOP100-768x748.png 768w, https:\/\/neos.ind.br\/novosite\/wp-content\/uploads\/2023\/07\/Kit-SOP100-1536x1497.png 1536w, https:\/\/neos.ind.br\/novosite\/wp-content\/uploads\/2023\/07\/Kit-SOP100-600x585.png 600w, https:\/\/neos.ind.br\/novosite\/wp-content\/uploads\/2023\/07\/Kit-SOP100.png 1952w\" sizes=\"(max-width: 557px) 100vw, 557px\" \/><\/p>\n<h3 class=\"cor1\">Caracter\u00edsticas Gerais<\/h3>\n<ul class=\"p-bottom-large\">\n<li>Testa satura\u00e7\u00e3o de SpO2 com frequ\u00eancia card\u00edaca vari\u00e1vel<\/li>\n<li>Testa diferentes taxas de perfus\u00e3o<\/li>\n<li>Testa tr\u00eas n\u00edveis de transmiss\u00e3o<\/li>\n<li>Mem\u00f3ria interna cont\u00e9m curvas -R das tecnologias mais populares do mercado<\/li>\n<li>Usu\u00e1rio tem a possibilidade de inserir novas curvas -R<\/li>\n<li>Mem\u00f3ria interna para guardar os resultados dos ensaios e visualizar posteriorment<\/li>\n<\/ul>\n<p><img decoding=\"async\" class=\"alignnone wp-image-4790\" src=\"https:\/\/neos.ind.br\/novosite\/wp-content\/uploads\/2023\/12\/Tabela-Comparativa-de-Equipamentos-MOX100-SOP100-1-300x300.png\" alt=\"\" width=\"661\" height=\"661\" srcset=\"https:\/\/neos.ind.br\/novosite\/wp-content\/uploads\/2023\/12\/Tabela-Comparativa-de-Equipamentos-MOX100-SOP100-1-300x300.png 300w, https:\/\/neos.ind.br\/novosite\/wp-content\/uploads\/2023\/12\/Tabela-Comparativa-de-Equipamentos-MOX100-SOP100-1-1024x1024.png 1024w, https:\/\/neos.ind.br\/novosite\/wp-content\/uploads\/2023\/12\/Tabela-Comparativa-de-Equipamentos-MOX100-SOP100-1-150x150.png 150w, https:\/\/neos.ind.br\/novosite\/wp-content\/uploads\/2023\/12\/Tabela-Comparativa-de-Equipamentos-MOX100-SOP100-1-768x768.png 768w, https:\/\/neos.ind.br\/novosite\/wp-content\/uploads\/2023\/12\/Tabela-Comparativa-de-Equipamentos-MOX100-SOP100-1-1536x1536.png 1536w, https:\/\/neos.ind.br\/novosite\/wp-content\/uploads\/2023\/12\/Tabela-Comparativa-de-Equipamentos-MOX100-SOP100-1-600x600.png 600w, https:\/\/neos.ind.br\/novosite\/wp-content\/uploads\/2023\/12\/Tabela-Comparativa-de-Equipamentos-MOX100-SOP100-1-100x100.png 100w, https:\/\/neos.ind.br\/novosite\/wp-content\/uploads\/2023\/12\/Tabela-Comparativa-de-Equipamentos-MOX100-SOP100-1.png 1772w\" sizes=\"(max-width: 661px) 100vw, 661px\" \/><\/p>\n<p>&nbsp;<\/p>\n<p><a href=\"http:\/\/www-neos-ind-br.rds.land\/ficha-tecnica-sop100\"><strong>Baixe as especifica\u00e7\u00f5es t\u00e9cnicas do SOP100<\/strong><\/a><\/p>\n<p><a href=\"http:\/\/www-neos-ind-br.rds.land\/ficha-tecnica-sop100\"><img decoding=\"async\" class=\"alignnone wp-image-3371\" src=\"https:\/\/neos.ind.brwp-content\/uploads\/2023\/04\/sop100-212x300.jpg\" alt=\"\" width=\"160\" height=\"226\" srcset=\"https:\/\/neos.ind.br\/novosite\/wp-content\/uploads\/2023\/04\/sop100-212x300.jpg 212w, https:\/\/neos.ind.br\/novosite\/wp-content\/uploads\/2023\/04\/sop100.jpg 393w\" sizes=\"(max-width: 160px) 100vw, 160px\" \/><\/a><\/p>\n<p>&nbsp;<\/p>\n<h3><a href=\"http:\/\/www-neos-ind-br.rds.land\/ficha-tecnica-sop100\"><strong>Clique aqui!<\/strong><\/a><\/h3>\n","protected":false},"excerpt":{"rendered":"<p><span style=\"color: #33cccc;\"><strong><a style=\"color: #33cccc;\" href=\"https:\/\/www.youtube.com\/watch?v=BDhP9rbHKh4\">Clique para assistir o v\u00eddeo do produto<\/a><\/strong><\/span><\/p>\n","protected":false},"featured_media":4577,"comment_status":"closed","ping_status":"closed","template":"","meta":{"_acf_changed":false},"product_cat":[24,68],"product_tag":[],"class_list":{"0":"post-3576","1":"product","2":"type-product","3":"status-publish","4":"has-post-thumbnail","6":"product_cat-todos","7":"product_cat-simulador-de-paciente","9":"first","10":"instock","11":"downloadable","12":"shipping-taxable","13":"purchasable","14":"product-type-simple"},"acf":[],"yoast_head":"<!-- This site is optimized with the Yoast SEO plugin v22.3 - https:\/\/yoast.com\/wordpress\/plugins\/seo\/ -->\n<title>SOP100 - N\u00e9os<\/title>\n<meta name=\"robots\" content=\"index, follow, max-snippet:-1, max-image-preview:large, max-video-preview:-1\" \/>\n<link rel=\"canonical\" href=\"https:\/\/neos.ind.br\/novosite\/produto\/sop100\/\" \/>\n<meta property=\"og:locale\" content=\"pt_BR\" \/>\n<meta property=\"og:type\" content=\"article\" \/>\n<meta property=\"og:title\" content=\"SOP100 - N\u00e9os\" \/>\n<meta property=\"og:description\" content=\"Clique para assistir o v\u00eddeo do produto\" \/>\n<meta property=\"og:url\" content=\"https:\/\/neos.ind.br\/novosite\/produto\/sop100\/\" \/>\n<meta property=\"og:site_name\" content=\"N\u00e9os\" \/>\n<meta property=\"article:modified_time\" content=\"2024-04-26T16:13:29+00:00\" \/>\n<meta property=\"og:image\" content=\"https:\/\/neos.ind.br\/novosite\/wp-content\/uploads\/2023\/07\/SOP100-1-scaled.jpg\" \/>\n\t<meta property=\"og:image:width\" content=\"2560\" \/>\n\t<meta property=\"og:image:height\" content=\"2560\" \/>\n\t<meta property=\"og:image:type\" content=\"image\/jpeg\" \/>\n<meta name=\"twitter:card\" content=\"summary_large_image\" \/>\n<meta name=\"twitter:label1\" content=\"Est. tempo de leitura\" \/>\n\t<meta name=\"twitter:data1\" content=\"2 minutos\" \/>\n<script type=\"application\/ld+json\" class=\"yoast-schema-graph\">{\"@context\":\"https:\/\/schema.org\",\"@graph\":[{\"@type\":\"WebPage\",\"@id\":\"https:\/\/neos.ind.br\/novosite\/produto\/sop100\/\",\"url\":\"https:\/\/neos.ind.br\/novosite\/produto\/sop100\/\",\"name\":\"SOP100 - N\u00e9os\",\"isPartOf\":{\"@id\":\"https:\/\/neos.ind.br\/novosite\/#website\"},\"primaryImageOfPage\":{\"@id\":\"https:\/\/neos.ind.br\/novosite\/produto\/sop100\/#primaryimage\"},\"image\":{\"@id\":\"https:\/\/neos.ind.br\/novosite\/produto\/sop100\/#primaryimage\"},\"thumbnailUrl\":\"https:\/\/neos.ind.br\/novosite\/wp-content\/uploads\/2023\/07\/SOP100-1-scaled.jpg\",\"datePublished\":\"2023-07-07T19:29:41+00:00\",\"dateModified\":\"2024-04-26T16:13:29+00:00\",\"breadcrumb\":{\"@id\":\"https:\/\/neos.ind.br\/novosite\/produto\/sop100\/#breadcrumb\"},\"inLanguage\":\"pt-BR\",\"potentialAction\":[{\"@type\":\"ReadAction\",\"target\":[\"https:\/\/neos.ind.br\/novosite\/produto\/sop100\/\"]}]},{\"@type\":\"ImageObject\",\"inLanguage\":\"pt-BR\",\"@id\":\"https:\/\/neos.ind.br\/novosite\/produto\/sop100\/#primaryimage\",\"url\":\"https:\/\/neos.ind.br\/novosite\/wp-content\/uploads\/2023\/07\/SOP100-1-scaled.jpg\",\"contentUrl\":\"https:\/\/neos.ind.br\/novosite\/wp-content\/uploads\/2023\/07\/SOP100-1-scaled.jpg\",\"width\":2560,\"height\":2560},{\"@type\":\"BreadcrumbList\",\"@id\":\"https:\/\/neos.ind.br\/novosite\/produto\/sop100\/#breadcrumb\",\"itemListElement\":[{\"@type\":\"ListItem\",\"position\":1,\"name\":\"In\u00edcio\",\"item\":\"https:\/\/neos.ind.br\/novosite\/\"},{\"@type\":\"ListItem\",\"position\":2,\"name\":\"Produtos\",\"item\":\"https:\/\/neos.ind.br\/novosite\/produtos\/\"},{\"@type\":\"ListItem\",\"position\":3,\"name\":\"SOP100\"}]},{\"@type\":\"WebSite\",\"@id\":\"https:\/\/neos.ind.br\/novosite\/#website\",\"url\":\"https:\/\/neos.ind.br\/novosite\/\",\"name\":\"N\u00e9os\",\"description\":\"\",\"publisher\":{\"@id\":\"https:\/\/neos.ind.br\/novosite\/#organization\"},\"potentialAction\":[{\"@type\":\"SearchAction\",\"target\":{\"@type\":\"EntryPoint\",\"urlTemplate\":\"https:\/\/neos.ind.br\/novosite\/?s={search_term_string}\"},\"query-input\":\"required name=search_term_string\"}],\"inLanguage\":\"pt-BR\"},{\"@type\":\"Organization\",\"@id\":\"https:\/\/neos.ind.br\/novosite\/#organization\",\"name\":\"N\u00e9os\",\"url\":\"https:\/\/neos.ind.br\/novosite\/\",\"logo\":{\"@type\":\"ImageObject\",\"inLanguage\":\"pt-BR\",\"@id\":\"https:\/\/neos.ind.br\/novosite\/#\/schema\/logo\/image\/\",\"url\":\"https:\/\/neos.ind.br\/novosite\/wp-content\/uploads\/2023\/07\/logo-topo.png\",\"contentUrl\":\"https:\/\/neos.ind.br\/novosite\/wp-content\/uploads\/2023\/07\/logo-topo.png\",\"width\":147,\"height\":66,\"caption\":\"N\u00e9os\"},\"image\":{\"@id\":\"https:\/\/neos.ind.br\/novosite\/#\/schema\/logo\/image\/\"}}]}<\/script>\n<!-- \/ Yoast SEO plugin. -->","yoast_head_json":{"title":"SOP100 - N\u00e9os","robots":{"index":"index","follow":"follow","max-snippet":"max-snippet:-1","max-image-preview":"max-image-preview:large","max-video-preview":"max-video-preview:-1"},"canonical":"https:\/\/neos.ind.br\/novosite\/produto\/sop100\/","og_locale":"pt_BR","og_type":"article","og_title":"SOP100 - N\u00e9os","og_description":"Clique para assistir o v\u00eddeo do produto","og_url":"https:\/\/neos.ind.br\/novosite\/produto\/sop100\/","og_site_name":"N\u00e9os","article_modified_time":"2024-04-26T16:13:29+00:00","og_image":[{"width":2560,"height":2560,"url":"https:\/\/neos.ind.br\/novosite\/wp-content\/uploads\/2023\/07\/SOP100-1-scaled.jpg","type":"image\/jpeg"}],"twitter_card":"summary_large_image","twitter_misc":{"Est. tempo de leitura":"2 minutos"},"schema":{"@context":"https:\/\/schema.org","@graph":[{"@type":"WebPage","@id":"https:\/\/neos.ind.br\/novosite\/produto\/sop100\/","url":"https:\/\/neos.ind.br\/novosite\/produto\/sop100\/","name":"SOP100 - N\u00e9os","isPartOf":{"@id":"https:\/\/neos.ind.br\/novosite\/#website"},"primaryImageOfPage":{"@id":"https:\/\/neos.ind.br\/novosite\/produto\/sop100\/#primaryimage"},"image":{"@id":"https:\/\/neos.ind.br\/novosite\/produto\/sop100\/#primaryimage"},"thumbnailUrl":"https:\/\/neos.ind.br\/novosite\/wp-content\/uploads\/2023\/07\/SOP100-1-scaled.jpg","datePublished":"2023-07-07T19:29:41+00:00","dateModified":"2024-04-26T16:13:29+00:00","breadcrumb":{"@id":"https:\/\/neos.ind.br\/novosite\/produto\/sop100\/#breadcrumb"},"inLanguage":"pt-BR","potentialAction":[{"@type":"ReadAction","target":["https:\/\/neos.ind.br\/novosite\/produto\/sop100\/"]}]},{"@type":"ImageObject","inLanguage":"pt-BR","@id":"https:\/\/neos.ind.br\/novosite\/produto\/sop100\/#primaryimage","url":"https:\/\/neos.ind.br\/novosite\/wp-content\/uploads\/2023\/07\/SOP100-1-scaled.jpg","contentUrl":"https:\/\/neos.ind.br\/novosite\/wp-content\/uploads\/2023\/07\/SOP100-1-scaled.jpg","width":2560,"height":2560},{"@type":"BreadcrumbList","@id":"https:\/\/neos.ind.br\/novosite\/produto\/sop100\/#breadcrumb","itemListElement":[{"@type":"ListItem","position":1,"name":"In\u00edcio","item":"https:\/\/neos.ind.br\/novosite\/"},{"@type":"ListItem","position":2,"name":"Produtos","item":"https:\/\/neos.ind.br\/novosite\/produtos\/"},{"@type":"ListItem","position":3,"name":"SOP100"}]},{"@type":"WebSite","@id":"https:\/\/neos.ind.br\/novosite\/#website","url":"https:\/\/neos.ind.br\/novosite\/","name":"N\u00e9os","description":"","publisher":{"@id":"https:\/\/neos.ind.br\/novosite\/#organization"},"potentialAction":[{"@type":"SearchAction","target":{"@type":"EntryPoint","urlTemplate":"https:\/\/neos.ind.br\/novosite\/?s={search_term_string}"},"query-input":"required name=search_term_string"}],"inLanguage":"pt-BR"},{"@type":"Organization","@id":"https:\/\/neos.ind.br\/novosite\/#organization","name":"N\u00e9os","url":"https:\/\/neos.ind.br\/novosite\/","logo":{"@type":"ImageObject","inLanguage":"pt-BR","@id":"https:\/\/neos.ind.br\/novosite\/#\/schema\/logo\/image\/","url":"https:\/\/neos.ind.br\/novosite\/wp-content\/uploads\/2023\/07\/logo-topo.png","contentUrl":"https:\/\/neos.ind.br\/novosite\/wp-content\/uploads\/2023\/07\/logo-topo.png","width":147,"height":66,"caption":"N\u00e9os"},"image":{"@id":"https:\/\/neos.ind.br\/novosite\/#\/schema\/logo\/image\/"}}]}},"_links":{"self":[{"href":"https:\/\/neos.ind.br\/novosite\/wp-json\/wp\/v2\/product\/3576","targetHints":{"allow":["GET"]}}],"collection":[{"href":"https:\/\/neos.ind.br\/novosite\/wp-json\/wp\/v2\/product"}],"about":[{"href":"https:\/\/neos.ind.br\/novosite\/wp-json\/wp\/v2\/types\/product"}],"replies":[{"embeddable":true,"href":"https:\/\/neos.ind.br\/novosite\/wp-json\/wp\/v2\/comments?post=3576"}],"version-history":[{"count":7,"href":"https:\/\/neos.ind.br\/novosite\/wp-json\/wp\/v2\/product\/3576\/revisions"}],"predecessor-version":[{"id":4834,"href":"https:\/\/neos.ind.br\/novosite\/wp-json\/wp\/v2\/product\/3576\/revisions\/4834"}],"wp:featuredmedia":[{"embeddable":true,"href":"https:\/\/neos.ind.br\/novosite\/wp-json\/wp\/v2\/media\/4577"}],"wp:attachment":[{"href":"https:\/\/neos.ind.br\/novosite\/wp-json\/wp\/v2\/media?parent=3576"}],"wp:term":[{"taxonomy":"product_cat","embeddable":true,"href":"https:\/\/neos.ind.br\/novosite\/wp-json\/wp\/v2\/product_cat?post=3576"},{"taxonomy":"product_tag","embeddable":true,"href":"https:\/\/neos.ind.br\/novosite\/wp-json\/wp\/v2\/product_tag?post=3576"}],"curies":[{"name":"wp","href":"https:\/\/api.w.org\/{rel}","templated":true}]}}