{"id":3577,"date":"2023-07-07T16:29:41","date_gmt":"2023-07-07T19:29:41","guid":{"rendered":"https:\/\/neos.ind.br\/novosite\/?post_type=product&#038;p=3577"},"modified":"2024-04-18T11:54:11","modified_gmt":"2024-04-18T14:54:11","slug":"spk100","status":"publish","type":"product","link":"https:\/\/neos.ind.br\/novosite\/produto\/spk100\/","title":{"rendered":"SPK100"},"content":{"rendered":"<h3 class=\"cor1\">Simulador Multiparam\u00e9trico<\/h3>\n<p>O SPK100 \u00e9 utilizado para ensaios em monitores multiparam\u00e9tricos. Simula press\u00e3o invasiva, press\u00e3o est\u00e1tica, temperatura, respira\u00e7\u00e3o, ECG, sinais de teste e arritmias. Possui um canal para conex\u00e3o de m\u00f3dulos acess\u00f3rios da N\u00e9os, tais como MDC100, MOX100 e SOP100. Analisa ainda press\u00e3o est\u00e1tica e vazamento de sistema.<\/p>\n<p>&nbsp;<\/p>\n<h3 class=\"cor1\">Acess\u00f3rios Inclusos no Produto<\/h3>\n<p><img fetchpriority=\"high\" decoding=\"async\" class=\"alignnone wp-image-4763\" src=\"https:\/\/neos.ind.br\/novosite\/wp-content\/uploads\/2023\/07\/Kit-SPK100-300x300.png\" alt=\"\" width=\"496\" height=\"496\" srcset=\"https:\/\/neos.ind.br\/novosite\/wp-content\/uploads\/2023\/07\/Kit-SPK100-300x300.png 300w, https:\/\/neos.ind.br\/novosite\/wp-content\/uploads\/2023\/07\/Kit-SPK100-1024x1024.png 1024w, https:\/\/neos.ind.br\/novosite\/wp-content\/uploads\/2023\/07\/Kit-SPK100-150x150.png 150w, https:\/\/neos.ind.br\/novosite\/wp-content\/uploads\/2023\/07\/Kit-SPK100-768x768.png 768w, https:\/\/neos.ind.br\/novosite\/wp-content\/uploads\/2023\/07\/Kit-SPK100-1536x1536.png 1536w, https:\/\/neos.ind.br\/novosite\/wp-content\/uploads\/2023\/07\/Kit-SPK100-600x600.png 600w, https:\/\/neos.ind.br\/novosite\/wp-content\/uploads\/2023\/07\/Kit-SPK100-100x100.png 100w, https:\/\/neos.ind.br\/novosite\/wp-content\/uploads\/2023\/07\/Kit-SPK100.png 1772w\" sizes=\"(max-width: 496px) 100vw, 496px\" \/><\/p>\n<p>&nbsp;<\/p>\n<h3 class=\"cor1\">Caracter\u00edsticas Gerais<\/h3>\n<ul class=\"p-bottom-large\">\n<li>Press\u00e3o invasiva;<\/li>\n<li>Teste de vazamento;<\/li>\n<li>Simulador de ECG, com ritmos sinusais em diversas frequ\u00eancias e amplitudes, 25 arritmias e diversos sinais de teste;<\/li>\n<li>Simulador de temperatura;<\/li>\n<li>Simulador de respira\u00e7\u00e3o;<\/li>\n<li>Opera a bateria com autonomia de 10 a 20 horas;<\/li>\n<li>Tela t\u00e1ctil;<\/li>\n<\/ul>\n<p><img decoding=\"async\" class=\"alignnone  wp-image-5225\" src=\"https:\/\/neos.ind.br\/novosite\/wp-content\/uploads\/2023\/07\/Tabela-comparativa-APE100-PNI100-SMP100-SPK100-JAU200-300x300.png\" alt=\"\" width=\"671\" height=\"671\" srcset=\"https:\/\/neos.ind.br\/novosite\/wp-content\/uploads\/2023\/07\/Tabela-comparativa-APE100-PNI100-SMP100-SPK100-JAU200-300x300.png 300w, https:\/\/neos.ind.br\/novosite\/wp-content\/uploads\/2023\/07\/Tabela-comparativa-APE100-PNI100-SMP100-SPK100-JAU200-1024x1024.png 1024w, https:\/\/neos.ind.br\/novosite\/wp-content\/uploads\/2023\/07\/Tabela-comparativa-APE100-PNI100-SMP100-SPK100-JAU200-150x150.png 150w, https:\/\/neos.ind.br\/novosite\/wp-content\/uploads\/2023\/07\/Tabela-comparativa-APE100-PNI100-SMP100-SPK100-JAU200-768x768.png 768w, https:\/\/neos.ind.br\/novosite\/wp-content\/uploads\/2023\/07\/Tabela-comparativa-APE100-PNI100-SMP100-SPK100-JAU200-1536x1536.png 1536w, https:\/\/neos.ind.br\/novosite\/wp-content\/uploads\/2023\/07\/Tabela-comparativa-APE100-PNI100-SMP100-SPK100-JAU200-600x600.png 600w, https:\/\/neos.ind.br\/novosite\/wp-content\/uploads\/2023\/07\/Tabela-comparativa-APE100-PNI100-SMP100-SPK100-JAU200-100x100.png 100w, https:\/\/neos.ind.br\/novosite\/wp-content\/uploads\/2023\/07\/Tabela-comparativa-APE100-PNI100-SMP100-SPK100-JAU200.png 1772w\" sizes=\"(max-width: 671px) 100vw, 671px\" \/><\/p>\n<p>&nbsp;<\/p>\n<p><strong><a href=\"http:\/\/www-neos-ind-br.rds.land\/ficha-tecnica-spk100\">Baixe aqui as especifica\u00e7\u00f5es t\u00e9cnicas do SPK100<\/a><\/strong><\/p>\n<p><a href=\"http:\/\/www-neos-ind-br.rds.land\/ficha-tecnica-spk100\"><img decoding=\"async\" class=\"alignnone wp-image-3354\" src=\"https:\/\/neos.ind.brwp-content\/uploads\/2023\/04\/SPK-100-210x300.jpg\" alt=\"\" width=\"169\" height=\"241\" srcset=\"https:\/\/neos.ind.br\/novosite\/wp-content\/uploads\/2023\/04\/SPK-100-210x300.jpg 210w, https:\/\/neos.ind.br\/novosite\/wp-content\/uploads\/2023\/04\/SPK-100.jpg 390w\" sizes=\"(max-width: 169px) 100vw, 169px\" \/><\/a><\/p>\n<h3><a href=\"http:\/\/www-neos-ind-br.rds.land\/ficha-tecnica-spk100\"><strong>Clique aqui!<\/strong><\/a><\/h3>\n","protected":false},"excerpt":{"rendered":"<p>Simulador Multiparam\u00e9trico O SPK100 \u00e9 utilizado para ensaios em monitores multiparam\u00e9tricos. Simula press\u00e3o invasiva, press\u00e3o est\u00e1tica, temperatura, respira\u00e7\u00e3o, ECG, sinais de teste e arritmias. Possui um canal para conex\u00e3o de m\u00f3dulos acess\u00f3rios da N\u00e9os, tais como MDC100, MOX100 e SOP100. Analisa ainda press\u00e3o est\u00e1tica e vazamento de sistema. &nbsp; Acess\u00f3rios Inclusos no Produto &nbsp; Caracter\u00edsticas [&hellip;]<\/p>\n","protected":false},"featured_media":4583,"comment_status":"closed","ping_status":"closed","template":"","meta":{"_acf_changed":false},"product_cat":[24,68],"product_tag":[],"class_list":{"0":"post-3577","1":"product","2":"type-product","3":"status-publish","4":"has-post-thumbnail","6":"product_cat-todos","7":"product_cat-simulador-de-paciente","9":"first","10":"instock","11":"downloadable","12":"shipping-taxable","13":"purchasable","14":"product-type-simple"},"acf":[],"yoast_head":"<!-- This site is optimized with the Yoast SEO plugin v22.3 - https:\/\/yoast.com\/wordpress\/plugins\/seo\/ -->\n<title>SPK100 - N\u00e9os<\/title>\n<meta name=\"robots\" content=\"index, follow, max-snippet:-1, max-image-preview:large, max-video-preview:-1\" \/>\n<link rel=\"canonical\" href=\"https:\/\/neos.ind.br\/novosite\/produto\/spk100\/\" \/>\n<meta property=\"og:locale\" content=\"pt_BR\" \/>\n<meta property=\"og:type\" content=\"article\" \/>\n<meta property=\"og:title\" content=\"SPK100 - N\u00e9os\" \/>\n<meta property=\"og:description\" content=\"Simulador Multiparam\u00e9trico O SPK100 \u00e9 utilizado para ensaios em monitores multiparam\u00e9tricos. Simula press\u00e3o invasiva, press\u00e3o est\u00e1tica, temperatura, respira\u00e7\u00e3o, ECG, sinais de teste e arritmias. Possui um canal para conex\u00e3o de m\u00f3dulos acess\u00f3rios da N\u00e9os, tais como MDC100, MOX100 e SOP100. Analisa ainda press\u00e3o est\u00e1tica e vazamento de sistema. &nbsp; Acess\u00f3rios Inclusos no Produto &nbsp; Caracter\u00edsticas [&hellip;]\" \/>\n<meta property=\"og:url\" content=\"https:\/\/neos.ind.br\/novosite\/produto\/spk100\/\" \/>\n<meta property=\"og:site_name\" content=\"N\u00e9os\" \/>\n<meta property=\"article:modified_time\" content=\"2024-04-18T14:54:11+00:00\" \/>\n<meta property=\"og:image\" content=\"https:\/\/neos.ind.br\/novosite\/wp-content\/uploads\/2023\/07\/SPK100-1-scaled.jpg\" \/>\n\t<meta property=\"og:image:width\" content=\"2560\" \/>\n\t<meta property=\"og:image:height\" content=\"2560\" \/>\n\t<meta property=\"og:image:type\" content=\"image\/jpeg\" \/>\n<meta name=\"twitter:card\" content=\"summary_large_image\" \/>\n<meta name=\"twitter:label1\" content=\"Est. tempo de leitura\" \/>\n\t<meta name=\"twitter:data1\" content=\"2 minutos\" \/>\n<script type=\"application\/ld+json\" class=\"yoast-schema-graph\">{\"@context\":\"https:\/\/schema.org\",\"@graph\":[{\"@type\":\"WebPage\",\"@id\":\"https:\/\/neos.ind.br\/novosite\/produto\/spk100\/\",\"url\":\"https:\/\/neos.ind.br\/novosite\/produto\/spk100\/\",\"name\":\"SPK100 - N\u00e9os\",\"isPartOf\":{\"@id\":\"https:\/\/neos.ind.br\/novosite\/#website\"},\"primaryImageOfPage\":{\"@id\":\"https:\/\/neos.ind.br\/novosite\/produto\/spk100\/#primaryimage\"},\"image\":{\"@id\":\"https:\/\/neos.ind.br\/novosite\/produto\/spk100\/#primaryimage\"},\"thumbnailUrl\":\"https:\/\/neos.ind.br\/novosite\/wp-content\/uploads\/2023\/07\/SPK100-1-scaled.jpg\",\"datePublished\":\"2023-07-07T19:29:41+00:00\",\"dateModified\":\"2024-04-18T14:54:11+00:00\",\"breadcrumb\":{\"@id\":\"https:\/\/neos.ind.br\/novosite\/produto\/spk100\/#breadcrumb\"},\"inLanguage\":\"pt-BR\",\"potentialAction\":[{\"@type\":\"ReadAction\",\"target\":[\"https:\/\/neos.ind.br\/novosite\/produto\/spk100\/\"]}]},{\"@type\":\"ImageObject\",\"inLanguage\":\"pt-BR\",\"@id\":\"https:\/\/neos.ind.br\/novosite\/produto\/spk100\/#primaryimage\",\"url\":\"https:\/\/neos.ind.br\/novosite\/wp-content\/uploads\/2023\/07\/SPK100-1-scaled.jpg\",\"contentUrl\":\"https:\/\/neos.ind.br\/novosite\/wp-content\/uploads\/2023\/07\/SPK100-1-scaled.jpg\",\"width\":2560,\"height\":2560},{\"@type\":\"BreadcrumbList\",\"@id\":\"https:\/\/neos.ind.br\/novosite\/produto\/spk100\/#breadcrumb\",\"itemListElement\":[{\"@type\":\"ListItem\",\"position\":1,\"name\":\"In\u00edcio\",\"item\":\"https:\/\/neos.ind.br\/novosite\/\"},{\"@type\":\"ListItem\",\"position\":2,\"name\":\"Produtos\",\"item\":\"https:\/\/neos.ind.br\/novosite\/produtos\/\"},{\"@type\":\"ListItem\",\"position\":3,\"name\":\"SPK100\"}]},{\"@type\":\"WebSite\",\"@id\":\"https:\/\/neos.ind.br\/novosite\/#website\",\"url\":\"https:\/\/neos.ind.br\/novosite\/\",\"name\":\"N\u00e9os\",\"description\":\"\",\"publisher\":{\"@id\":\"https:\/\/neos.ind.br\/novosite\/#organization\"},\"potentialAction\":[{\"@type\":\"SearchAction\",\"target\":{\"@type\":\"EntryPoint\",\"urlTemplate\":\"https:\/\/neos.ind.br\/novosite\/?s={search_term_string}\"},\"query-input\":\"required name=search_term_string\"}],\"inLanguage\":\"pt-BR\"},{\"@type\":\"Organization\",\"@id\":\"https:\/\/neos.ind.br\/novosite\/#organization\",\"name\":\"N\u00e9os\",\"url\":\"https:\/\/neos.ind.br\/novosite\/\",\"logo\":{\"@type\":\"ImageObject\",\"inLanguage\":\"pt-BR\",\"@id\":\"https:\/\/neos.ind.br\/novosite\/#\/schema\/logo\/image\/\",\"url\":\"https:\/\/neos.ind.br\/novosite\/wp-content\/uploads\/2023\/07\/logo-topo.png\",\"contentUrl\":\"https:\/\/neos.ind.br\/novosite\/wp-content\/uploads\/2023\/07\/logo-topo.png\",\"width\":147,\"height\":66,\"caption\":\"N\u00e9os\"},\"image\":{\"@id\":\"https:\/\/neos.ind.br\/novosite\/#\/schema\/logo\/image\/\"}}]}<\/script>\n<!-- \/ Yoast SEO plugin. -->","yoast_head_json":{"title":"SPK100 - N\u00e9os","robots":{"index":"index","follow":"follow","max-snippet":"max-snippet:-1","max-image-preview":"max-image-preview:large","max-video-preview":"max-video-preview:-1"},"canonical":"https:\/\/neos.ind.br\/novosite\/produto\/spk100\/","og_locale":"pt_BR","og_type":"article","og_title":"SPK100 - N\u00e9os","og_description":"Simulador Multiparam\u00e9trico O SPK100 \u00e9 utilizado para ensaios em monitores multiparam\u00e9tricos. Simula press\u00e3o invasiva, press\u00e3o est\u00e1tica, temperatura, respira\u00e7\u00e3o, ECG, sinais de teste e arritmias. Possui um canal para conex\u00e3o de m\u00f3dulos acess\u00f3rios da N\u00e9os, tais como MDC100, MOX100 e SOP100. Analisa ainda press\u00e3o est\u00e1tica e vazamento de sistema. &nbsp; Acess\u00f3rios Inclusos no Produto &nbsp; Caracter\u00edsticas [&hellip;]","og_url":"https:\/\/neos.ind.br\/novosite\/produto\/spk100\/","og_site_name":"N\u00e9os","article_modified_time":"2024-04-18T14:54:11+00:00","og_image":[{"width":2560,"height":2560,"url":"https:\/\/neos.ind.br\/novosite\/wp-content\/uploads\/2023\/07\/SPK100-1-scaled.jpg","type":"image\/jpeg"}],"twitter_card":"summary_large_image","twitter_misc":{"Est. tempo de leitura":"2 minutos"},"schema":{"@context":"https:\/\/schema.org","@graph":[{"@type":"WebPage","@id":"https:\/\/neos.ind.br\/novosite\/produto\/spk100\/","url":"https:\/\/neos.ind.br\/novosite\/produto\/spk100\/","name":"SPK100 - N\u00e9os","isPartOf":{"@id":"https:\/\/neos.ind.br\/novosite\/#website"},"primaryImageOfPage":{"@id":"https:\/\/neos.ind.br\/novosite\/produto\/spk100\/#primaryimage"},"image":{"@id":"https:\/\/neos.ind.br\/novosite\/produto\/spk100\/#primaryimage"},"thumbnailUrl":"https:\/\/neos.ind.br\/novosite\/wp-content\/uploads\/2023\/07\/SPK100-1-scaled.jpg","datePublished":"2023-07-07T19:29:41+00:00","dateModified":"2024-04-18T14:54:11+00:00","breadcrumb":{"@id":"https:\/\/neos.ind.br\/novosite\/produto\/spk100\/#breadcrumb"},"inLanguage":"pt-BR","potentialAction":[{"@type":"ReadAction","target":["https:\/\/neos.ind.br\/novosite\/produto\/spk100\/"]}]},{"@type":"ImageObject","inLanguage":"pt-BR","@id":"https:\/\/neos.ind.br\/novosite\/produto\/spk100\/#primaryimage","url":"https:\/\/neos.ind.br\/novosite\/wp-content\/uploads\/2023\/07\/SPK100-1-scaled.jpg","contentUrl":"https:\/\/neos.ind.br\/novosite\/wp-content\/uploads\/2023\/07\/SPK100-1-scaled.jpg","width":2560,"height":2560},{"@type":"BreadcrumbList","@id":"https:\/\/neos.ind.br\/novosite\/produto\/spk100\/#breadcrumb","itemListElement":[{"@type":"ListItem","position":1,"name":"In\u00edcio","item":"https:\/\/neos.ind.br\/novosite\/"},{"@type":"ListItem","position":2,"name":"Produtos","item":"https:\/\/neos.ind.br\/novosite\/produtos\/"},{"@type":"ListItem","position":3,"name":"SPK100"}]},{"@type":"WebSite","@id":"https:\/\/neos.ind.br\/novosite\/#website","url":"https:\/\/neos.ind.br\/novosite\/","name":"N\u00e9os","description":"","publisher":{"@id":"https:\/\/neos.ind.br\/novosite\/#organization"},"potentialAction":[{"@type":"SearchAction","target":{"@type":"EntryPoint","urlTemplate":"https:\/\/neos.ind.br\/novosite\/?s={search_term_string}"},"query-input":"required name=search_term_string"}],"inLanguage":"pt-BR"},{"@type":"Organization","@id":"https:\/\/neos.ind.br\/novosite\/#organization","name":"N\u00e9os","url":"https:\/\/neos.ind.br\/novosite\/","logo":{"@type":"ImageObject","inLanguage":"pt-BR","@id":"https:\/\/neos.ind.br\/novosite\/#\/schema\/logo\/image\/","url":"https:\/\/neos.ind.br\/novosite\/wp-content\/uploads\/2023\/07\/logo-topo.png","contentUrl":"https:\/\/neos.ind.br\/novosite\/wp-content\/uploads\/2023\/07\/logo-topo.png","width":147,"height":66,"caption":"N\u00e9os"},"image":{"@id":"https:\/\/neos.ind.br\/novosite\/#\/schema\/logo\/image\/"}}]}},"_links":{"self":[{"href":"https:\/\/neos.ind.br\/novosite\/wp-json\/wp\/v2\/product\/3577","targetHints":{"allow":["GET"]}}],"collection":[{"href":"https:\/\/neos.ind.br\/novosite\/wp-json\/wp\/v2\/product"}],"about":[{"href":"https:\/\/neos.ind.br\/novosite\/wp-json\/wp\/v2\/types\/product"}],"replies":[{"embeddable":true,"href":"https:\/\/neos.ind.br\/novosite\/wp-json\/wp\/v2\/comments?post=3577"}],"version-history":[{"count":7,"href":"https:\/\/neos.ind.br\/novosite\/wp-json\/wp\/v2\/product\/3577\/revisions"}],"predecessor-version":[{"id":5231,"href":"https:\/\/neos.ind.br\/novosite\/wp-json\/wp\/v2\/product\/3577\/revisions\/5231"}],"wp:featuredmedia":[{"embeddable":true,"href":"https:\/\/neos.ind.br\/novosite\/wp-json\/wp\/v2\/media\/4583"}],"wp:attachment":[{"href":"https:\/\/neos.ind.br\/novosite\/wp-json\/wp\/v2\/media?parent=3577"}],"wp:term":[{"taxonomy":"product_cat","embeddable":true,"href":"https:\/\/neos.ind.br\/novosite\/wp-json\/wp\/v2\/product_cat?post=3577"},{"taxonomy":"product_tag","embeddable":true,"href":"https:\/\/neos.ind.br\/novosite\/wp-json\/wp\/v2\/product_tag?post=3577"}],"curies":[{"name":"wp","href":"https:\/\/api.w.org\/{rel}","templated":true}]}}