{"id":3582,"date":"2023-07-07T16:29:42","date_gmt":"2023-07-07T19:29:42","guid":{"rendered":"https:\/\/neos.ind.br\/novosite\/?post_type=product&#038;p=3582"},"modified":"2024-05-06T17:38:46","modified_gmt":"2024-05-06T20:38:46","slug":"jau200","status":"publish","type":"product","link":"https:\/\/neos.ind.br\/novosite\/produto\/jau200\/","title":{"rendered":"JAU200"},"content":{"rendered":"<h3 class=\"cor1\">Analisador de Desfibrilador e Marca-passo<\/h3>\n<div class=\"do-portfolio-single-page-content-wrapper col-md-8 col-sm-8 col-xs-12\">\n<div class=\"do-portfolio-single-page-content\">\n<div class=\"do-single-portfolio-details\">\n<div class=\"do-image-details\">\n<p>O JAU200 \u00e9 utilizado para ensaios em cardioversores, desfibriladores, DEAs, eletrocardi\u00f3grafos e monitores card\u00edacos. Testa equipamentos bif\u00e1sicos e monof\u00e1sicos. Seu uso \u00e9 baseado na norma ABNT NBR IEC 60601-2-4:2014, que estabelece requisitos particulares para a seguran\u00e7a b\u00e1sica e o desempenho essencial de desfibriladores card\u00edacos.<\/p>\n<p>Ele tamb\u00e9m realiza testes em marca-passos transcut\u00e2neos com varia\u00e7\u00e3o interna de carga de 50\u03a9 a 1.600\u03a9 em passos de 50\u03a9, atendendo a crit\u00e9rios da ABNT NBR IEC 60601-2-31:2014, que aborda prescri\u00e7\u00f5es para a seguran\u00e7a dos marca-passos card\u00edacos externos com alimenta\u00e7\u00e3o el\u00e9trica interna.<\/p>\n<\/div>\n<h3 class=\"cor1\">Acess\u00f3rios Inclusos no Produto<\/h3>\n<p><img fetchpriority=\"high\" decoding=\"async\" class=\"alignnone wp-image-4755\" src=\"https:\/\/neos.ind.br\/novosite\/wp-content\/uploads\/2023\/07\/Kit-JAU200-300x300.png\" alt=\"\" width=\"523\" height=\"523\" srcset=\"https:\/\/neos.ind.br\/novosite\/wp-content\/uploads\/2023\/07\/Kit-JAU200-300x300.png 300w, https:\/\/neos.ind.br\/novosite\/wp-content\/uploads\/2023\/07\/Kit-JAU200-1024x1024.png 1024w, https:\/\/neos.ind.br\/novosite\/wp-content\/uploads\/2023\/07\/Kit-JAU200-150x150.png 150w, https:\/\/neos.ind.br\/novosite\/wp-content\/uploads\/2023\/07\/Kit-JAU200-768x768.png 768w, https:\/\/neos.ind.br\/novosite\/wp-content\/uploads\/2023\/07\/Kit-JAU200-1536x1536.png 1536w, https:\/\/neos.ind.br\/novosite\/wp-content\/uploads\/2023\/07\/Kit-JAU200-600x600.png 600w, https:\/\/neos.ind.br\/novosite\/wp-content\/uploads\/2023\/07\/Kit-JAU200-100x100.png 100w, https:\/\/neos.ind.br\/novosite\/wp-content\/uploads\/2023\/07\/Kit-JAU200.png 1772w\" sizes=\"(max-width: 523px) 100vw, 523px\" \/><\/p>\n<div class=\"do-image-details\">\n<p>&nbsp;<\/p>\n<h3 class=\"cor1\">Caracter\u00edsticas Gerais<\/h3>\n<ul>\n<li>Ideal para marca-passos externos e transcut\u00e2neos;<\/li>\n<li>Par\u00e2metros medidos;<\/li>\n<li>Frequ\u00eancia de pulso (pulse rate) em PPM (pulsos por minuto);<\/li>\n<li>Amplitude de pulso em Miliamperes (mA);<\/li>\n<li>Largura de pulso em milissegundos (ms);<\/li>\n<li>Energia em Joules (J);<\/li>\n<li>Voltagem pico em Volts (V);<\/li>\n<li>Teste de sensibilidade;<\/li>\n<li>Em seu modo padr\u00e3o utiliza carga interna do analisador vari\u00e1vel de 50\u03a9 at\u00e9 1.600\u03a9, em passos de 50\u03a9;<\/li>\n<li>Display gr\u00e1fico e tela t\u00e1ctil que exibe curva de descarga e resultado de testes;<\/li>\n<li>Opera a bateria interna com autonomia de 24 horas (com display em brilho de 30%) ou ligado diretamente \u00e0 rede el\u00e9trica;<\/li>\n<li>Mem\u00f3ria para armazenar 1024 testes e 40 curvas de descarga;<\/li>\n<li>Sa\u00edda de ECG de 12 deriva\u00e7\u00f5es;<\/li>\n<li>Simulador de sinais ECG, arritmias, senoidais, triangulares e quadrados;<\/li>\n<li>Opera no modo manual ou conectado ao computador;<\/li>\n<li>Software de interface com o computador que simplifica trabalho do usu\u00e1rio, gera sequ\u00eancias personalizadas e laudo autom\u00e1tico ap\u00f3s bateria de testes;<\/li>\n<li>Possui carga interna de 50\u03a9, ideal para testes preventivos e p\u00f3s manuten\u00e7\u00e3o;<\/li>\n<\/ul>\n<p><img decoding=\"async\" class=\"alignnone wp-image-5225\" src=\"https:\/\/neos.ind.br\/novosite\/wp-content\/uploads\/2023\/07\/Tabela-comparativa-APE100-PNI100-SMP100-SPK100-JAU200-300x300.png\" alt=\"\" width=\"736\" height=\"736\" srcset=\"https:\/\/neos.ind.br\/novosite\/wp-content\/uploads\/2023\/07\/Tabela-comparativa-APE100-PNI100-SMP100-SPK100-JAU200-300x300.png 300w, https:\/\/neos.ind.br\/novosite\/wp-content\/uploads\/2023\/07\/Tabela-comparativa-APE100-PNI100-SMP100-SPK100-JAU200-1024x1024.png 1024w, https:\/\/neos.ind.br\/novosite\/wp-content\/uploads\/2023\/07\/Tabela-comparativa-APE100-PNI100-SMP100-SPK100-JAU200-150x150.png 150w, https:\/\/neos.ind.br\/novosite\/wp-content\/uploads\/2023\/07\/Tabela-comparativa-APE100-PNI100-SMP100-SPK100-JAU200-768x768.png 768w, https:\/\/neos.ind.br\/novosite\/wp-content\/uploads\/2023\/07\/Tabela-comparativa-APE100-PNI100-SMP100-SPK100-JAU200-1536x1536.png 1536w, https:\/\/neos.ind.br\/novosite\/wp-content\/uploads\/2023\/07\/Tabela-comparativa-APE100-PNI100-SMP100-SPK100-JAU200-600x600.png 600w, https:\/\/neos.ind.br\/novosite\/wp-content\/uploads\/2023\/07\/Tabela-comparativa-APE100-PNI100-SMP100-SPK100-JAU200-100x100.png 100w, https:\/\/neos.ind.br\/novosite\/wp-content\/uploads\/2023\/07\/Tabela-comparativa-APE100-PNI100-SMP100-SPK100-JAU200.png 1772w\" sizes=\"(max-width: 736px) 100vw, 736px\" \/><\/p>\n<\/div>\n<\/div>\n<\/div>\n<\/div>\n<p>&nbsp;<\/p>\n<p><strong><a href=\"https:\/\/materiais.neos.ind.br\/ficha-tecnica-jau200\">Baixar as especifica\u00e7\u00f5es t\u00e9cnicas do JAU200<\/a><\/strong><\/p>\n<p><a href=\"https:\/\/materiais.neos.ind.br\/ficha-tecnica-jau200\"><img decoding=\"async\" class=\"alignnone  wp-image-5280\" src=\"https:\/\/neos.ind.br\/novosite\/wp-content\/uploads\/2023\/07\/JAU200-Especificacao-Tecnica-rev01-20231227-1-300x300.jpg\" alt=\"\" width=\"162\" height=\"179\" \/><\/a><\/p>\n","protected":false},"excerpt":{"rendered":"<p><span style=\"color: #33cccc;\"><strong><a style=\"color: #33cccc;\" href=\"https:\/\/www.youtube.com\/watch?v=-JV9BMLaYm8\">Clique para assistir o v\u00eddeo do produto<\/a><\/strong><\/span><\/p>\n","protected":false},"featured_media":4524,"comment_status":"closed","ping_status":"closed","template":"","meta":{"_acf_changed":false},"product_cat":[24,64,68],"product_tag":[],"class_list":{"0":"post-3582","1":"product","2":"type-product","3":"status-publish","4":"has-post-thumbnail","6":"product_cat-todos","7":"product_cat-analisador-de-desfibrilador-e-mp","8":"product_cat-simulador-de-paciente","10":"first","11":"instock","12":"downloadable","13":"shipping-taxable","14":"purchasable","15":"product-type-simple"},"acf":[],"yoast_head":"<!-- This site is optimized with the Yoast SEO plugin v22.3 - https:\/\/yoast.com\/wordpress\/plugins\/seo\/ -->\n<title>JAU200 - N\u00e9os<\/title>\n<meta name=\"robots\" content=\"index, follow, max-snippet:-1, max-image-preview:large, max-video-preview:-1\" \/>\n<link rel=\"canonical\" href=\"https:\/\/neos.ind.br\/novosite\/produto\/jau200\/\" \/>\n<meta property=\"og:locale\" content=\"pt_BR\" \/>\n<meta property=\"og:type\" content=\"article\" \/>\n<meta property=\"og:title\" content=\"JAU200 - N\u00e9os\" \/>\n<meta property=\"og:description\" content=\"Clique para assistir o v\u00eddeo do produto\" \/>\n<meta property=\"og:url\" content=\"https:\/\/neos.ind.br\/novosite\/produto\/jau200\/\" \/>\n<meta property=\"og:site_name\" content=\"N\u00e9os\" \/>\n<meta property=\"article:modified_time\" content=\"2024-05-06T20:38:46+00:00\" \/>\n<meta property=\"og:image\" content=\"https:\/\/neos.ind.br\/novosite\/wp-content\/uploads\/2023\/07\/JAU200-1-scaled.jpg\" \/>\n\t<meta property=\"og:image:width\" content=\"2560\" \/>\n\t<meta property=\"og:image:height\" content=\"2560\" \/>\n\t<meta property=\"og:image:type\" content=\"image\/jpeg\" \/>\n<meta name=\"twitter:card\" content=\"summary_large_image\" \/>\n<meta name=\"twitter:label1\" content=\"Est. tempo de leitura\" \/>\n\t<meta name=\"twitter:data1\" content=\"3 minutos\" \/>\n<script type=\"application\/ld+json\" class=\"yoast-schema-graph\">{\"@context\":\"https:\/\/schema.org\",\"@graph\":[{\"@type\":\"WebPage\",\"@id\":\"https:\/\/neos.ind.br\/novosite\/produto\/jau200\/\",\"url\":\"https:\/\/neos.ind.br\/novosite\/produto\/jau200\/\",\"name\":\"JAU200 - N\u00e9os\",\"isPartOf\":{\"@id\":\"https:\/\/neos.ind.br\/novosite\/#website\"},\"primaryImageOfPage\":{\"@id\":\"https:\/\/neos.ind.br\/novosite\/produto\/jau200\/#primaryimage\"},\"image\":{\"@id\":\"https:\/\/neos.ind.br\/novosite\/produto\/jau200\/#primaryimage\"},\"thumbnailUrl\":\"https:\/\/neos.ind.br\/novosite\/wp-content\/uploads\/2023\/07\/JAU200-1-scaled.jpg\",\"datePublished\":\"2023-07-07T19:29:42+00:00\",\"dateModified\":\"2024-05-06T20:38:46+00:00\",\"breadcrumb\":{\"@id\":\"https:\/\/neos.ind.br\/novosite\/produto\/jau200\/#breadcrumb\"},\"inLanguage\":\"pt-BR\",\"potentialAction\":[{\"@type\":\"ReadAction\",\"target\":[\"https:\/\/neos.ind.br\/novosite\/produto\/jau200\/\"]}]},{\"@type\":\"ImageObject\",\"inLanguage\":\"pt-BR\",\"@id\":\"https:\/\/neos.ind.br\/novosite\/produto\/jau200\/#primaryimage\",\"url\":\"https:\/\/neos.ind.br\/novosite\/wp-content\/uploads\/2023\/07\/JAU200-1-scaled.jpg\",\"contentUrl\":\"https:\/\/neos.ind.br\/novosite\/wp-content\/uploads\/2023\/07\/JAU200-1-scaled.jpg\",\"width\":2560,\"height\":2560},{\"@type\":\"BreadcrumbList\",\"@id\":\"https:\/\/neos.ind.br\/novosite\/produto\/jau200\/#breadcrumb\",\"itemListElement\":[{\"@type\":\"ListItem\",\"position\":1,\"name\":\"In\u00edcio\",\"item\":\"https:\/\/neos.ind.br\/novosite\/\"},{\"@type\":\"ListItem\",\"position\":2,\"name\":\"Produtos\",\"item\":\"https:\/\/neos.ind.br\/novosite\/produtos\/\"},{\"@type\":\"ListItem\",\"position\":3,\"name\":\"JAU200\"}]},{\"@type\":\"WebSite\",\"@id\":\"https:\/\/neos.ind.br\/novosite\/#website\",\"url\":\"https:\/\/neos.ind.br\/novosite\/\",\"name\":\"N\u00e9os\",\"description\":\"\",\"publisher\":{\"@id\":\"https:\/\/neos.ind.br\/novosite\/#organization\"},\"potentialAction\":[{\"@type\":\"SearchAction\",\"target\":{\"@type\":\"EntryPoint\",\"urlTemplate\":\"https:\/\/neos.ind.br\/novosite\/?s={search_term_string}\"},\"query-input\":\"required name=search_term_string\"}],\"inLanguage\":\"pt-BR\"},{\"@type\":\"Organization\",\"@id\":\"https:\/\/neos.ind.br\/novosite\/#organization\",\"name\":\"N\u00e9os\",\"url\":\"https:\/\/neos.ind.br\/novosite\/\",\"logo\":{\"@type\":\"ImageObject\",\"inLanguage\":\"pt-BR\",\"@id\":\"https:\/\/neos.ind.br\/novosite\/#\/schema\/logo\/image\/\",\"url\":\"https:\/\/neos.ind.br\/novosite\/wp-content\/uploads\/2023\/07\/logo-topo.png\",\"contentUrl\":\"https:\/\/neos.ind.br\/novosite\/wp-content\/uploads\/2023\/07\/logo-topo.png\",\"width\":147,\"height\":66,\"caption\":\"N\u00e9os\"},\"image\":{\"@id\":\"https:\/\/neos.ind.br\/novosite\/#\/schema\/logo\/image\/\"}}]}<\/script>\n<!-- \/ Yoast SEO plugin. -->","yoast_head_json":{"title":"JAU200 - N\u00e9os","robots":{"index":"index","follow":"follow","max-snippet":"max-snippet:-1","max-image-preview":"max-image-preview:large","max-video-preview":"max-video-preview:-1"},"canonical":"https:\/\/neos.ind.br\/novosite\/produto\/jau200\/","og_locale":"pt_BR","og_type":"article","og_title":"JAU200 - N\u00e9os","og_description":"Clique para assistir o v\u00eddeo do produto","og_url":"https:\/\/neos.ind.br\/novosite\/produto\/jau200\/","og_site_name":"N\u00e9os","article_modified_time":"2024-05-06T20:38:46+00:00","og_image":[{"width":2560,"height":2560,"url":"https:\/\/neos.ind.br\/novosite\/wp-content\/uploads\/2023\/07\/JAU200-1-scaled.jpg","type":"image\/jpeg"}],"twitter_card":"summary_large_image","twitter_misc":{"Est. tempo de leitura":"3 minutos"},"schema":{"@context":"https:\/\/schema.org","@graph":[{"@type":"WebPage","@id":"https:\/\/neos.ind.br\/novosite\/produto\/jau200\/","url":"https:\/\/neos.ind.br\/novosite\/produto\/jau200\/","name":"JAU200 - N\u00e9os","isPartOf":{"@id":"https:\/\/neos.ind.br\/novosite\/#website"},"primaryImageOfPage":{"@id":"https:\/\/neos.ind.br\/novosite\/produto\/jau200\/#primaryimage"},"image":{"@id":"https:\/\/neos.ind.br\/novosite\/produto\/jau200\/#primaryimage"},"thumbnailUrl":"https:\/\/neos.ind.br\/novosite\/wp-content\/uploads\/2023\/07\/JAU200-1-scaled.jpg","datePublished":"2023-07-07T19:29:42+00:00","dateModified":"2024-05-06T20:38:46+00:00","breadcrumb":{"@id":"https:\/\/neos.ind.br\/novosite\/produto\/jau200\/#breadcrumb"},"inLanguage":"pt-BR","potentialAction":[{"@type":"ReadAction","target":["https:\/\/neos.ind.br\/novosite\/produto\/jau200\/"]}]},{"@type":"ImageObject","inLanguage":"pt-BR","@id":"https:\/\/neos.ind.br\/novosite\/produto\/jau200\/#primaryimage","url":"https:\/\/neos.ind.br\/novosite\/wp-content\/uploads\/2023\/07\/JAU200-1-scaled.jpg","contentUrl":"https:\/\/neos.ind.br\/novosite\/wp-content\/uploads\/2023\/07\/JAU200-1-scaled.jpg","width":2560,"height":2560},{"@type":"BreadcrumbList","@id":"https:\/\/neos.ind.br\/novosite\/produto\/jau200\/#breadcrumb","itemListElement":[{"@type":"ListItem","position":1,"name":"In\u00edcio","item":"https:\/\/neos.ind.br\/novosite\/"},{"@type":"ListItem","position":2,"name":"Produtos","item":"https:\/\/neos.ind.br\/novosite\/produtos\/"},{"@type":"ListItem","position":3,"name":"JAU200"}]},{"@type":"WebSite","@id":"https:\/\/neos.ind.br\/novosite\/#website","url":"https:\/\/neos.ind.br\/novosite\/","name":"N\u00e9os","description":"","publisher":{"@id":"https:\/\/neos.ind.br\/novosite\/#organization"},"potentialAction":[{"@type":"SearchAction","target":{"@type":"EntryPoint","urlTemplate":"https:\/\/neos.ind.br\/novosite\/?s={search_term_string}"},"query-input":"required name=search_term_string"}],"inLanguage":"pt-BR"},{"@type":"Organization","@id":"https:\/\/neos.ind.br\/novosite\/#organization","name":"N\u00e9os","url":"https:\/\/neos.ind.br\/novosite\/","logo":{"@type":"ImageObject","inLanguage":"pt-BR","@id":"https:\/\/neos.ind.br\/novosite\/#\/schema\/logo\/image\/","url":"https:\/\/neos.ind.br\/novosite\/wp-content\/uploads\/2023\/07\/logo-topo.png","contentUrl":"https:\/\/neos.ind.br\/novosite\/wp-content\/uploads\/2023\/07\/logo-topo.png","width":147,"height":66,"caption":"N\u00e9os"},"image":{"@id":"https:\/\/neos.ind.br\/novosite\/#\/schema\/logo\/image\/"}}]}},"_links":{"self":[{"href":"https:\/\/neos.ind.br\/novosite\/wp-json\/wp\/v2\/product\/3582","targetHints":{"allow":["GET"]}}],"collection":[{"href":"https:\/\/neos.ind.br\/novosite\/wp-json\/wp\/v2\/product"}],"about":[{"href":"https:\/\/neos.ind.br\/novosite\/wp-json\/wp\/v2\/types\/product"}],"replies":[{"embeddable":true,"href":"https:\/\/neos.ind.br\/novosite\/wp-json\/wp\/v2\/comments?post=3582"}],"version-history":[{"count":9,"href":"https:\/\/neos.ind.br\/novosite\/wp-json\/wp\/v2\/product\/3582\/revisions"}],"predecessor-version":[{"id":5281,"href":"https:\/\/neos.ind.br\/novosite\/wp-json\/wp\/v2\/product\/3582\/revisions\/5281"}],"wp:featuredmedia":[{"embeddable":true,"href":"https:\/\/neos.ind.br\/novosite\/wp-json\/wp\/v2\/media\/4524"}],"wp:attachment":[{"href":"https:\/\/neos.ind.br\/novosite\/wp-json\/wp\/v2\/media?parent=3582"}],"wp:term":[{"taxonomy":"product_cat","embeddable":true,"href":"https:\/\/neos.ind.br\/novosite\/wp-json\/wp\/v2\/product_cat?post=3582"},{"taxonomy":"product_tag","embeddable":true,"href":"https:\/\/neos.ind.br\/novosite\/wp-json\/wp\/v2\/product_tag?post=3582"}],"curies":[{"name":"wp","href":"https:\/\/api.w.org\/{rel}","templated":true}]}}