{"id":3584,"date":"2023-07-07T16:29:42","date_gmt":"2023-07-07T19:29:42","guid":{"rendered":"https:\/\/neos.ind.br\/novosite\/?post_type=product&#038;p=3584"},"modified":"2024-05-06T17:18:14","modified_gmt":"2024-05-06T20:18:14","slug":"avm100","status":"publish","type":"product","link":"https:\/\/neos.ind.br\/novosite\/produto\/avm100\/","title":{"rendered":"AVM100"},"content":{"rendered":"<h3 class=\"cor1\">Analisador de Ventila\u00e7\u00e3o Mec\u00e2nica<\/h3>\n<p>O AVM100 \u00e9 utilizado para a an\u00e1lise de ventiladores mec\u00e2nicos. Baseado na norma ABNT NBR ISO80601-2-12, realiza medi\u00e7\u00f5es de concentra\u00e7\u00e3o de oxig\u00eanio, press\u00e3o, fluxo bidirecional, volume e temperatura. Al\u00e9m disso, possui entradas para medi\u00e7\u00e3o de press\u00e3o alta e diferencial, umidade e temperatura ambientes e press\u00e3o atmosf\u00e9rica.<\/p>\n<p>&nbsp;<\/p>\n<h3 class=\"cor1\">Acess\u00f3rios Inclusos no Produto<\/h3>\n<p><img fetchpriority=\"high\" decoding=\"async\" class=\"alignnone wp-image-4753\" src=\"https:\/\/neos.ind.br\/novosite\/wp-content\/uploads\/2023\/07\/Kit-AVM100-300x300.png\" alt=\"\" width=\"499\" height=\"499\" srcset=\"https:\/\/neos.ind.br\/novosite\/wp-content\/uploads\/2023\/07\/Kit-AVM100-300x300.png 300w, https:\/\/neos.ind.br\/novosite\/wp-content\/uploads\/2023\/07\/Kit-AVM100-1024x1024.png 1024w, https:\/\/neos.ind.br\/novosite\/wp-content\/uploads\/2023\/07\/Kit-AVM100-150x150.png 150w, https:\/\/neos.ind.br\/novosite\/wp-content\/uploads\/2023\/07\/Kit-AVM100-768x768.png 768w, https:\/\/neos.ind.br\/novosite\/wp-content\/uploads\/2023\/07\/Kit-AVM100-1536x1536.png 1536w, https:\/\/neos.ind.br\/novosite\/wp-content\/uploads\/2023\/07\/Kit-AVM100-600x600.png 600w, https:\/\/neos.ind.br\/novosite\/wp-content\/uploads\/2023\/07\/Kit-AVM100-100x100.png 100w, https:\/\/neos.ind.br\/novosite\/wp-content\/uploads\/2023\/07\/Kit-AVM100.png 1772w\" sizes=\"(max-width: 499px) 100vw, 499px\" \/><\/p>\n<h3 class=\"cor1\">Caracter\u00edsticas Gerais<\/h3>\n<ul class=\"p-bottom-large\">\n<li>Display t\u00e1ctil<\/li>\n<li>Modo de ensaio manual e autom\u00e1tico;<\/li>\n<li>Mem\u00f3ria interna para armazenar resultados, com possibilidade de identifica\u00e7\u00e3o do dispositivo em teste;<\/li>\n<li>Opera a bateria com autonomia de 8 horas (com 50% de brilho de tela);<\/li>\n<li>Alimenta\u00e7\u00e3o por bateria interna ou rede el\u00e9trica de entrada de tens\u00e3o universal (100 a 240 V RMS, 50 a 60 Hz);<\/li>\n<li>Interfaces de comunica\u00e7\u00e3o: USB 2.0 tipo A e tipo B, ethernet, cart\u00e3o SD, RS-232;<\/li>\n<\/ul>\n<p>&nbsp;<\/p>\n<p><a href=\"https:\/\/materiais.neos.ind.br\/ficha-tecnica-avm100\"><b>Baixe as especifica\u00e7\u00f5es t\u00e9cnicas do AVM100<\/b><\/a><\/p>\n<p><a href=\"https:\/\/materiais.neos.ind.br\/ficha-tecnica-avm100\"><img decoding=\"async\" class=\"alignnone wp-image-5274 \" src=\"https:\/\/neos.ind.br\/novosite\/wp-content\/uploads\/2023\/07\/AVM100-Especificacao-Tecnica-rev00-20231227-1-300x300.jpg\" alt=\"\" width=\"123\" height=\"165\" \/><\/a><\/p>\n","protected":false},"excerpt":{"rendered":"<p><span style=\"color: #33cccc;\"><strong><a style=\"color: #33cccc;\" href=\"https:\/\/www.youtube.com\/watch?v=LaiX5k4kLL0\">Clique para assistir o v\u00eddeo do produto<\/a><\/strong><\/span><\/p>\n","protected":false},"featured_media":4516,"comment_status":"closed","ping_status":"closed","template":"","meta":{"_acf_changed":false},"product_cat":[24,71],"product_tag":[],"class_list":{"0":"post-3584","1":"product","2":"type-product","3":"status-publish","4":"has-post-thumbnail","6":"product_cat-todos","7":"product_cat-analisador-de-ventilacao-mecanica","9":"first","10":"instock","11":"downloadable","12":"shipping-taxable","13":"purchasable","14":"product-type-simple"},"acf":[],"yoast_head":"<!-- This site is optimized with the Yoast SEO plugin v22.3 - https:\/\/yoast.com\/wordpress\/plugins\/seo\/ -->\n<title>AVM100 - N\u00e9os<\/title>\n<meta name=\"robots\" content=\"index, follow, max-snippet:-1, max-image-preview:large, max-video-preview:-1\" \/>\n<link rel=\"canonical\" href=\"https:\/\/neos.ind.br\/novosite\/produto\/avm100\/\" \/>\n<meta property=\"og:locale\" content=\"pt_BR\" \/>\n<meta property=\"og:type\" content=\"article\" \/>\n<meta property=\"og:title\" content=\"AVM100 - N\u00e9os\" \/>\n<meta property=\"og:description\" content=\"Clique para assistir o v\u00eddeo do produto\" \/>\n<meta property=\"og:url\" content=\"https:\/\/neos.ind.br\/novosite\/produto\/avm100\/\" \/>\n<meta property=\"og:site_name\" content=\"N\u00e9os\" \/>\n<meta property=\"article:modified_time\" content=\"2024-05-06T20:18:14+00:00\" \/>\n<meta property=\"og:image\" content=\"https:\/\/neos.ind.br\/novosite\/wp-content\/uploads\/2023\/07\/AVM100-1-scaled.jpg\" \/>\n\t<meta property=\"og:image:width\" content=\"2560\" \/>\n\t<meta property=\"og:image:height\" content=\"2560\" \/>\n\t<meta property=\"og:image:type\" content=\"image\/jpeg\" \/>\n<meta name=\"twitter:card\" content=\"summary_large_image\" \/>\n<meta name=\"twitter:label1\" content=\"Est. tempo de leitura\" \/>\n\t<meta name=\"twitter:data1\" content=\"2 minutos\" \/>\n<script type=\"application\/ld+json\" class=\"yoast-schema-graph\">{\"@context\":\"https:\/\/schema.org\",\"@graph\":[{\"@type\":\"WebPage\",\"@id\":\"https:\/\/neos.ind.br\/novosite\/produto\/avm100\/\",\"url\":\"https:\/\/neos.ind.br\/novosite\/produto\/avm100\/\",\"name\":\"AVM100 - N\u00e9os\",\"isPartOf\":{\"@id\":\"https:\/\/neos.ind.br\/novosite\/#website\"},\"primaryImageOfPage\":{\"@id\":\"https:\/\/neos.ind.br\/novosite\/produto\/avm100\/#primaryimage\"},\"image\":{\"@id\":\"https:\/\/neos.ind.br\/novosite\/produto\/avm100\/#primaryimage\"},\"thumbnailUrl\":\"https:\/\/neos.ind.br\/novosite\/wp-content\/uploads\/2023\/07\/AVM100-1-scaled.jpg\",\"datePublished\":\"2023-07-07T19:29:42+00:00\",\"dateModified\":\"2024-05-06T20:18:14+00:00\",\"breadcrumb\":{\"@id\":\"https:\/\/neos.ind.br\/novosite\/produto\/avm100\/#breadcrumb\"},\"inLanguage\":\"pt-BR\",\"potentialAction\":[{\"@type\":\"ReadAction\",\"target\":[\"https:\/\/neos.ind.br\/novosite\/produto\/avm100\/\"]}]},{\"@type\":\"ImageObject\",\"inLanguage\":\"pt-BR\",\"@id\":\"https:\/\/neos.ind.br\/novosite\/produto\/avm100\/#primaryimage\",\"url\":\"https:\/\/neos.ind.br\/novosite\/wp-content\/uploads\/2023\/07\/AVM100-1-scaled.jpg\",\"contentUrl\":\"https:\/\/neos.ind.br\/novosite\/wp-content\/uploads\/2023\/07\/AVM100-1-scaled.jpg\",\"width\":2560,\"height\":2560},{\"@type\":\"BreadcrumbList\",\"@id\":\"https:\/\/neos.ind.br\/novosite\/produto\/avm100\/#breadcrumb\",\"itemListElement\":[{\"@type\":\"ListItem\",\"position\":1,\"name\":\"In\u00edcio\",\"item\":\"https:\/\/neos.ind.br\/novosite\/\"},{\"@type\":\"ListItem\",\"position\":2,\"name\":\"Produtos\",\"item\":\"https:\/\/neos.ind.br\/novosite\/produtos\/\"},{\"@type\":\"ListItem\",\"position\":3,\"name\":\"AVM100\"}]},{\"@type\":\"WebSite\",\"@id\":\"https:\/\/neos.ind.br\/novosite\/#website\",\"url\":\"https:\/\/neos.ind.br\/novosite\/\",\"name\":\"N\u00e9os\",\"description\":\"\",\"publisher\":{\"@id\":\"https:\/\/neos.ind.br\/novosite\/#organization\"},\"potentialAction\":[{\"@type\":\"SearchAction\",\"target\":{\"@type\":\"EntryPoint\",\"urlTemplate\":\"https:\/\/neos.ind.br\/novosite\/?s={search_term_string}\"},\"query-input\":\"required name=search_term_string\"}],\"inLanguage\":\"pt-BR\"},{\"@type\":\"Organization\",\"@id\":\"https:\/\/neos.ind.br\/novosite\/#organization\",\"name\":\"N\u00e9os\",\"url\":\"https:\/\/neos.ind.br\/novosite\/\",\"logo\":{\"@type\":\"ImageObject\",\"inLanguage\":\"pt-BR\",\"@id\":\"https:\/\/neos.ind.br\/novosite\/#\/schema\/logo\/image\/\",\"url\":\"https:\/\/neos.ind.br\/novosite\/wp-content\/uploads\/2023\/07\/logo-topo.png\",\"contentUrl\":\"https:\/\/neos.ind.br\/novosite\/wp-content\/uploads\/2023\/07\/logo-topo.png\",\"width\":147,\"height\":66,\"caption\":\"N\u00e9os\"},\"image\":{\"@id\":\"https:\/\/neos.ind.br\/novosite\/#\/schema\/logo\/image\/\"}}]}<\/script>\n<!-- \/ Yoast SEO plugin. -->","yoast_head_json":{"title":"AVM100 - N\u00e9os","robots":{"index":"index","follow":"follow","max-snippet":"max-snippet:-1","max-image-preview":"max-image-preview:large","max-video-preview":"max-video-preview:-1"},"canonical":"https:\/\/neos.ind.br\/novosite\/produto\/avm100\/","og_locale":"pt_BR","og_type":"article","og_title":"AVM100 - N\u00e9os","og_description":"Clique para assistir o v\u00eddeo do produto","og_url":"https:\/\/neos.ind.br\/novosite\/produto\/avm100\/","og_site_name":"N\u00e9os","article_modified_time":"2024-05-06T20:18:14+00:00","og_image":[{"width":2560,"height":2560,"url":"https:\/\/neos.ind.br\/novosite\/wp-content\/uploads\/2023\/07\/AVM100-1-scaled.jpg","type":"image\/jpeg"}],"twitter_card":"summary_large_image","twitter_misc":{"Est. tempo de leitura":"2 minutos"},"schema":{"@context":"https:\/\/schema.org","@graph":[{"@type":"WebPage","@id":"https:\/\/neos.ind.br\/novosite\/produto\/avm100\/","url":"https:\/\/neos.ind.br\/novosite\/produto\/avm100\/","name":"AVM100 - N\u00e9os","isPartOf":{"@id":"https:\/\/neos.ind.br\/novosite\/#website"},"primaryImageOfPage":{"@id":"https:\/\/neos.ind.br\/novosite\/produto\/avm100\/#primaryimage"},"image":{"@id":"https:\/\/neos.ind.br\/novosite\/produto\/avm100\/#primaryimage"},"thumbnailUrl":"https:\/\/neos.ind.br\/novosite\/wp-content\/uploads\/2023\/07\/AVM100-1-scaled.jpg","datePublished":"2023-07-07T19:29:42+00:00","dateModified":"2024-05-06T20:18:14+00:00","breadcrumb":{"@id":"https:\/\/neos.ind.br\/novosite\/produto\/avm100\/#breadcrumb"},"inLanguage":"pt-BR","potentialAction":[{"@type":"ReadAction","target":["https:\/\/neos.ind.br\/novosite\/produto\/avm100\/"]}]},{"@type":"ImageObject","inLanguage":"pt-BR","@id":"https:\/\/neos.ind.br\/novosite\/produto\/avm100\/#primaryimage","url":"https:\/\/neos.ind.br\/novosite\/wp-content\/uploads\/2023\/07\/AVM100-1-scaled.jpg","contentUrl":"https:\/\/neos.ind.br\/novosite\/wp-content\/uploads\/2023\/07\/AVM100-1-scaled.jpg","width":2560,"height":2560},{"@type":"BreadcrumbList","@id":"https:\/\/neos.ind.br\/novosite\/produto\/avm100\/#breadcrumb","itemListElement":[{"@type":"ListItem","position":1,"name":"In\u00edcio","item":"https:\/\/neos.ind.br\/novosite\/"},{"@type":"ListItem","position":2,"name":"Produtos","item":"https:\/\/neos.ind.br\/novosite\/produtos\/"},{"@type":"ListItem","position":3,"name":"AVM100"}]},{"@type":"WebSite","@id":"https:\/\/neos.ind.br\/novosite\/#website","url":"https:\/\/neos.ind.br\/novosite\/","name":"N\u00e9os","description":"","publisher":{"@id":"https:\/\/neos.ind.br\/novosite\/#organization"},"potentialAction":[{"@type":"SearchAction","target":{"@type":"EntryPoint","urlTemplate":"https:\/\/neos.ind.br\/novosite\/?s={search_term_string}"},"query-input":"required name=search_term_string"}],"inLanguage":"pt-BR"},{"@type":"Organization","@id":"https:\/\/neos.ind.br\/novosite\/#organization","name":"N\u00e9os","url":"https:\/\/neos.ind.br\/novosite\/","logo":{"@type":"ImageObject","inLanguage":"pt-BR","@id":"https:\/\/neos.ind.br\/novosite\/#\/schema\/logo\/image\/","url":"https:\/\/neos.ind.br\/novosite\/wp-content\/uploads\/2023\/07\/logo-topo.png","contentUrl":"https:\/\/neos.ind.br\/novosite\/wp-content\/uploads\/2023\/07\/logo-topo.png","width":147,"height":66,"caption":"N\u00e9os"},"image":{"@id":"https:\/\/neos.ind.br\/novosite\/#\/schema\/logo\/image\/"}}]}},"_links":{"self":[{"href":"https:\/\/neos.ind.br\/novosite\/wp-json\/wp\/v2\/product\/3584","targetHints":{"allow":["GET"]}}],"collection":[{"href":"https:\/\/neos.ind.br\/novosite\/wp-json\/wp\/v2\/product"}],"about":[{"href":"https:\/\/neos.ind.br\/novosite\/wp-json\/wp\/v2\/types\/product"}],"replies":[{"embeddable":true,"href":"https:\/\/neos.ind.br\/novosite\/wp-json\/wp\/v2\/comments?post=3584"}],"version-history":[{"count":5,"href":"https:\/\/neos.ind.br\/novosite\/wp-json\/wp\/v2\/product\/3584\/revisions"}],"predecessor-version":[{"id":5276,"href":"https:\/\/neos.ind.br\/novosite\/wp-json\/wp\/v2\/product\/3584\/revisions\/5276"}],"wp:featuredmedia":[{"embeddable":true,"href":"https:\/\/neos.ind.br\/novosite\/wp-json\/wp\/v2\/media\/4516"}],"wp:attachment":[{"href":"https:\/\/neos.ind.br\/novosite\/wp-json\/wp\/v2\/media?parent=3584"}],"wp:term":[{"taxonomy":"product_cat","embeddable":true,"href":"https:\/\/neos.ind.br\/novosite\/wp-json\/wp\/v2\/product_cat?post=3584"},{"taxonomy":"product_tag","embeddable":true,"href":"https:\/\/neos.ind.br\/novosite\/wp-json\/wp\/v2\/product_tag?post=3584"}],"curies":[{"name":"wp","href":"https:\/\/api.w.org\/{rel}","templated":true}]}}