{"id":3587,"date":"2023-07-07T16:29:42","date_gmt":"2023-07-07T19:29:42","guid":{"rendered":"https:\/\/neos.ind.br\/novosite\/?post_type=product&#038;p=3587"},"modified":"2024-05-06T17:29:59","modified_gmt":"2024-05-06T20:29:59","slug":"abi100","status":"publish","type":"product","link":"https:\/\/neos.ind.br\/novosite\/produto\/abi100\/","title":{"rendered":"ABI100"},"content":{"rendered":"<h3 class=\"cor1\">Analisador de Bisturi<\/h3>\n<p>O ABI100 \u00e9 utilizado em ensaios de pot\u00eancia e corrente de fuga (true RMS) em unidades eletrocir\u00fargicas. Segue a norma NBR IEC 60601-2-2, para ensaios de seguran\u00e7a em equipamentos cir\u00fargicos de alta frequ\u00eancia. Ele possui transformador de corrente embutido e carga interna selecion\u00e1vel. Tamb\u00e9m opera com carga externa.<\/p>\n<p>Com display t\u00e1ctil e interface intuitiva, o ABI100 armazena os resultados com identifica\u00e7\u00e3o do dispositivo em teste. Al\u00e9m disso, ele possibilita o armazenamento de sequ\u00eancias de ensaios program\u00e1veis, simplificando o trabalho do usu\u00e1rio em ensaios repetitivos. Quando conectado a um computador, \u00e9 poss\u00edvel coletar dados salvos em sua mem\u00f3ria interna. O software realiza a interpreta\u00e7\u00e3o e a formaliza\u00e7\u00e3o de dados, gerando um certificado autom\u00e1tico, com ensaios a escolha do usu\u00e1rio.<\/p>\n<p>&nbsp;<\/p>\n<h3 class=\"cor1\">Acess\u00f3rios Inclusos no Produto<\/h3>\n<p><img fetchpriority=\"high\" decoding=\"async\" class=\"alignnone wp-image-4780\" src=\"https:\/\/neos.ind.br\/novosite\/wp-content\/uploads\/2023\/07\/Kit-ABI100-300x300.png\" alt=\"\" width=\"540\" height=\"540\" srcset=\"https:\/\/neos.ind.br\/novosite\/wp-content\/uploads\/2023\/07\/Kit-ABI100-300x300.png 300w, https:\/\/neos.ind.br\/novosite\/wp-content\/uploads\/2023\/07\/Kit-ABI100-1024x1024.png 1024w, https:\/\/neos.ind.br\/novosite\/wp-content\/uploads\/2023\/07\/Kit-ABI100-150x150.png 150w, https:\/\/neos.ind.br\/novosite\/wp-content\/uploads\/2023\/07\/Kit-ABI100-768x768.png 768w, https:\/\/neos.ind.br\/novosite\/wp-content\/uploads\/2023\/07\/Kit-ABI100-1536x1536.png 1536w, https:\/\/neos.ind.br\/novosite\/wp-content\/uploads\/2023\/07\/Kit-ABI100-600x600.png 600w, https:\/\/neos.ind.br\/novosite\/wp-content\/uploads\/2023\/07\/Kit-ABI100-100x100.png 100w, https:\/\/neos.ind.br\/novosite\/wp-content\/uploads\/2023\/07\/Kit-ABI100.png 1772w\" sizes=\"(max-width: 540px) 100vw, 540px\" \/><\/p>\n<p>&nbsp;<\/p>\n<h3 class=\"cor1\">Caracter\u00edsticas Gerais<\/h3>\n<ul class=\"p-bottom-large\">\n<li>Ensaio de pot\u00eancia de at\u00e9 400W, com resolu\u00e7\u00e3o de 0,1W;<\/li>\n<li>Exibe curva da envolt\u00f3ria do ensaio de pot\u00eancia;<\/li>\n<li>Exibe o fator de crista do ensaio de pot\u00eancia;<\/li>\n<li>Realiza ensaio de corrente de fuga (true RMS);<\/li>\n<li>Duas op\u00e7\u00f5es de carga interna n\u00e3o indutiva selecion\u00e1vel: 10\u2126 e de 50\u2126 a 1.550\u2126 em passos de 50\u2126 ou de 50\u2126 a 2.050\u2126 em passos de 50\u2126;<\/li>\n<li>Sele\u00e7\u00e3o de cargas interna, via rel\u00e9s, 10kV de isola\u00e7\u00e3o, 5A RMS;<\/li>\n<li>Faixa de corrente de 10 a 5000 mA RMS, Resolu\u00e7\u00e3o1 mA RMS;<\/li>\n<li>Faixa de passagem de 3,6kHz a 20MHz;<\/li>\n<li>Medi\u00e7\u00e3o de 400W em ciclo de trabalho de 50%, per\u00edodo de 1 minuto;<\/li>\n<li>Opera a bateria com autonomia de 4 a 10 horas;<\/li>\n<li>Display t\u00e1ctil;<\/li>\n<li>Modo de ensaio manual e autom\u00e1tico;<\/li>\n<li>Mem\u00f3ria interna para armazenar resultados, com possibilidade de identifica\u00e7\u00e3o do dispositivo em teste;<\/li>\n<li>Mem\u00f3ria para at\u00e9 50 sequ\u00eancias de ensaios configur\u00e1veis;<\/li>\n<li>Mem\u00f3ria para at\u00e9 2144 resultados de testes;<\/li>\n<li>Capacidade de uso com carga externa;<\/li>\n<li>Transformador de corrente embutido;<\/li>\n<li>Comunica\u00e7\u00e3o: USB e Scop;<\/li>\n<\/ul>\n<p><img decoding=\"async\" class=\"alignnone wp-image-4799\" src=\"https:\/\/neos.ind.br\/novosite\/wp-content\/uploads\/2023\/07\/Tabela-Comparativa-de-Equipamentos-ABI100-ABI200-300x300.png\" alt=\"\" width=\"719\" height=\"719\" srcset=\"https:\/\/neos.ind.br\/novosite\/wp-content\/uploads\/2023\/07\/Tabela-Comparativa-de-Equipamentos-ABI100-ABI200-300x300.png 300w, https:\/\/neos.ind.br\/novosite\/wp-content\/uploads\/2023\/07\/Tabela-Comparativa-de-Equipamentos-ABI100-ABI200-1024x1024.png 1024w, https:\/\/neos.ind.br\/novosite\/wp-content\/uploads\/2023\/07\/Tabela-Comparativa-de-Equipamentos-ABI100-ABI200-150x150.png 150w, https:\/\/neos.ind.br\/novosite\/wp-content\/uploads\/2023\/07\/Tabela-Comparativa-de-Equipamentos-ABI100-ABI200-768x768.png 768w, https:\/\/neos.ind.br\/novosite\/wp-content\/uploads\/2023\/07\/Tabela-Comparativa-de-Equipamentos-ABI100-ABI200-1536x1536.png 1536w, https:\/\/neos.ind.br\/novosite\/wp-content\/uploads\/2023\/07\/Tabela-Comparativa-de-Equipamentos-ABI100-ABI200-600x600.png 600w, https:\/\/neos.ind.br\/novosite\/wp-content\/uploads\/2023\/07\/Tabela-Comparativa-de-Equipamentos-ABI100-ABI200-100x100.png 100w, https:\/\/neos.ind.br\/novosite\/wp-content\/uploads\/2023\/07\/Tabela-Comparativa-de-Equipamentos-ABI100-ABI200.png 1772w\" sizes=\"(max-width: 719px) 100vw, 719px\" \/><\/p>\n<p>&nbsp;<\/p>\n<p>&nbsp;<\/p>\n<p><strong><a href=\"https:\/\/materiais.neos.ind.br\/ficha-tecnica-ipa100\">Baixar as especifica\u00e7\u00f5es t\u00e9cnicas do ABI100<\/a><\/strong><\/p>\n<p><a href=\"https:\/\/materiais.neos.ind.br\/ficha-tecnica-ipa100\"><img decoding=\"async\" class=\"alignnone wp-image-5278 \" src=\"https:\/\/neos.ind.br\/novosite\/wp-content\/uploads\/2023\/07\/Frente1-300x300.jpg\" alt=\"\" width=\"127\" height=\"123\" \/><\/a><\/p>\n","protected":false},"excerpt":{"rendered":"<p><span style=\"color: #33cccc;\"><strong><a style=\"color: #33cccc;\" href=\"https:\/\/www.youtube.com\/watch?v=JBC7dOgTtSs\">Clique para assistir o v\u00eddeo do produto<\/a><\/strong><\/span><\/p>\n","protected":false},"featured_media":3640,"comment_status":"closed","ping_status":"closed","template":"","meta":{"_acf_changed":false},"product_cat":[24,62],"product_tag":[],"class_list":{"0":"post-3587","1":"product","2":"type-product","3":"status-publish","4":"has-post-thumbnail","6":"product_cat-todos","7":"product_cat-analisador-de-bisturi","9":"first","10":"instock","11":"downloadable","12":"shipping-taxable","13":"purchasable","14":"product-type-simple"},"acf":[],"yoast_head":"<!-- This site is optimized with the Yoast SEO plugin v22.3 - https:\/\/yoast.com\/wordpress\/plugins\/seo\/ -->\n<title>ABI100 - N\u00e9os<\/title>\n<meta name=\"robots\" content=\"index, follow, max-snippet:-1, max-image-preview:large, max-video-preview:-1\" \/>\n<link rel=\"canonical\" href=\"https:\/\/neos.ind.br\/novosite\/produto\/abi100\/\" \/>\n<meta property=\"og:locale\" content=\"pt_BR\" \/>\n<meta property=\"og:type\" content=\"article\" \/>\n<meta property=\"og:title\" content=\"ABI100 - N\u00e9os\" \/>\n<meta property=\"og:description\" content=\"Clique para assistir o v\u00eddeo do produto\" \/>\n<meta property=\"og:url\" content=\"https:\/\/neos.ind.br\/novosite\/produto\/abi100\/\" \/>\n<meta property=\"og:site_name\" content=\"N\u00e9os\" \/>\n<meta property=\"article:modified_time\" content=\"2024-05-06T20:29:59+00:00\" \/>\n<meta property=\"og:image\" content=\"https:\/\/neos.ind.br\/novosite\/wp-content\/uploads\/2023\/07\/WhatsApp-Image-2023-06-22-at-13.14.04.jpeg\" \/>\n\t<meta property=\"og:image:width\" content=\"1600\" \/>\n\t<meta property=\"og:image:height\" content=\"1600\" \/>\n\t<meta property=\"og:image:type\" content=\"image\/jpeg\" \/>\n<meta name=\"twitter:card\" content=\"summary_large_image\" \/>\n<meta name=\"twitter:label1\" content=\"Est. tempo de leitura\" \/>\n\t<meta name=\"twitter:data1\" content=\"3 minutos\" \/>\n<script type=\"application\/ld+json\" class=\"yoast-schema-graph\">{\"@context\":\"https:\/\/schema.org\",\"@graph\":[{\"@type\":\"WebPage\",\"@id\":\"https:\/\/neos.ind.br\/novosite\/produto\/abi100\/\",\"url\":\"https:\/\/neos.ind.br\/novosite\/produto\/abi100\/\",\"name\":\"ABI100 - N\u00e9os\",\"isPartOf\":{\"@id\":\"https:\/\/neos.ind.br\/novosite\/#website\"},\"primaryImageOfPage\":{\"@id\":\"https:\/\/neos.ind.br\/novosite\/produto\/abi100\/#primaryimage\"},\"image\":{\"@id\":\"https:\/\/neos.ind.br\/novosite\/produto\/abi100\/#primaryimage\"},\"thumbnailUrl\":\"https:\/\/neos.ind.br\/novosite\/wp-content\/uploads\/2023\/07\/WhatsApp-Image-2023-06-22-at-13.14.04.jpeg\",\"datePublished\":\"2023-07-07T19:29:42+00:00\",\"dateModified\":\"2024-05-06T20:29:59+00:00\",\"breadcrumb\":{\"@id\":\"https:\/\/neos.ind.br\/novosite\/produto\/abi100\/#breadcrumb\"},\"inLanguage\":\"pt-BR\",\"potentialAction\":[{\"@type\":\"ReadAction\",\"target\":[\"https:\/\/neos.ind.br\/novosite\/produto\/abi100\/\"]}]},{\"@type\":\"ImageObject\",\"inLanguage\":\"pt-BR\",\"@id\":\"https:\/\/neos.ind.br\/novosite\/produto\/abi100\/#primaryimage\",\"url\":\"https:\/\/neos.ind.br\/novosite\/wp-content\/uploads\/2023\/07\/WhatsApp-Image-2023-06-22-at-13.14.04.jpeg\",\"contentUrl\":\"https:\/\/neos.ind.br\/novosite\/wp-content\/uploads\/2023\/07\/WhatsApp-Image-2023-06-22-at-13.14.04.jpeg\",\"width\":1600,\"height\":1600},{\"@type\":\"BreadcrumbList\",\"@id\":\"https:\/\/neos.ind.br\/novosite\/produto\/abi100\/#breadcrumb\",\"itemListElement\":[{\"@type\":\"ListItem\",\"position\":1,\"name\":\"In\u00edcio\",\"item\":\"https:\/\/neos.ind.br\/novosite\/\"},{\"@type\":\"ListItem\",\"position\":2,\"name\":\"Produtos\",\"item\":\"https:\/\/neos.ind.br\/novosite\/produtos\/\"},{\"@type\":\"ListItem\",\"position\":3,\"name\":\"ABI100\"}]},{\"@type\":\"WebSite\",\"@id\":\"https:\/\/neos.ind.br\/novosite\/#website\",\"url\":\"https:\/\/neos.ind.br\/novosite\/\",\"name\":\"N\u00e9os\",\"description\":\"\",\"publisher\":{\"@id\":\"https:\/\/neos.ind.br\/novosite\/#organization\"},\"potentialAction\":[{\"@type\":\"SearchAction\",\"target\":{\"@type\":\"EntryPoint\",\"urlTemplate\":\"https:\/\/neos.ind.br\/novosite\/?s={search_term_string}\"},\"query-input\":\"required name=search_term_string\"}],\"inLanguage\":\"pt-BR\"},{\"@type\":\"Organization\",\"@id\":\"https:\/\/neos.ind.br\/novosite\/#organization\",\"name\":\"N\u00e9os\",\"url\":\"https:\/\/neos.ind.br\/novosite\/\",\"logo\":{\"@type\":\"ImageObject\",\"inLanguage\":\"pt-BR\",\"@id\":\"https:\/\/neos.ind.br\/novosite\/#\/schema\/logo\/image\/\",\"url\":\"https:\/\/neos.ind.br\/novosite\/wp-content\/uploads\/2023\/07\/logo-topo.png\",\"contentUrl\":\"https:\/\/neos.ind.br\/novosite\/wp-content\/uploads\/2023\/07\/logo-topo.png\",\"width\":147,\"height\":66,\"caption\":\"N\u00e9os\"},\"image\":{\"@id\":\"https:\/\/neos.ind.br\/novosite\/#\/schema\/logo\/image\/\"}}]}<\/script>\n<!-- \/ Yoast SEO plugin. -->","yoast_head_json":{"title":"ABI100 - N\u00e9os","robots":{"index":"index","follow":"follow","max-snippet":"max-snippet:-1","max-image-preview":"max-image-preview:large","max-video-preview":"max-video-preview:-1"},"canonical":"https:\/\/neos.ind.br\/novosite\/produto\/abi100\/","og_locale":"pt_BR","og_type":"article","og_title":"ABI100 - N\u00e9os","og_description":"Clique para assistir o v\u00eddeo do produto","og_url":"https:\/\/neos.ind.br\/novosite\/produto\/abi100\/","og_site_name":"N\u00e9os","article_modified_time":"2024-05-06T20:29:59+00:00","og_image":[{"width":1600,"height":1600,"url":"https:\/\/neos.ind.br\/novosite\/wp-content\/uploads\/2023\/07\/WhatsApp-Image-2023-06-22-at-13.14.04.jpeg","type":"image\/jpeg"}],"twitter_card":"summary_large_image","twitter_misc":{"Est. tempo de leitura":"3 minutos"},"schema":{"@context":"https:\/\/schema.org","@graph":[{"@type":"WebPage","@id":"https:\/\/neos.ind.br\/novosite\/produto\/abi100\/","url":"https:\/\/neos.ind.br\/novosite\/produto\/abi100\/","name":"ABI100 - N\u00e9os","isPartOf":{"@id":"https:\/\/neos.ind.br\/novosite\/#website"},"primaryImageOfPage":{"@id":"https:\/\/neos.ind.br\/novosite\/produto\/abi100\/#primaryimage"},"image":{"@id":"https:\/\/neos.ind.br\/novosite\/produto\/abi100\/#primaryimage"},"thumbnailUrl":"https:\/\/neos.ind.br\/novosite\/wp-content\/uploads\/2023\/07\/WhatsApp-Image-2023-06-22-at-13.14.04.jpeg","datePublished":"2023-07-07T19:29:42+00:00","dateModified":"2024-05-06T20:29:59+00:00","breadcrumb":{"@id":"https:\/\/neos.ind.br\/novosite\/produto\/abi100\/#breadcrumb"},"inLanguage":"pt-BR","potentialAction":[{"@type":"ReadAction","target":["https:\/\/neos.ind.br\/novosite\/produto\/abi100\/"]}]},{"@type":"ImageObject","inLanguage":"pt-BR","@id":"https:\/\/neos.ind.br\/novosite\/produto\/abi100\/#primaryimage","url":"https:\/\/neos.ind.br\/novosite\/wp-content\/uploads\/2023\/07\/WhatsApp-Image-2023-06-22-at-13.14.04.jpeg","contentUrl":"https:\/\/neos.ind.br\/novosite\/wp-content\/uploads\/2023\/07\/WhatsApp-Image-2023-06-22-at-13.14.04.jpeg","width":1600,"height":1600},{"@type":"BreadcrumbList","@id":"https:\/\/neos.ind.br\/novosite\/produto\/abi100\/#breadcrumb","itemListElement":[{"@type":"ListItem","position":1,"name":"In\u00edcio","item":"https:\/\/neos.ind.br\/novosite\/"},{"@type":"ListItem","position":2,"name":"Produtos","item":"https:\/\/neos.ind.br\/novosite\/produtos\/"},{"@type":"ListItem","position":3,"name":"ABI100"}]},{"@type":"WebSite","@id":"https:\/\/neos.ind.br\/novosite\/#website","url":"https:\/\/neos.ind.br\/novosite\/","name":"N\u00e9os","description":"","publisher":{"@id":"https:\/\/neos.ind.br\/novosite\/#organization"},"potentialAction":[{"@type":"SearchAction","target":{"@type":"EntryPoint","urlTemplate":"https:\/\/neos.ind.br\/novosite\/?s={search_term_string}"},"query-input":"required name=search_term_string"}],"inLanguage":"pt-BR"},{"@type":"Organization","@id":"https:\/\/neos.ind.br\/novosite\/#organization","name":"N\u00e9os","url":"https:\/\/neos.ind.br\/novosite\/","logo":{"@type":"ImageObject","inLanguage":"pt-BR","@id":"https:\/\/neos.ind.br\/novosite\/#\/schema\/logo\/image\/","url":"https:\/\/neos.ind.br\/novosite\/wp-content\/uploads\/2023\/07\/logo-topo.png","contentUrl":"https:\/\/neos.ind.br\/novosite\/wp-content\/uploads\/2023\/07\/logo-topo.png","width":147,"height":66,"caption":"N\u00e9os"},"image":{"@id":"https:\/\/neos.ind.br\/novosite\/#\/schema\/logo\/image\/"}}]}},"_links":{"self":[{"href":"https:\/\/neos.ind.br\/novosite\/wp-json\/wp\/v2\/product\/3587","targetHints":{"allow":["GET"]}}],"collection":[{"href":"https:\/\/neos.ind.br\/novosite\/wp-json\/wp\/v2\/product"}],"about":[{"href":"https:\/\/neos.ind.br\/novosite\/wp-json\/wp\/v2\/types\/product"}],"replies":[{"embeddable":true,"href":"https:\/\/neos.ind.br\/novosite\/wp-json\/wp\/v2\/comments?post=3587"}],"version-history":[{"count":10,"href":"https:\/\/neos.ind.br\/novosite\/wp-json\/wp\/v2\/product\/3587\/revisions"}],"predecessor-version":[{"id":5279,"href":"https:\/\/neos.ind.br\/novosite\/wp-json\/wp\/v2\/product\/3587\/revisions\/5279"}],"wp:featuredmedia":[{"embeddable":true,"href":"https:\/\/neos.ind.br\/novosite\/wp-json\/wp\/v2\/media\/3640"}],"wp:attachment":[{"href":"https:\/\/neos.ind.br\/novosite\/wp-json\/wp\/v2\/media?parent=3587"}],"wp:term":[{"taxonomy":"product_cat","embeddable":true,"href":"https:\/\/neos.ind.br\/novosite\/wp-json\/wp\/v2\/product_cat?post=3587"},{"taxonomy":"product_tag","embeddable":true,"href":"https:\/\/neos.ind.br\/novosite\/wp-json\/wp\/v2\/product_tag?post=3587"}],"curies":[{"name":"wp","href":"https:\/\/api.w.org\/{rel}","templated":true}]}}