{"id":3591,"date":"2023-07-07T16:29:42","date_gmt":"2023-07-07T19:29:42","guid":{"rendered":"https:\/\/neos.ind.br\/novosite\/?post_type=product&#038;p=3591"},"modified":"2024-05-02T16:48:50","modified_gmt":"2024-05-02T19:48:50","slug":"tin100","status":"publish","type":"product","link":"https:\/\/neos.ind.br\/novosite\/produto\/tin100\/","title":{"rendered":"TIN100"},"content":{"rendered":"<h3 class=\"cor1\">Analisador de Incubadora<\/h3>\n<p>O TIN100 \u00e9 utilizado em ensaios de temperatura, velocidade do ar, umidade, ru\u00eddo e concentra\u00e7\u00e3o de oxig\u00eanio em incubadoras. Segue a norma NBR IEC 60601-2-19, que estabelece requisitos particulares para seguran\u00e7a b\u00e1sica e desempenho essencial das incubadoras para rec\u00e9m-nascidos.<\/p>\n<p>&nbsp;<\/p>\n<h3 class=\"cor1\">Acess\u00f3rios Inclusos no Produto<\/h3>\n<p><img fetchpriority=\"high\" decoding=\"async\" class=\"alignnone wp-image-4772\" src=\"https:\/\/neos.ind.br\/novosite\/wp-content\/uploads\/2023\/07\/Kit-TIN100-300x300.png\" alt=\"\" width=\"526\" height=\"526\" srcset=\"https:\/\/neos.ind.br\/novosite\/wp-content\/uploads\/2023\/07\/Kit-TIN100-300x300.png 300w, https:\/\/neos.ind.br\/novosite\/wp-content\/uploads\/2023\/07\/Kit-TIN100-1024x1024.png 1024w, https:\/\/neos.ind.br\/novosite\/wp-content\/uploads\/2023\/07\/Kit-TIN100-150x150.png 150w, https:\/\/neos.ind.br\/novosite\/wp-content\/uploads\/2023\/07\/Kit-TIN100-768x768.png 768w, https:\/\/neos.ind.br\/novosite\/wp-content\/uploads\/2023\/07\/Kit-TIN100-1536x1536.png 1536w, https:\/\/neos.ind.br\/novosite\/wp-content\/uploads\/2023\/07\/Kit-TIN100-600x600.png 600w, https:\/\/neos.ind.br\/novosite\/wp-content\/uploads\/2023\/07\/Kit-TIN100-100x100.png 100w, https:\/\/neos.ind.br\/novosite\/wp-content\/uploads\/2023\/07\/Kit-TIN100.png 1772w\" sizes=\"(max-width: 526px) 100vw, 526px\" \/><\/p>\n<p>&nbsp;<\/p>\n<h3 class=\"cor1\">Caracter\u00edsticas Gerais<\/h3>\n<ul>\n<li>Temperatura.<\/li>\n<li>Velocidade do ar.<\/li>\n<li>Umidade.<\/li>\n<li>Ru\u00eddo.<\/li>\n<li>Concentra\u00e7\u00e3o de ru\u00eddo.<\/li>\n<li>Tela t\u00e1ctil.<\/li>\n<li>Comunica\u00e7\u00e3o: USBB, ethernet, cart\u00e3o SD, RS-232 e bluetooth.<\/li>\n<\/ul>\n<p><a href=\"http:\/\/www-neos-ind-br.rds.land\/ficha-tecnica-tin100\"><strong>Baixe aqui as especifica\u00e7\u00f5es t\u00e9cnicas do TIN100<\/strong><\/a><\/p>\n<p>&nbsp;<\/p>\n<p><a href=\"http:\/\/www-neos-ind-br.rds.land\/ficha-tecnica-tin100\"><img decoding=\"async\" class=\"alignnone wp-image-3351\" src=\"https:\/\/neos.ind.brwp-content\/uploads\/2023\/04\/tin-100-210x300.jpg\" alt=\"\" width=\"165\" height=\"236\" srcset=\"https:\/\/neos.ind.br\/novosite\/wp-content\/uploads\/2023\/04\/tin-100-210x300.jpg 210w, https:\/\/neos.ind.br\/novosite\/wp-content\/uploads\/2023\/04\/tin-100.jpg 381w\" sizes=\"(max-width: 165px) 100vw, 165px\" \/><\/a><\/p>\n<p>&nbsp;<\/p>\n<h3><a href=\"http:\/\/www-neos-ind-br.rds.land\/ficha-tecnica-tin100\"><strong>Clique aqui!<\/strong><\/a><\/h3>\n","protected":false},"excerpt":{"rendered":"<p>Analisador de Incubadora O TIN100 \u00e9 utilizado em ensaios de temperatura, velocidade do ar, umidade, ru\u00eddo e concentra\u00e7\u00e3o de oxig\u00eanio em incubadoras. Segue a norma NBR IEC 60601-2-19, que estabelece requisitos particulares para seguran\u00e7a b\u00e1sica e desempenho essencial das incubadoras para rec\u00e9m-nascidos. &nbsp; Acess\u00f3rios Inclusos no Produto &nbsp; Caracter\u00edsticas Gerais Temperatura. Velocidade do ar. Umidade. [&hellip;]<\/p>\n","protected":false},"featured_media":4594,"comment_status":"closed","ping_status":"closed","template":"","meta":{"_acf_changed":false},"product_cat":[24,74],"product_tag":[],"class_list":{"0":"post-3591","1":"product","2":"type-product","3":"status-publish","4":"has-post-thumbnail","6":"product_cat-todos","7":"product_cat-analisador-de-incubadora","9":"first","10":"instock","11":"downloadable","12":"shipping-taxable","13":"purchasable","14":"product-type-simple"},"acf":[],"yoast_head":"<!-- This site is optimized with the Yoast SEO plugin v22.3 - https:\/\/yoast.com\/wordpress\/plugins\/seo\/ -->\n<title>TIN100 - N\u00e9os<\/title>\n<meta name=\"robots\" content=\"index, follow, max-snippet:-1, max-image-preview:large, max-video-preview:-1\" \/>\n<link rel=\"canonical\" href=\"https:\/\/neos.ind.br\/novosite\/produto\/tin100\/\" \/>\n<meta property=\"og:locale\" content=\"pt_BR\" \/>\n<meta property=\"og:type\" content=\"article\" \/>\n<meta property=\"og:title\" content=\"TIN100 - N\u00e9os\" \/>\n<meta property=\"og:description\" content=\"Analisador de Incubadora O TIN100 \u00e9 utilizado em ensaios de temperatura, velocidade do ar, umidade, ru\u00eddo e concentra\u00e7\u00e3o de oxig\u00eanio em incubadoras. Segue a norma NBR IEC 60601-2-19, que estabelece requisitos particulares para seguran\u00e7a b\u00e1sica e desempenho essencial das incubadoras para rec\u00e9m-nascidos. &nbsp; Acess\u00f3rios Inclusos no Produto &nbsp; Caracter\u00edsticas Gerais Temperatura. Velocidade do ar. Umidade. [&hellip;]\" \/>\n<meta property=\"og:url\" content=\"https:\/\/neos.ind.br\/novosite\/produto\/tin100\/\" \/>\n<meta property=\"og:site_name\" content=\"N\u00e9os\" \/>\n<meta property=\"article:modified_time\" content=\"2024-05-02T19:48:50+00:00\" \/>\n<meta property=\"og:image\" content=\"https:\/\/neos.ind.br\/novosite\/wp-content\/uploads\/2023\/07\/TIN100-1-scaled.jpg\" \/>\n\t<meta property=\"og:image:width\" content=\"2560\" \/>\n\t<meta property=\"og:image:height\" content=\"2560\" \/>\n\t<meta property=\"og:image:type\" content=\"image\/jpeg\" \/>\n<meta name=\"twitter:card\" content=\"summary_large_image\" \/>\n<meta name=\"twitter:label1\" content=\"Est. tempo de leitura\" \/>\n\t<meta name=\"twitter:data1\" content=\"2 minutos\" \/>\n<script type=\"application\/ld+json\" class=\"yoast-schema-graph\">{\"@context\":\"https:\/\/schema.org\",\"@graph\":[{\"@type\":\"WebPage\",\"@id\":\"https:\/\/neos.ind.br\/novosite\/produto\/tin100\/\",\"url\":\"https:\/\/neos.ind.br\/novosite\/produto\/tin100\/\",\"name\":\"TIN100 - N\u00e9os\",\"isPartOf\":{\"@id\":\"https:\/\/neos.ind.br\/novosite\/#website\"},\"primaryImageOfPage\":{\"@id\":\"https:\/\/neos.ind.br\/novosite\/produto\/tin100\/#primaryimage\"},\"image\":{\"@id\":\"https:\/\/neos.ind.br\/novosite\/produto\/tin100\/#primaryimage\"},\"thumbnailUrl\":\"https:\/\/neos.ind.br\/novosite\/wp-content\/uploads\/2023\/07\/TIN100-1-scaled.jpg\",\"datePublished\":\"2023-07-07T19:29:42+00:00\",\"dateModified\":\"2024-05-02T19:48:50+00:00\",\"breadcrumb\":{\"@id\":\"https:\/\/neos.ind.br\/novosite\/produto\/tin100\/#breadcrumb\"},\"inLanguage\":\"pt-BR\",\"potentialAction\":[{\"@type\":\"ReadAction\",\"target\":[\"https:\/\/neos.ind.br\/novosite\/produto\/tin100\/\"]}]},{\"@type\":\"ImageObject\",\"inLanguage\":\"pt-BR\",\"@id\":\"https:\/\/neos.ind.br\/novosite\/produto\/tin100\/#primaryimage\",\"url\":\"https:\/\/neos.ind.br\/novosite\/wp-content\/uploads\/2023\/07\/TIN100-1-scaled.jpg\",\"contentUrl\":\"https:\/\/neos.ind.br\/novosite\/wp-content\/uploads\/2023\/07\/TIN100-1-scaled.jpg\",\"width\":2560,\"height\":2560},{\"@type\":\"BreadcrumbList\",\"@id\":\"https:\/\/neos.ind.br\/novosite\/produto\/tin100\/#breadcrumb\",\"itemListElement\":[{\"@type\":\"ListItem\",\"position\":1,\"name\":\"In\u00edcio\",\"item\":\"https:\/\/neos.ind.br\/novosite\/\"},{\"@type\":\"ListItem\",\"position\":2,\"name\":\"Produtos\",\"item\":\"https:\/\/neos.ind.br\/novosite\/produtos\/\"},{\"@type\":\"ListItem\",\"position\":3,\"name\":\"TIN100\"}]},{\"@type\":\"WebSite\",\"@id\":\"https:\/\/neos.ind.br\/novosite\/#website\",\"url\":\"https:\/\/neos.ind.br\/novosite\/\",\"name\":\"N\u00e9os\",\"description\":\"\",\"publisher\":{\"@id\":\"https:\/\/neos.ind.br\/novosite\/#organization\"},\"potentialAction\":[{\"@type\":\"SearchAction\",\"target\":{\"@type\":\"EntryPoint\",\"urlTemplate\":\"https:\/\/neos.ind.br\/novosite\/?s={search_term_string}\"},\"query-input\":\"required name=search_term_string\"}],\"inLanguage\":\"pt-BR\"},{\"@type\":\"Organization\",\"@id\":\"https:\/\/neos.ind.br\/novosite\/#organization\",\"name\":\"N\u00e9os\",\"url\":\"https:\/\/neos.ind.br\/novosite\/\",\"logo\":{\"@type\":\"ImageObject\",\"inLanguage\":\"pt-BR\",\"@id\":\"https:\/\/neos.ind.br\/novosite\/#\/schema\/logo\/image\/\",\"url\":\"https:\/\/neos.ind.br\/novosite\/wp-content\/uploads\/2023\/07\/logo-topo.png\",\"contentUrl\":\"https:\/\/neos.ind.br\/novosite\/wp-content\/uploads\/2023\/07\/logo-topo.png\",\"width\":147,\"height\":66,\"caption\":\"N\u00e9os\"},\"image\":{\"@id\":\"https:\/\/neos.ind.br\/novosite\/#\/schema\/logo\/image\/\"}}]}<\/script>\n<!-- \/ Yoast SEO plugin. -->","yoast_head_json":{"title":"TIN100 - N\u00e9os","robots":{"index":"index","follow":"follow","max-snippet":"max-snippet:-1","max-image-preview":"max-image-preview:large","max-video-preview":"max-video-preview:-1"},"canonical":"https:\/\/neos.ind.br\/novosite\/produto\/tin100\/","og_locale":"pt_BR","og_type":"article","og_title":"TIN100 - N\u00e9os","og_description":"Analisador de Incubadora O TIN100 \u00e9 utilizado em ensaios de temperatura, velocidade do ar, umidade, ru\u00eddo e concentra\u00e7\u00e3o de oxig\u00eanio em incubadoras. Segue a norma NBR IEC 60601-2-19, que estabelece requisitos particulares para seguran\u00e7a b\u00e1sica e desempenho essencial das incubadoras para rec\u00e9m-nascidos. &nbsp; Acess\u00f3rios Inclusos no Produto &nbsp; Caracter\u00edsticas Gerais Temperatura. Velocidade do ar. Umidade. [&hellip;]","og_url":"https:\/\/neos.ind.br\/novosite\/produto\/tin100\/","og_site_name":"N\u00e9os","article_modified_time":"2024-05-02T19:48:50+00:00","og_image":[{"width":2560,"height":2560,"url":"https:\/\/neos.ind.br\/novosite\/wp-content\/uploads\/2023\/07\/TIN100-1-scaled.jpg","type":"image\/jpeg"}],"twitter_card":"summary_large_image","twitter_misc":{"Est. tempo de leitura":"2 minutos"},"schema":{"@context":"https:\/\/schema.org","@graph":[{"@type":"WebPage","@id":"https:\/\/neos.ind.br\/novosite\/produto\/tin100\/","url":"https:\/\/neos.ind.br\/novosite\/produto\/tin100\/","name":"TIN100 - N\u00e9os","isPartOf":{"@id":"https:\/\/neos.ind.br\/novosite\/#website"},"primaryImageOfPage":{"@id":"https:\/\/neos.ind.br\/novosite\/produto\/tin100\/#primaryimage"},"image":{"@id":"https:\/\/neos.ind.br\/novosite\/produto\/tin100\/#primaryimage"},"thumbnailUrl":"https:\/\/neos.ind.br\/novosite\/wp-content\/uploads\/2023\/07\/TIN100-1-scaled.jpg","datePublished":"2023-07-07T19:29:42+00:00","dateModified":"2024-05-02T19:48:50+00:00","breadcrumb":{"@id":"https:\/\/neos.ind.br\/novosite\/produto\/tin100\/#breadcrumb"},"inLanguage":"pt-BR","potentialAction":[{"@type":"ReadAction","target":["https:\/\/neos.ind.br\/novosite\/produto\/tin100\/"]}]},{"@type":"ImageObject","inLanguage":"pt-BR","@id":"https:\/\/neos.ind.br\/novosite\/produto\/tin100\/#primaryimage","url":"https:\/\/neos.ind.br\/novosite\/wp-content\/uploads\/2023\/07\/TIN100-1-scaled.jpg","contentUrl":"https:\/\/neos.ind.br\/novosite\/wp-content\/uploads\/2023\/07\/TIN100-1-scaled.jpg","width":2560,"height":2560},{"@type":"BreadcrumbList","@id":"https:\/\/neos.ind.br\/novosite\/produto\/tin100\/#breadcrumb","itemListElement":[{"@type":"ListItem","position":1,"name":"In\u00edcio","item":"https:\/\/neos.ind.br\/novosite\/"},{"@type":"ListItem","position":2,"name":"Produtos","item":"https:\/\/neos.ind.br\/novosite\/produtos\/"},{"@type":"ListItem","position":3,"name":"TIN100"}]},{"@type":"WebSite","@id":"https:\/\/neos.ind.br\/novosite\/#website","url":"https:\/\/neos.ind.br\/novosite\/","name":"N\u00e9os","description":"","publisher":{"@id":"https:\/\/neos.ind.br\/novosite\/#organization"},"potentialAction":[{"@type":"SearchAction","target":{"@type":"EntryPoint","urlTemplate":"https:\/\/neos.ind.br\/novosite\/?s={search_term_string}"},"query-input":"required name=search_term_string"}],"inLanguage":"pt-BR"},{"@type":"Organization","@id":"https:\/\/neos.ind.br\/novosite\/#organization","name":"N\u00e9os","url":"https:\/\/neos.ind.br\/novosite\/","logo":{"@type":"ImageObject","inLanguage":"pt-BR","@id":"https:\/\/neos.ind.br\/novosite\/#\/schema\/logo\/image\/","url":"https:\/\/neos.ind.br\/novosite\/wp-content\/uploads\/2023\/07\/logo-topo.png","contentUrl":"https:\/\/neos.ind.br\/novosite\/wp-content\/uploads\/2023\/07\/logo-topo.png","width":147,"height":66,"caption":"N\u00e9os"},"image":{"@id":"https:\/\/neos.ind.br\/novosite\/#\/schema\/logo\/image\/"}}]}},"_links":{"self":[{"href":"https:\/\/neos.ind.br\/novosite\/wp-json\/wp\/v2\/product\/3591","targetHints":{"allow":["GET"]}}],"collection":[{"href":"https:\/\/neos.ind.br\/novosite\/wp-json\/wp\/v2\/product"}],"about":[{"href":"https:\/\/neos.ind.br\/novosite\/wp-json\/wp\/v2\/types\/product"}],"replies":[{"embeddable":true,"href":"https:\/\/neos.ind.br\/novosite\/wp-json\/wp\/v2\/comments?post=3591"}],"version-history":[{"count":5,"href":"https:\/\/neos.ind.br\/novosite\/wp-json\/wp\/v2\/product\/3591\/revisions"}],"predecessor-version":[{"id":5246,"href":"https:\/\/neos.ind.br\/novosite\/wp-json\/wp\/v2\/product\/3591\/revisions\/5246"}],"wp:featuredmedia":[{"embeddable":true,"href":"https:\/\/neos.ind.br\/novosite\/wp-json\/wp\/v2\/media\/4594"}],"wp:attachment":[{"href":"https:\/\/neos.ind.br\/novosite\/wp-json\/wp\/v2\/media?parent=3591"}],"wp:term":[{"taxonomy":"product_cat","embeddable":true,"href":"https:\/\/neos.ind.br\/novosite\/wp-json\/wp\/v2\/product_cat?post=3591"},{"taxonomy":"product_tag","embeddable":true,"href":"https:\/\/neos.ind.br\/novosite\/wp-json\/wp\/v2\/product_tag?post=3591"}],"curies":[{"name":"wp","href":"https:\/\/api.w.org\/{rel}","templated":true}]}}