{"id":3592,"date":"2023-07-07T16:29:43","date_gmt":"2023-07-07T19:29:43","guid":{"rendered":"https:\/\/neos.ind.br\/novosite\/?post_type=product&#038;p=3592"},"modified":"2024-04-26T13:26:57","modified_gmt":"2024-04-26T16:26:57","slug":"mdc100","status":"publish","type":"product","link":"https:\/\/neos.ind.br\/novosite\/produto\/mdc100\/","title":{"rendered":"MDC100"},"content":{"rendered":"<h3 class=\"cor1\">M\u00f3dulo de D\u00e9bito Card\u00edaco<\/h3>\n<p>O MDC100 \u00e9 um m\u00f3dulo desenvolvido para utiliza\u00e7\u00e3o conjunta com equipamentos N\u00e9os em testes de simula\u00e7\u00e3o de diferentes curvas de D\u00e9bito Card\u00edaco. Replica o m\u00e9todo de termo dilui\u00e7\u00e3o para equipamentos que utilizam cateter Baxter Edwards. Simula valores de d\u00e9bito, curvas de anomalia e pulso de calibra\u00e7\u00e3o.<\/p>\n<p>&nbsp;<\/p>\n<h3 class=\"cor1\">Acess\u00f3rios Inclusos no Produto<\/h3>\n<p><img fetchpriority=\"high\" decoding=\"async\" class=\"alignnone wp-image-4758\" src=\"https:\/\/neos.ind.br\/novosite\/wp-content\/uploads\/2023\/07\/Kit-MDC100-300x300.png\" alt=\"\" width=\"538\" height=\"538\" srcset=\"https:\/\/neos.ind.br\/novosite\/wp-content\/uploads\/2023\/07\/Kit-MDC100-300x300.png 300w, https:\/\/neos.ind.br\/novosite\/wp-content\/uploads\/2023\/07\/Kit-MDC100-1024x1024.png 1024w, https:\/\/neos.ind.br\/novosite\/wp-content\/uploads\/2023\/07\/Kit-MDC100-150x150.png 150w, https:\/\/neos.ind.br\/novosite\/wp-content\/uploads\/2023\/07\/Kit-MDC100-768x768.png 768w, https:\/\/neos.ind.br\/novosite\/wp-content\/uploads\/2023\/07\/Kit-MDC100-1536x1536.png 1536w, https:\/\/neos.ind.br\/novosite\/wp-content\/uploads\/2023\/07\/Kit-MDC100-600x600.png 600w, https:\/\/neos.ind.br\/novosite\/wp-content\/uploads\/2023\/07\/Kit-MDC100-100x100.png 100w, https:\/\/neos.ind.br\/novosite\/wp-content\/uploads\/2023\/07\/Kit-MDC100.png 1772w\" sizes=\"(max-width: 538px) 100vw, 538px\" \/><\/p>\n<p><a href=\"http:\/\/www-neos-ind-br.rds.land\/ficha-tecnica-mcd100\"><strong>Baixe as especifica\u00e7\u00f5es t\u00e9cnicas do MDC100<\/strong><\/a><\/p>\n<p><a href=\"http:\/\/www-neos-ind-br.rds.land\/ficha-tecnica-mcd100\"><img decoding=\"async\" class=\"alignnone wp-image-3367\" src=\"https:\/\/neos.ind.brwp-content\/uploads\/2023\/04\/mdc-100-211x300.jpg\" alt=\"\" width=\"160\" height=\"227\" srcset=\"https:\/\/neos.ind.br\/novosite\/wp-content\/uploads\/2023\/04\/mdc-100-211x300.jpg 211w, https:\/\/neos.ind.br\/novosite\/wp-content\/uploads\/2023\/04\/mdc-100.jpg 391w\" sizes=\"(max-width: 160px) 100vw, 160px\" \/><\/a><\/p>\n<p>&nbsp;<\/p>\n<h3><a href=\"http:\/\/www-neos-ind-br.rds.land\/ficha-tecnica-mcd100\"><strong>Clique aqui!<\/strong><\/a><\/h3>\n","protected":false},"excerpt":{"rendered":"<p>M\u00f3dulo de D\u00e9bito Card\u00edaco O MDC100 \u00e9 um m\u00f3dulo desenvolvido para utiliza\u00e7\u00e3o conjunta com equipamentos N\u00e9os em testes de simula\u00e7\u00e3o de diferentes curvas de D\u00e9bito Card\u00edaco. Replica o m\u00e9todo de termo dilui\u00e7\u00e3o para equipamentos que utilizam cateter Baxter Edwards. Simula valores de d\u00e9bito, curvas de anomalia e pulso de calibra\u00e7\u00e3o. &nbsp; Acess\u00f3rios Inclusos no Produto [&hellip;]<\/p>\n","protected":false},"featured_media":4615,"comment_status":"closed","ping_status":"closed","template":"","meta":{"_acf_changed":false},"product_cat":[24,68],"product_tag":[],"class_list":{"0":"post-3592","1":"product","2":"type-product","3":"status-publish","4":"has-post-thumbnail","6":"product_cat-todos","7":"product_cat-simulador-de-paciente","9":"first","10":"instock","11":"downloadable","12":"shipping-taxable","13":"purchasable","14":"product-type-simple"},"acf":[],"yoast_head":"<!-- This site is optimized with the Yoast SEO plugin v22.3 - https:\/\/yoast.com\/wordpress\/plugins\/seo\/ -->\n<title>MDC100 - N\u00e9os<\/title>\n<meta name=\"robots\" content=\"index, follow, max-snippet:-1, max-image-preview:large, max-video-preview:-1\" \/>\n<link rel=\"canonical\" href=\"https:\/\/neos.ind.br\/novosite\/produto\/mdc100\/\" \/>\n<meta property=\"og:locale\" content=\"pt_BR\" \/>\n<meta property=\"og:type\" content=\"article\" \/>\n<meta property=\"og:title\" content=\"MDC100 - N\u00e9os\" \/>\n<meta property=\"og:description\" content=\"M\u00f3dulo de D\u00e9bito Card\u00edaco O MDC100 \u00e9 um m\u00f3dulo desenvolvido para utiliza\u00e7\u00e3o conjunta com equipamentos N\u00e9os em testes de simula\u00e7\u00e3o de diferentes curvas de D\u00e9bito Card\u00edaco. Replica o m\u00e9todo de termo dilui\u00e7\u00e3o para equipamentos que utilizam cateter Baxter Edwards. Simula valores de d\u00e9bito, curvas de anomalia e pulso de calibra\u00e7\u00e3o. &nbsp; Acess\u00f3rios Inclusos no Produto [&hellip;]\" \/>\n<meta property=\"og:url\" content=\"https:\/\/neos.ind.br\/novosite\/produto\/mdc100\/\" \/>\n<meta property=\"og:site_name\" content=\"N\u00e9os\" \/>\n<meta property=\"article:modified_time\" content=\"2024-04-26T16:26:57+00:00\" \/>\n<meta property=\"og:image\" content=\"https:\/\/neos.ind.br\/novosite\/wp-content\/uploads\/2023\/07\/MDC100-1-scaled.jpg\" \/>\n\t<meta property=\"og:image:width\" content=\"2560\" \/>\n\t<meta property=\"og:image:height\" content=\"2560\" \/>\n\t<meta property=\"og:image:type\" content=\"image\/jpeg\" \/>\n<meta name=\"twitter:card\" content=\"summary_large_image\" \/>\n<meta name=\"twitter:label1\" content=\"Est. tempo de leitura\" \/>\n\t<meta name=\"twitter:data1\" content=\"1 minuto\" \/>\n<script type=\"application\/ld+json\" class=\"yoast-schema-graph\">{\"@context\":\"https:\/\/schema.org\",\"@graph\":[{\"@type\":\"WebPage\",\"@id\":\"https:\/\/neos.ind.br\/novosite\/produto\/mdc100\/\",\"url\":\"https:\/\/neos.ind.br\/novosite\/produto\/mdc100\/\",\"name\":\"MDC100 - N\u00e9os\",\"isPartOf\":{\"@id\":\"https:\/\/neos.ind.br\/novosite\/#website\"},\"primaryImageOfPage\":{\"@id\":\"https:\/\/neos.ind.br\/novosite\/produto\/mdc100\/#primaryimage\"},\"image\":{\"@id\":\"https:\/\/neos.ind.br\/novosite\/produto\/mdc100\/#primaryimage\"},\"thumbnailUrl\":\"https:\/\/neos.ind.br\/novosite\/wp-content\/uploads\/2023\/07\/MDC100-1-scaled.jpg\",\"datePublished\":\"2023-07-07T19:29:43+00:00\",\"dateModified\":\"2024-04-26T16:26:57+00:00\",\"breadcrumb\":{\"@id\":\"https:\/\/neos.ind.br\/novosite\/produto\/mdc100\/#breadcrumb\"},\"inLanguage\":\"pt-BR\",\"potentialAction\":[{\"@type\":\"ReadAction\",\"target\":[\"https:\/\/neos.ind.br\/novosite\/produto\/mdc100\/\"]}]},{\"@type\":\"ImageObject\",\"inLanguage\":\"pt-BR\",\"@id\":\"https:\/\/neos.ind.br\/novosite\/produto\/mdc100\/#primaryimage\",\"url\":\"https:\/\/neos.ind.br\/novosite\/wp-content\/uploads\/2023\/07\/MDC100-1-scaled.jpg\",\"contentUrl\":\"https:\/\/neos.ind.br\/novosite\/wp-content\/uploads\/2023\/07\/MDC100-1-scaled.jpg\",\"width\":2560,\"height\":2560},{\"@type\":\"BreadcrumbList\",\"@id\":\"https:\/\/neos.ind.br\/novosite\/produto\/mdc100\/#breadcrumb\",\"itemListElement\":[{\"@type\":\"ListItem\",\"position\":1,\"name\":\"In\u00edcio\",\"item\":\"https:\/\/neos.ind.br\/novosite\/\"},{\"@type\":\"ListItem\",\"position\":2,\"name\":\"Produtos\",\"item\":\"https:\/\/neos.ind.br\/novosite\/produtos\/\"},{\"@type\":\"ListItem\",\"position\":3,\"name\":\"MDC100\"}]},{\"@type\":\"WebSite\",\"@id\":\"https:\/\/neos.ind.br\/novosite\/#website\",\"url\":\"https:\/\/neos.ind.br\/novosite\/\",\"name\":\"N\u00e9os\",\"description\":\"\",\"publisher\":{\"@id\":\"https:\/\/neos.ind.br\/novosite\/#organization\"},\"potentialAction\":[{\"@type\":\"SearchAction\",\"target\":{\"@type\":\"EntryPoint\",\"urlTemplate\":\"https:\/\/neos.ind.br\/novosite\/?s={search_term_string}\"},\"query-input\":\"required name=search_term_string\"}],\"inLanguage\":\"pt-BR\"},{\"@type\":\"Organization\",\"@id\":\"https:\/\/neos.ind.br\/novosite\/#organization\",\"name\":\"N\u00e9os\",\"url\":\"https:\/\/neos.ind.br\/novosite\/\",\"logo\":{\"@type\":\"ImageObject\",\"inLanguage\":\"pt-BR\",\"@id\":\"https:\/\/neos.ind.br\/novosite\/#\/schema\/logo\/image\/\",\"url\":\"https:\/\/neos.ind.br\/novosite\/wp-content\/uploads\/2023\/07\/logo-topo.png\",\"contentUrl\":\"https:\/\/neos.ind.br\/novosite\/wp-content\/uploads\/2023\/07\/logo-topo.png\",\"width\":147,\"height\":66,\"caption\":\"N\u00e9os\"},\"image\":{\"@id\":\"https:\/\/neos.ind.br\/novosite\/#\/schema\/logo\/image\/\"}}]}<\/script>\n<!-- \/ Yoast SEO plugin. -->","yoast_head_json":{"title":"MDC100 - N\u00e9os","robots":{"index":"index","follow":"follow","max-snippet":"max-snippet:-1","max-image-preview":"max-image-preview:large","max-video-preview":"max-video-preview:-1"},"canonical":"https:\/\/neos.ind.br\/novosite\/produto\/mdc100\/","og_locale":"pt_BR","og_type":"article","og_title":"MDC100 - N\u00e9os","og_description":"M\u00f3dulo de D\u00e9bito Card\u00edaco O MDC100 \u00e9 um m\u00f3dulo desenvolvido para utiliza\u00e7\u00e3o conjunta com equipamentos N\u00e9os em testes de simula\u00e7\u00e3o de diferentes curvas de D\u00e9bito Card\u00edaco. Replica o m\u00e9todo de termo dilui\u00e7\u00e3o para equipamentos que utilizam cateter Baxter Edwards. Simula valores de d\u00e9bito, curvas de anomalia e pulso de calibra\u00e7\u00e3o. &nbsp; Acess\u00f3rios Inclusos no Produto [&hellip;]","og_url":"https:\/\/neos.ind.br\/novosite\/produto\/mdc100\/","og_site_name":"N\u00e9os","article_modified_time":"2024-04-26T16:26:57+00:00","og_image":[{"width":2560,"height":2560,"url":"https:\/\/neos.ind.br\/novosite\/wp-content\/uploads\/2023\/07\/MDC100-1-scaled.jpg","type":"image\/jpeg"}],"twitter_card":"summary_large_image","twitter_misc":{"Est. tempo de leitura":"1 minuto"},"schema":{"@context":"https:\/\/schema.org","@graph":[{"@type":"WebPage","@id":"https:\/\/neos.ind.br\/novosite\/produto\/mdc100\/","url":"https:\/\/neos.ind.br\/novosite\/produto\/mdc100\/","name":"MDC100 - N\u00e9os","isPartOf":{"@id":"https:\/\/neos.ind.br\/novosite\/#website"},"primaryImageOfPage":{"@id":"https:\/\/neos.ind.br\/novosite\/produto\/mdc100\/#primaryimage"},"image":{"@id":"https:\/\/neos.ind.br\/novosite\/produto\/mdc100\/#primaryimage"},"thumbnailUrl":"https:\/\/neos.ind.br\/novosite\/wp-content\/uploads\/2023\/07\/MDC100-1-scaled.jpg","datePublished":"2023-07-07T19:29:43+00:00","dateModified":"2024-04-26T16:26:57+00:00","breadcrumb":{"@id":"https:\/\/neos.ind.br\/novosite\/produto\/mdc100\/#breadcrumb"},"inLanguage":"pt-BR","potentialAction":[{"@type":"ReadAction","target":["https:\/\/neos.ind.br\/novosite\/produto\/mdc100\/"]}]},{"@type":"ImageObject","inLanguage":"pt-BR","@id":"https:\/\/neos.ind.br\/novosite\/produto\/mdc100\/#primaryimage","url":"https:\/\/neos.ind.br\/novosite\/wp-content\/uploads\/2023\/07\/MDC100-1-scaled.jpg","contentUrl":"https:\/\/neos.ind.br\/novosite\/wp-content\/uploads\/2023\/07\/MDC100-1-scaled.jpg","width":2560,"height":2560},{"@type":"BreadcrumbList","@id":"https:\/\/neos.ind.br\/novosite\/produto\/mdc100\/#breadcrumb","itemListElement":[{"@type":"ListItem","position":1,"name":"In\u00edcio","item":"https:\/\/neos.ind.br\/novosite\/"},{"@type":"ListItem","position":2,"name":"Produtos","item":"https:\/\/neos.ind.br\/novosite\/produtos\/"},{"@type":"ListItem","position":3,"name":"MDC100"}]},{"@type":"WebSite","@id":"https:\/\/neos.ind.br\/novosite\/#website","url":"https:\/\/neos.ind.br\/novosite\/","name":"N\u00e9os","description":"","publisher":{"@id":"https:\/\/neos.ind.br\/novosite\/#organization"},"potentialAction":[{"@type":"SearchAction","target":{"@type":"EntryPoint","urlTemplate":"https:\/\/neos.ind.br\/novosite\/?s={search_term_string}"},"query-input":"required name=search_term_string"}],"inLanguage":"pt-BR"},{"@type":"Organization","@id":"https:\/\/neos.ind.br\/novosite\/#organization","name":"N\u00e9os","url":"https:\/\/neos.ind.br\/novosite\/","logo":{"@type":"ImageObject","inLanguage":"pt-BR","@id":"https:\/\/neos.ind.br\/novosite\/#\/schema\/logo\/image\/","url":"https:\/\/neos.ind.br\/novosite\/wp-content\/uploads\/2023\/07\/logo-topo.png","contentUrl":"https:\/\/neos.ind.br\/novosite\/wp-content\/uploads\/2023\/07\/logo-topo.png","width":147,"height":66,"caption":"N\u00e9os"},"image":{"@id":"https:\/\/neos.ind.br\/novosite\/#\/schema\/logo\/image\/"}}]}},"_links":{"self":[{"href":"https:\/\/neos.ind.br\/novosite\/wp-json\/wp\/v2\/product\/3592","targetHints":{"allow":["GET"]}}],"collection":[{"href":"https:\/\/neos.ind.br\/novosite\/wp-json\/wp\/v2\/product"}],"about":[{"href":"https:\/\/neos.ind.br\/novosite\/wp-json\/wp\/v2\/types\/product"}],"replies":[{"embeddable":true,"href":"https:\/\/neos.ind.br\/novosite\/wp-json\/wp\/v2\/comments?post=3592"}],"version-history":[{"count":3,"href":"https:\/\/neos.ind.br\/novosite\/wp-json\/wp\/v2\/product\/3592\/revisions"}],"predecessor-version":[{"id":4810,"href":"https:\/\/neos.ind.br\/novosite\/wp-json\/wp\/v2\/product\/3592\/revisions\/4810"}],"wp:featuredmedia":[{"embeddable":true,"href":"https:\/\/neos.ind.br\/novosite\/wp-json\/wp\/v2\/media\/4615"}],"wp:attachment":[{"href":"https:\/\/neos.ind.br\/novosite\/wp-json\/wp\/v2\/media?parent=3592"}],"wp:term":[{"taxonomy":"product_cat","embeddable":true,"href":"https:\/\/neos.ind.br\/novosite\/wp-json\/wp\/v2\/product_cat?post=3592"},{"taxonomy":"product_tag","embeddable":true,"href":"https:\/\/neos.ind.br\/novosite\/wp-json\/wp\/v2\/product_tag?post=3592"}],"curies":[{"name":"wp","href":"https:\/\/api.w.org\/{rel}","templated":true}]}}