{"id":3599,"date":"2023-07-07T16:29:45","date_gmt":"2023-07-07T19:29:45","guid":{"rendered":"https:\/\/neos.ind.br\/novosite\/?post_type=product&#038;p=3599"},"modified":"2024-05-06T16:36:34","modified_gmt":"2024-05-06T19:36:34","slug":"aqt110","status":"publish","type":"product","link":"https:\/\/neos.ind.br\/novosite\/produto\/aqt110\/","title":{"rendered":"AQT110"},"content":{"rendered":"<h3 class=\"cor1\">Analisador de Qualifica\u00e7\u00e3o T\u00e9rmica<\/h3>\n<p>Utilizados em ensaios para medi\u00e7\u00e3o de temperatura, press\u00e3o e umidade em equipamentos de acordo com as normas ABNT NBR 16328, ABNT NBR ISO 17665 e EN285. Com foco em Autoclaves, estufas, lavadoras, desinfetadoras, refrigeradores, congeladores e c\u00e2maras.<\/p>\n<p>&nbsp;<\/p>\n<h3 class=\"cor1\">Acess\u00f3rios Inclusos no Produto<\/h3>\n<p><img fetchpriority=\"high\" decoding=\"async\" class=\"alignnone wp-image-4752\" src=\"https:\/\/neos.ind.br\/novosite\/wp-content\/uploads\/2023\/07\/Kit-AQT110-300x283.png\" alt=\"\" width=\"530\" height=\"500\" srcset=\"https:\/\/neos.ind.br\/novosite\/wp-content\/uploads\/2023\/07\/Kit-AQT110-300x283.png 300w, https:\/\/neos.ind.br\/novosite\/wp-content\/uploads\/2023\/07\/Kit-AQT110-1024x965.png 1024w, https:\/\/neos.ind.br\/novosite\/wp-content\/uploads\/2023\/07\/Kit-AQT110-768x723.png 768w, https:\/\/neos.ind.br\/novosite\/wp-content\/uploads\/2023\/07\/Kit-AQT110-1536x1447.png 1536w, https:\/\/neos.ind.br\/novosite\/wp-content\/uploads\/2023\/07\/Kit-AQT110-600x565.png 600w, https:\/\/neos.ind.br\/novosite\/wp-content\/uploads\/2023\/07\/Kit-AQT110.png 1881w\" sizes=\"(max-width: 530px) 100vw, 530px\" \/><\/p>\n<p>&nbsp;<\/p>\n<h3 class=\"cor1\">Caracter\u00edsticas Gerais<\/h3>\n<ul>\n<li>Temperatura.<\/li>\n<li>Press\u00e3o (com MPR100 acoplado).<\/li>\n<li>Umidade.<\/li>\n<li>Opera a bateria com autonomia de 8 horas.<\/li>\n<li>Tela t\u00e1ctil.<\/li>\n<li>Comunica\u00e7\u00e3o: USB, cart\u00e3o SD, RS-232, Bluetooth.<\/li>\n<\/ul>\n<p>&nbsp;<\/p>\n<p><a href=\"https:\/\/materiais.neos.ind.br\/ficha-tecnica-aqt110\"><strong>Baixe as especifica\u00e7\u00f5es t\u00e9cnicas do AQT110<\/strong><\/a><\/p>\n<p><a href=\"https:\/\/materiais.neos.ind.br\/ficha-tecnica-aqt110\"><img decoding=\"async\" class=\"alignnone wp-image-5268 \" src=\"https:\/\/neos.ind.br\/novosite\/wp-content\/uploads\/2023\/07\/AQT110-Especificacao-Tecnica-rev00-20231200-1-300x300.jpg\" alt=\"\" width=\"152\" height=\"190\" \/><\/a><\/p>\n","protected":false},"excerpt":{"rendered":"<p>Analisador de Qualifica\u00e7\u00e3o T\u00e9rmica Utilizados em ensaios para medi\u00e7\u00e3o de temperatura, press\u00e3o e umidade em equipamentos de acordo com as normas ABNT NBR 16328, ABNT NBR ISO 17665 e EN285. Com foco em Autoclaves, estufas, lavadoras, desinfetadoras, refrigeradores, congeladores e c\u00e2maras. &nbsp; Acess\u00f3rios Inclusos no Produto &nbsp; Caracter\u00edsticas Gerais Temperatura. Press\u00e3o (com MPR100 acoplado). Umidade. [&hellip;]<\/p>\n","protected":false},"featured_media":4497,"comment_status":"closed","ping_status":"closed","template":"","meta":{"_acf_changed":false},"product_cat":[24,73],"product_tag":[],"class_list":{"0":"post-3599","1":"product","2":"type-product","3":"status-publish","4":"has-post-thumbnail","6":"product_cat-todos","7":"product_cat-analisador-de-qualificacao-termica","9":"first","10":"instock","11":"downloadable","12":"shipping-taxable","13":"purchasable","14":"product-type-simple"},"acf":[],"yoast_head":"<!-- This site is optimized with the Yoast SEO plugin v22.3 - https:\/\/yoast.com\/wordpress\/plugins\/seo\/ -->\n<title>AQT110 - N\u00e9os<\/title>\n<meta name=\"robots\" content=\"index, follow, max-snippet:-1, max-image-preview:large, max-video-preview:-1\" \/>\n<link rel=\"canonical\" href=\"https:\/\/neos.ind.br\/novosite\/produto\/aqt110\/\" \/>\n<meta property=\"og:locale\" content=\"pt_BR\" \/>\n<meta property=\"og:type\" content=\"article\" \/>\n<meta property=\"og:title\" content=\"AQT110 - N\u00e9os\" \/>\n<meta property=\"og:description\" content=\"Analisador de Qualifica\u00e7\u00e3o T\u00e9rmica Utilizados em ensaios para medi\u00e7\u00e3o de temperatura, press\u00e3o e umidade em equipamentos de acordo com as normas ABNT NBR 16328, ABNT NBR ISO 17665 e EN285. Com foco em Autoclaves, estufas, lavadoras, desinfetadoras, refrigeradores, congeladores e c\u00e2maras. &nbsp; Acess\u00f3rios Inclusos no Produto &nbsp; Caracter\u00edsticas Gerais Temperatura. Press\u00e3o (com MPR100 acoplado). Umidade. [&hellip;]\" \/>\n<meta property=\"og:url\" content=\"https:\/\/neos.ind.br\/novosite\/produto\/aqt110\/\" \/>\n<meta property=\"og:site_name\" content=\"N\u00e9os\" \/>\n<meta property=\"article:modified_time\" content=\"2024-05-06T19:36:34+00:00\" \/>\n<meta property=\"og:image\" content=\"https:\/\/neos.ind.br\/novosite\/wp-content\/uploads\/2023\/07\/AQT110-1-scaled.jpg\" \/>\n\t<meta property=\"og:image:width\" content=\"2560\" \/>\n\t<meta property=\"og:image:height\" content=\"2560\" \/>\n\t<meta property=\"og:image:type\" content=\"image\/jpeg\" \/>\n<meta name=\"twitter:card\" content=\"summary_large_image\" \/>\n<meta name=\"twitter:label1\" content=\"Est. tempo de leitura\" \/>\n\t<meta name=\"twitter:data1\" content=\"2 minutos\" \/>\n<script type=\"application\/ld+json\" class=\"yoast-schema-graph\">{\"@context\":\"https:\/\/schema.org\",\"@graph\":[{\"@type\":\"WebPage\",\"@id\":\"https:\/\/neos.ind.br\/novosite\/produto\/aqt110\/\",\"url\":\"https:\/\/neos.ind.br\/novosite\/produto\/aqt110\/\",\"name\":\"AQT110 - N\u00e9os\",\"isPartOf\":{\"@id\":\"https:\/\/neos.ind.br\/novosite\/#website\"},\"primaryImageOfPage\":{\"@id\":\"https:\/\/neos.ind.br\/novosite\/produto\/aqt110\/#primaryimage\"},\"image\":{\"@id\":\"https:\/\/neos.ind.br\/novosite\/produto\/aqt110\/#primaryimage\"},\"thumbnailUrl\":\"https:\/\/neos.ind.br\/novosite\/wp-content\/uploads\/2023\/07\/AQT110-1-scaled.jpg\",\"datePublished\":\"2023-07-07T19:29:45+00:00\",\"dateModified\":\"2024-05-06T19:36:34+00:00\",\"breadcrumb\":{\"@id\":\"https:\/\/neos.ind.br\/novosite\/produto\/aqt110\/#breadcrumb\"},\"inLanguage\":\"pt-BR\",\"potentialAction\":[{\"@type\":\"ReadAction\",\"target\":[\"https:\/\/neos.ind.br\/novosite\/produto\/aqt110\/\"]}]},{\"@type\":\"ImageObject\",\"inLanguage\":\"pt-BR\",\"@id\":\"https:\/\/neos.ind.br\/novosite\/produto\/aqt110\/#primaryimage\",\"url\":\"https:\/\/neos.ind.br\/novosite\/wp-content\/uploads\/2023\/07\/AQT110-1-scaled.jpg\",\"contentUrl\":\"https:\/\/neos.ind.br\/novosite\/wp-content\/uploads\/2023\/07\/AQT110-1-scaled.jpg\",\"width\":2560,\"height\":2560},{\"@type\":\"BreadcrumbList\",\"@id\":\"https:\/\/neos.ind.br\/novosite\/produto\/aqt110\/#breadcrumb\",\"itemListElement\":[{\"@type\":\"ListItem\",\"position\":1,\"name\":\"In\u00edcio\",\"item\":\"https:\/\/neos.ind.br\/novosite\/\"},{\"@type\":\"ListItem\",\"position\":2,\"name\":\"Produtos\",\"item\":\"https:\/\/neos.ind.br\/novosite\/produtos\/\"},{\"@type\":\"ListItem\",\"position\":3,\"name\":\"AQT110\"}]},{\"@type\":\"WebSite\",\"@id\":\"https:\/\/neos.ind.br\/novosite\/#website\",\"url\":\"https:\/\/neos.ind.br\/novosite\/\",\"name\":\"N\u00e9os\",\"description\":\"\",\"publisher\":{\"@id\":\"https:\/\/neos.ind.br\/novosite\/#organization\"},\"potentialAction\":[{\"@type\":\"SearchAction\",\"target\":{\"@type\":\"EntryPoint\",\"urlTemplate\":\"https:\/\/neos.ind.br\/novosite\/?s={search_term_string}\"},\"query-input\":\"required name=search_term_string\"}],\"inLanguage\":\"pt-BR\"},{\"@type\":\"Organization\",\"@id\":\"https:\/\/neos.ind.br\/novosite\/#organization\",\"name\":\"N\u00e9os\",\"url\":\"https:\/\/neos.ind.br\/novosite\/\",\"logo\":{\"@type\":\"ImageObject\",\"inLanguage\":\"pt-BR\",\"@id\":\"https:\/\/neos.ind.br\/novosite\/#\/schema\/logo\/image\/\",\"url\":\"https:\/\/neos.ind.br\/novosite\/wp-content\/uploads\/2023\/07\/logo-topo.png\",\"contentUrl\":\"https:\/\/neos.ind.br\/novosite\/wp-content\/uploads\/2023\/07\/logo-topo.png\",\"width\":147,\"height\":66,\"caption\":\"N\u00e9os\"},\"image\":{\"@id\":\"https:\/\/neos.ind.br\/novosite\/#\/schema\/logo\/image\/\"}}]}<\/script>\n<!-- \/ Yoast SEO plugin. -->","yoast_head_json":{"title":"AQT110 - N\u00e9os","robots":{"index":"index","follow":"follow","max-snippet":"max-snippet:-1","max-image-preview":"max-image-preview:large","max-video-preview":"max-video-preview:-1"},"canonical":"https:\/\/neos.ind.br\/novosite\/produto\/aqt110\/","og_locale":"pt_BR","og_type":"article","og_title":"AQT110 - N\u00e9os","og_description":"Analisador de Qualifica\u00e7\u00e3o T\u00e9rmica Utilizados em ensaios para medi\u00e7\u00e3o de temperatura, press\u00e3o e umidade em equipamentos de acordo com as normas ABNT NBR 16328, ABNT NBR ISO 17665 e EN285. Com foco em Autoclaves, estufas, lavadoras, desinfetadoras, refrigeradores, congeladores e c\u00e2maras. &nbsp; Acess\u00f3rios Inclusos no Produto &nbsp; Caracter\u00edsticas Gerais Temperatura. Press\u00e3o (com MPR100 acoplado). Umidade. [&hellip;]","og_url":"https:\/\/neos.ind.br\/novosite\/produto\/aqt110\/","og_site_name":"N\u00e9os","article_modified_time":"2024-05-06T19:36:34+00:00","og_image":[{"width":2560,"height":2560,"url":"https:\/\/neos.ind.br\/novosite\/wp-content\/uploads\/2023\/07\/AQT110-1-scaled.jpg","type":"image\/jpeg"}],"twitter_card":"summary_large_image","twitter_misc":{"Est. tempo de leitura":"2 minutos"},"schema":{"@context":"https:\/\/schema.org","@graph":[{"@type":"WebPage","@id":"https:\/\/neos.ind.br\/novosite\/produto\/aqt110\/","url":"https:\/\/neos.ind.br\/novosite\/produto\/aqt110\/","name":"AQT110 - N\u00e9os","isPartOf":{"@id":"https:\/\/neos.ind.br\/novosite\/#website"},"primaryImageOfPage":{"@id":"https:\/\/neos.ind.br\/novosite\/produto\/aqt110\/#primaryimage"},"image":{"@id":"https:\/\/neos.ind.br\/novosite\/produto\/aqt110\/#primaryimage"},"thumbnailUrl":"https:\/\/neos.ind.br\/novosite\/wp-content\/uploads\/2023\/07\/AQT110-1-scaled.jpg","datePublished":"2023-07-07T19:29:45+00:00","dateModified":"2024-05-06T19:36:34+00:00","breadcrumb":{"@id":"https:\/\/neos.ind.br\/novosite\/produto\/aqt110\/#breadcrumb"},"inLanguage":"pt-BR","potentialAction":[{"@type":"ReadAction","target":["https:\/\/neos.ind.br\/novosite\/produto\/aqt110\/"]}]},{"@type":"ImageObject","inLanguage":"pt-BR","@id":"https:\/\/neos.ind.br\/novosite\/produto\/aqt110\/#primaryimage","url":"https:\/\/neos.ind.br\/novosite\/wp-content\/uploads\/2023\/07\/AQT110-1-scaled.jpg","contentUrl":"https:\/\/neos.ind.br\/novosite\/wp-content\/uploads\/2023\/07\/AQT110-1-scaled.jpg","width":2560,"height":2560},{"@type":"BreadcrumbList","@id":"https:\/\/neos.ind.br\/novosite\/produto\/aqt110\/#breadcrumb","itemListElement":[{"@type":"ListItem","position":1,"name":"In\u00edcio","item":"https:\/\/neos.ind.br\/novosite\/"},{"@type":"ListItem","position":2,"name":"Produtos","item":"https:\/\/neos.ind.br\/novosite\/produtos\/"},{"@type":"ListItem","position":3,"name":"AQT110"}]},{"@type":"WebSite","@id":"https:\/\/neos.ind.br\/novosite\/#website","url":"https:\/\/neos.ind.br\/novosite\/","name":"N\u00e9os","description":"","publisher":{"@id":"https:\/\/neos.ind.br\/novosite\/#organization"},"potentialAction":[{"@type":"SearchAction","target":{"@type":"EntryPoint","urlTemplate":"https:\/\/neos.ind.br\/novosite\/?s={search_term_string}"},"query-input":"required name=search_term_string"}],"inLanguage":"pt-BR"},{"@type":"Organization","@id":"https:\/\/neos.ind.br\/novosite\/#organization","name":"N\u00e9os","url":"https:\/\/neos.ind.br\/novosite\/","logo":{"@type":"ImageObject","inLanguage":"pt-BR","@id":"https:\/\/neos.ind.br\/novosite\/#\/schema\/logo\/image\/","url":"https:\/\/neos.ind.br\/novosite\/wp-content\/uploads\/2023\/07\/logo-topo.png","contentUrl":"https:\/\/neos.ind.br\/novosite\/wp-content\/uploads\/2023\/07\/logo-topo.png","width":147,"height":66,"caption":"N\u00e9os"},"image":{"@id":"https:\/\/neos.ind.br\/novosite\/#\/schema\/logo\/image\/"}}]}},"_links":{"self":[{"href":"https:\/\/neos.ind.br\/novosite\/wp-json\/wp\/v2\/product\/3599","targetHints":{"allow":["GET"]}}],"collection":[{"href":"https:\/\/neos.ind.br\/novosite\/wp-json\/wp\/v2\/product"}],"about":[{"href":"https:\/\/neos.ind.br\/novosite\/wp-json\/wp\/v2\/types\/product"}],"replies":[{"embeddable":true,"href":"https:\/\/neos.ind.br\/novosite\/wp-json\/wp\/v2\/comments?post=3599"}],"version-history":[{"count":7,"href":"https:\/\/neos.ind.br\/novosite\/wp-json\/wp\/v2\/product\/3599\/revisions"}],"predecessor-version":[{"id":4729,"href":"https:\/\/neos.ind.br\/novosite\/wp-json\/wp\/v2\/product\/3599\/revisions\/4729"}],"wp:featuredmedia":[{"embeddable":true,"href":"https:\/\/neos.ind.br\/novosite\/wp-json\/wp\/v2\/media\/4497"}],"wp:attachment":[{"href":"https:\/\/neos.ind.br\/novosite\/wp-json\/wp\/v2\/media?parent=3599"}],"wp:term":[{"taxonomy":"product_cat","embeddable":true,"href":"https:\/\/neos.ind.br\/novosite\/wp-json\/wp\/v2\/product_cat?post=3599"},{"taxonomy":"product_tag","embeddable":true,"href":"https:\/\/neos.ind.br\/novosite\/wp-json\/wp\/v2\/product_tag?post=3599"}],"curies":[{"name":"wp","href":"https:\/\/api.w.org\/{rel}","templated":true}]}}