{"id":3600,"date":"2023-07-07T16:29:45","date_gmt":"2023-07-07T19:29:45","guid":{"rendered":"https:\/\/neos.ind.br\/novosite\/?post_type=product&#038;p=3600"},"modified":"2024-04-18T11:27:55","modified_gmt":"2024-04-18T14:27:55","slug":"pni100","status":"publish","type":"product","link":"https:\/\/neos.ind.br\/novosite\/produto\/pni100\/","title":{"rendered":"PNI100"},"content":{"rendered":"<h3 class=\"cor1\">Analisador de Press\u00e3o n\u00e3o Invasiva<\/h3>\n<div class=\"do-portfolio-single-page-content-wrapper col-md-8 col-sm-8 col-xs-12\">\n<div class=\"do-portfolio-single-page-content\">\n<div class=\"do-single-portfolio-details\">\n<div class=\"do-image-details\">\n<p><span class=\"ui-provider a b c d e f g h i j k l m n o p q r s t u v w x y z ab ac ae af ag ah ai aj ak\" dir=\"ltr\">O PNI100 simula press\u00e3o n\u00e3o invasiva, \u00a0analisa press\u00f5es est\u00e1ticas e vazamentos de sistemas pneum\u00e1ticos. Opera como man\u00f4metro simples e insufla press\u00f5es automaticamente.<\/span><\/p>\n<p>&nbsp;<\/p>\n<\/div>\n<h3 class=\"cor1\">Acess\u00f3rios Inclusos no Produto<\/h3>\n<p><img fetchpriority=\"high\" decoding=\"async\" class=\"alignnone wp-image-4769\" src=\"https:\/\/neos.ind.br\/novosite\/wp-content\/uploads\/2023\/07\/Kit-PNI100-1-300x300.png\" alt=\"\" width=\"478\" height=\"478\" srcset=\"https:\/\/neos.ind.br\/novosite\/wp-content\/uploads\/2023\/07\/Kit-PNI100-1-300x300.png 300w, https:\/\/neos.ind.br\/novosite\/wp-content\/uploads\/2023\/07\/Kit-PNI100-1-1024x1024.png 1024w, https:\/\/neos.ind.br\/novosite\/wp-content\/uploads\/2023\/07\/Kit-PNI100-1-150x150.png 150w, https:\/\/neos.ind.br\/novosite\/wp-content\/uploads\/2023\/07\/Kit-PNI100-1-768x768.png 768w, https:\/\/neos.ind.br\/novosite\/wp-content\/uploads\/2023\/07\/Kit-PNI100-1-1536x1536.png 1536w, https:\/\/neos.ind.br\/novosite\/wp-content\/uploads\/2023\/07\/Kit-PNI100-1-600x600.png 600w, https:\/\/neos.ind.br\/novosite\/wp-content\/uploads\/2023\/07\/Kit-PNI100-1-100x100.png 100w, https:\/\/neos.ind.br\/novosite\/wp-content\/uploads\/2023\/07\/Kit-PNI100-1.png 1772w\" sizes=\"(max-width: 478px) 100vw, 478px\" \/><\/p>\n<div class=\"do-image-details\">\n<h3 class=\"cor1\">Caracter\u00edsticas Gerais<\/h3>\n<ul>\n<li>Press\u00e3o n\u00e3o invasiva.<\/li>\n<li>Press\u00e3o est\u00e1tica com bomba que insufla o sistema automaticamente.<\/li>\n<li>Teste de vazamento.<\/li>\n<li>Opera a bateria com autonomia de 10 horas.<\/li>\n<li>Tela t\u00e1ctil.<\/li>\n<li>Comunica\u00e7\u00e3o: USB e BLE.<\/li>\n<\/ul>\n<p><img decoding=\"async\" class=\"alignnone  wp-image-5225\" src=\"https:\/\/neos.ind.br\/novosite\/wp-content\/uploads\/2023\/07\/Tabela-comparativa-APE100-PNI100-SMP100-SPK100-JAU200-300x300.png\" alt=\"\" width=\"691\" height=\"691\" srcset=\"https:\/\/neos.ind.br\/novosite\/wp-content\/uploads\/2023\/07\/Tabela-comparativa-APE100-PNI100-SMP100-SPK100-JAU200-300x300.png 300w, https:\/\/neos.ind.br\/novosite\/wp-content\/uploads\/2023\/07\/Tabela-comparativa-APE100-PNI100-SMP100-SPK100-JAU200-1024x1024.png 1024w, https:\/\/neos.ind.br\/novosite\/wp-content\/uploads\/2023\/07\/Tabela-comparativa-APE100-PNI100-SMP100-SPK100-JAU200-150x150.png 150w, https:\/\/neos.ind.br\/novosite\/wp-content\/uploads\/2023\/07\/Tabela-comparativa-APE100-PNI100-SMP100-SPK100-JAU200-768x768.png 768w, https:\/\/neos.ind.br\/novosite\/wp-content\/uploads\/2023\/07\/Tabela-comparativa-APE100-PNI100-SMP100-SPK100-JAU200-1536x1536.png 1536w, https:\/\/neos.ind.br\/novosite\/wp-content\/uploads\/2023\/07\/Tabela-comparativa-APE100-PNI100-SMP100-SPK100-JAU200-600x600.png 600w, https:\/\/neos.ind.br\/novosite\/wp-content\/uploads\/2023\/07\/Tabela-comparativa-APE100-PNI100-SMP100-SPK100-JAU200-100x100.png 100w, https:\/\/neos.ind.br\/novosite\/wp-content\/uploads\/2023\/07\/Tabela-comparativa-APE100-PNI100-SMP100-SPK100-JAU200.png 1772w\" sizes=\"(max-width: 691px) 100vw, 691px\" \/><\/p>\n<\/div>\n<\/div>\n<\/div>\n<\/div>\n","protected":false},"excerpt":{"rendered":"<p>Analisador de Press\u00e3o n\u00e3o Invasiva O PNI100 simula press\u00e3o n\u00e3o invasiva, \u00a0analisa press\u00f5es est\u00e1ticas e vazamentos de sistemas pneum\u00e1ticos. Opera como man\u00f4metro simples e insufla press\u00f5es automaticamente. &nbsp; Acess\u00f3rios Inclusos no Produto Caracter\u00edsticas Gerais Press\u00e3o n\u00e3o invasiva. Press\u00e3o est\u00e1tica com bomba que insufla o sistema automaticamente. Teste de vazamento. Opera a bateria com autonomia de [&hellip;]<\/p>\n","protected":false},"featured_media":4557,"comment_status":"closed","ping_status":"closed","template":"","meta":{"_acf_changed":false},"product_cat":[24,68],"product_tag":[],"class_list":{"0":"post-3600","1":"product","2":"type-product","3":"status-publish","4":"has-post-thumbnail","6":"product_cat-todos","7":"product_cat-simulador-de-paciente","9":"first","10":"instock","11":"downloadable","12":"shipping-taxable","13":"purchasable","14":"product-type-simple"},"acf":[],"yoast_head":"<!-- This site is optimized with the Yoast SEO plugin v22.3 - https:\/\/yoast.com\/wordpress\/plugins\/seo\/ -->\n<title>PNI100 - N\u00e9os<\/title>\n<meta name=\"robots\" content=\"index, follow, max-snippet:-1, max-image-preview:large, max-video-preview:-1\" \/>\n<link rel=\"canonical\" href=\"https:\/\/neos.ind.br\/novosite\/produto\/pni100\/\" \/>\n<meta property=\"og:locale\" content=\"pt_BR\" \/>\n<meta property=\"og:type\" content=\"article\" \/>\n<meta property=\"og:title\" content=\"PNI100 - N\u00e9os\" \/>\n<meta property=\"og:description\" content=\"Analisador de Press\u00e3o n\u00e3o Invasiva O PNI100 simula press\u00e3o n\u00e3o invasiva, \u00a0analisa press\u00f5es est\u00e1ticas e vazamentos de sistemas pneum\u00e1ticos. Opera como man\u00f4metro simples e insufla press\u00f5es automaticamente. &nbsp; Acess\u00f3rios Inclusos no Produto Caracter\u00edsticas Gerais Press\u00e3o n\u00e3o invasiva. Press\u00e3o est\u00e1tica com bomba que insufla o sistema automaticamente. Teste de vazamento. Opera a bateria com autonomia de [&hellip;]\" \/>\n<meta property=\"og:url\" content=\"https:\/\/neos.ind.br\/novosite\/produto\/pni100\/\" \/>\n<meta property=\"og:site_name\" content=\"N\u00e9os\" \/>\n<meta property=\"article:modified_time\" content=\"2024-04-18T14:27:55+00:00\" \/>\n<meta property=\"og:image\" content=\"https:\/\/neos.ind.br\/novosite\/wp-content\/uploads\/2023\/07\/PNI100-1-scaled.jpg\" \/>\n\t<meta property=\"og:image:width\" content=\"2560\" \/>\n\t<meta property=\"og:image:height\" content=\"2560\" \/>\n\t<meta property=\"og:image:type\" content=\"image\/jpeg\" \/>\n<meta name=\"twitter:card\" content=\"summary_large_image\" \/>\n<meta name=\"twitter:label1\" content=\"Est. tempo de leitura\" \/>\n\t<meta name=\"twitter:data1\" content=\"1 minuto\" \/>\n<script type=\"application\/ld+json\" class=\"yoast-schema-graph\">{\"@context\":\"https:\/\/schema.org\",\"@graph\":[{\"@type\":\"WebPage\",\"@id\":\"https:\/\/neos.ind.br\/novosite\/produto\/pni100\/\",\"url\":\"https:\/\/neos.ind.br\/novosite\/produto\/pni100\/\",\"name\":\"PNI100 - N\u00e9os\",\"isPartOf\":{\"@id\":\"https:\/\/neos.ind.br\/novosite\/#website\"},\"primaryImageOfPage\":{\"@id\":\"https:\/\/neos.ind.br\/novosite\/produto\/pni100\/#primaryimage\"},\"image\":{\"@id\":\"https:\/\/neos.ind.br\/novosite\/produto\/pni100\/#primaryimage\"},\"thumbnailUrl\":\"https:\/\/neos.ind.br\/novosite\/wp-content\/uploads\/2023\/07\/PNI100-1-scaled.jpg\",\"datePublished\":\"2023-07-07T19:29:45+00:00\",\"dateModified\":\"2024-04-18T14:27:55+00:00\",\"breadcrumb\":{\"@id\":\"https:\/\/neos.ind.br\/novosite\/produto\/pni100\/#breadcrumb\"},\"inLanguage\":\"pt-BR\",\"potentialAction\":[{\"@type\":\"ReadAction\",\"target\":[\"https:\/\/neos.ind.br\/novosite\/produto\/pni100\/\"]}]},{\"@type\":\"ImageObject\",\"inLanguage\":\"pt-BR\",\"@id\":\"https:\/\/neos.ind.br\/novosite\/produto\/pni100\/#primaryimage\",\"url\":\"https:\/\/neos.ind.br\/novosite\/wp-content\/uploads\/2023\/07\/PNI100-1-scaled.jpg\",\"contentUrl\":\"https:\/\/neos.ind.br\/novosite\/wp-content\/uploads\/2023\/07\/PNI100-1-scaled.jpg\",\"width\":2560,\"height\":2560},{\"@type\":\"BreadcrumbList\",\"@id\":\"https:\/\/neos.ind.br\/novosite\/produto\/pni100\/#breadcrumb\",\"itemListElement\":[{\"@type\":\"ListItem\",\"position\":1,\"name\":\"In\u00edcio\",\"item\":\"https:\/\/neos.ind.br\/novosite\/\"},{\"@type\":\"ListItem\",\"position\":2,\"name\":\"Produtos\",\"item\":\"https:\/\/neos.ind.br\/novosite\/produtos\/\"},{\"@type\":\"ListItem\",\"position\":3,\"name\":\"PNI100\"}]},{\"@type\":\"WebSite\",\"@id\":\"https:\/\/neos.ind.br\/novosite\/#website\",\"url\":\"https:\/\/neos.ind.br\/novosite\/\",\"name\":\"N\u00e9os\",\"description\":\"\",\"publisher\":{\"@id\":\"https:\/\/neos.ind.br\/novosite\/#organization\"},\"potentialAction\":[{\"@type\":\"SearchAction\",\"target\":{\"@type\":\"EntryPoint\",\"urlTemplate\":\"https:\/\/neos.ind.br\/novosite\/?s={search_term_string}\"},\"query-input\":\"required name=search_term_string\"}],\"inLanguage\":\"pt-BR\"},{\"@type\":\"Organization\",\"@id\":\"https:\/\/neos.ind.br\/novosite\/#organization\",\"name\":\"N\u00e9os\",\"url\":\"https:\/\/neos.ind.br\/novosite\/\",\"logo\":{\"@type\":\"ImageObject\",\"inLanguage\":\"pt-BR\",\"@id\":\"https:\/\/neos.ind.br\/novosite\/#\/schema\/logo\/image\/\",\"url\":\"https:\/\/neos.ind.br\/novosite\/wp-content\/uploads\/2023\/07\/logo-topo.png\",\"contentUrl\":\"https:\/\/neos.ind.br\/novosite\/wp-content\/uploads\/2023\/07\/logo-topo.png\",\"width\":147,\"height\":66,\"caption\":\"N\u00e9os\"},\"image\":{\"@id\":\"https:\/\/neos.ind.br\/novosite\/#\/schema\/logo\/image\/\"}}]}<\/script>\n<!-- \/ Yoast SEO plugin. -->","yoast_head_json":{"title":"PNI100 - N\u00e9os","robots":{"index":"index","follow":"follow","max-snippet":"max-snippet:-1","max-image-preview":"max-image-preview:large","max-video-preview":"max-video-preview:-1"},"canonical":"https:\/\/neos.ind.br\/novosite\/produto\/pni100\/","og_locale":"pt_BR","og_type":"article","og_title":"PNI100 - N\u00e9os","og_description":"Analisador de Press\u00e3o n\u00e3o Invasiva O PNI100 simula press\u00e3o n\u00e3o invasiva, \u00a0analisa press\u00f5es est\u00e1ticas e vazamentos de sistemas pneum\u00e1ticos. Opera como man\u00f4metro simples e insufla press\u00f5es automaticamente. &nbsp; Acess\u00f3rios Inclusos no Produto Caracter\u00edsticas Gerais Press\u00e3o n\u00e3o invasiva. Press\u00e3o est\u00e1tica com bomba que insufla o sistema automaticamente. Teste de vazamento. Opera a bateria com autonomia de [&hellip;]","og_url":"https:\/\/neos.ind.br\/novosite\/produto\/pni100\/","og_site_name":"N\u00e9os","article_modified_time":"2024-04-18T14:27:55+00:00","og_image":[{"width":2560,"height":2560,"url":"https:\/\/neos.ind.br\/novosite\/wp-content\/uploads\/2023\/07\/PNI100-1-scaled.jpg","type":"image\/jpeg"}],"twitter_card":"summary_large_image","twitter_misc":{"Est. tempo de leitura":"1 minuto"},"schema":{"@context":"https:\/\/schema.org","@graph":[{"@type":"WebPage","@id":"https:\/\/neos.ind.br\/novosite\/produto\/pni100\/","url":"https:\/\/neos.ind.br\/novosite\/produto\/pni100\/","name":"PNI100 - N\u00e9os","isPartOf":{"@id":"https:\/\/neos.ind.br\/novosite\/#website"},"primaryImageOfPage":{"@id":"https:\/\/neos.ind.br\/novosite\/produto\/pni100\/#primaryimage"},"image":{"@id":"https:\/\/neos.ind.br\/novosite\/produto\/pni100\/#primaryimage"},"thumbnailUrl":"https:\/\/neos.ind.br\/novosite\/wp-content\/uploads\/2023\/07\/PNI100-1-scaled.jpg","datePublished":"2023-07-07T19:29:45+00:00","dateModified":"2024-04-18T14:27:55+00:00","breadcrumb":{"@id":"https:\/\/neos.ind.br\/novosite\/produto\/pni100\/#breadcrumb"},"inLanguage":"pt-BR","potentialAction":[{"@type":"ReadAction","target":["https:\/\/neos.ind.br\/novosite\/produto\/pni100\/"]}]},{"@type":"ImageObject","inLanguage":"pt-BR","@id":"https:\/\/neos.ind.br\/novosite\/produto\/pni100\/#primaryimage","url":"https:\/\/neos.ind.br\/novosite\/wp-content\/uploads\/2023\/07\/PNI100-1-scaled.jpg","contentUrl":"https:\/\/neos.ind.br\/novosite\/wp-content\/uploads\/2023\/07\/PNI100-1-scaled.jpg","width":2560,"height":2560},{"@type":"BreadcrumbList","@id":"https:\/\/neos.ind.br\/novosite\/produto\/pni100\/#breadcrumb","itemListElement":[{"@type":"ListItem","position":1,"name":"In\u00edcio","item":"https:\/\/neos.ind.br\/novosite\/"},{"@type":"ListItem","position":2,"name":"Produtos","item":"https:\/\/neos.ind.br\/novosite\/produtos\/"},{"@type":"ListItem","position":3,"name":"PNI100"}]},{"@type":"WebSite","@id":"https:\/\/neos.ind.br\/novosite\/#website","url":"https:\/\/neos.ind.br\/novosite\/","name":"N\u00e9os","description":"","publisher":{"@id":"https:\/\/neos.ind.br\/novosite\/#organization"},"potentialAction":[{"@type":"SearchAction","target":{"@type":"EntryPoint","urlTemplate":"https:\/\/neos.ind.br\/novosite\/?s={search_term_string}"},"query-input":"required name=search_term_string"}],"inLanguage":"pt-BR"},{"@type":"Organization","@id":"https:\/\/neos.ind.br\/novosite\/#organization","name":"N\u00e9os","url":"https:\/\/neos.ind.br\/novosite\/","logo":{"@type":"ImageObject","inLanguage":"pt-BR","@id":"https:\/\/neos.ind.br\/novosite\/#\/schema\/logo\/image\/","url":"https:\/\/neos.ind.br\/novosite\/wp-content\/uploads\/2023\/07\/logo-topo.png","contentUrl":"https:\/\/neos.ind.br\/novosite\/wp-content\/uploads\/2023\/07\/logo-topo.png","width":147,"height":66,"caption":"N\u00e9os"},"image":{"@id":"https:\/\/neos.ind.br\/novosite\/#\/schema\/logo\/image\/"}}]}},"_links":{"self":[{"href":"https:\/\/neos.ind.br\/novosite\/wp-json\/wp\/v2\/product\/3600","targetHints":{"allow":["GET"]}}],"collection":[{"href":"https:\/\/neos.ind.br\/novosite\/wp-json\/wp\/v2\/product"}],"about":[{"href":"https:\/\/neos.ind.br\/novosite\/wp-json\/wp\/v2\/types\/product"}],"replies":[{"embeddable":true,"href":"https:\/\/neos.ind.br\/novosite\/wp-json\/wp\/v2\/comments?post=3600"}],"version-history":[{"count":8,"href":"https:\/\/neos.ind.br\/novosite\/wp-json\/wp\/v2\/product\/3600\/revisions"}],"predecessor-version":[{"id":5226,"href":"https:\/\/neos.ind.br\/novosite\/wp-json\/wp\/v2\/product\/3600\/revisions\/5226"}],"wp:featuredmedia":[{"embeddable":true,"href":"https:\/\/neos.ind.br\/novosite\/wp-json\/wp\/v2\/media\/4557"}],"wp:attachment":[{"href":"https:\/\/neos.ind.br\/novosite\/wp-json\/wp\/v2\/media?parent=3600"}],"wp:term":[{"taxonomy":"product_cat","embeddable":true,"href":"https:\/\/neos.ind.br\/novosite\/wp-json\/wp\/v2\/product_cat?post=3600"},{"taxonomy":"product_tag","embeddable":true,"href":"https:\/\/neos.ind.br\/novosite\/wp-json\/wp\/v2\/product_tag?post=3600"}],"curies":[{"name":"wp","href":"https:\/\/api.w.org\/{rel}","templated":true}]}}