{"id":3639,"date":"2023-07-07T16:31:38","date_gmt":"2023-07-07T19:31:38","guid":{"rendered":"https:\/\/neos.ind.br\/novosite\/?post_type=product&#038;p=3639"},"modified":"2023-12-08T11:27:20","modified_gmt":"2023-12-08T14:27:20","slug":"cabo-externo-pressao-invasiva","status":"publish","type":"product","link":"https:\/\/neos.ind.br\/novosite\/produto\/cabo-externo-pressao-invasiva\/","title":{"rendered":"CABO EXTERNO PRESS\u00c3O INVASIVA"},"content":{"rendered":"<h2>Cabo Externo Press\u00e3o Invasiva<\/h2>\n<p>Estabelece conex\u00e3o entre o m\u00f3dulo de press\u00e3o invasiva do Simulador Multiparam\u00e9trico SMP100 e SMP200 ao m\u00f3dulo de press\u00e3o invasiva do dispositivo sob teste.<\/p>\n<p>Em uma de suas extremidade \u00e9 montada Mini DIN 6 Pinos, j\u00e1 a outra extremidade n\u00e3o \u00e9 montada, para que o usu\u00e1rio adapte ao conector do dispositivo sob teste.<\/p>\n<p>Para aquisi\u00e7\u00e3o de cabo para algum\u00a0 monitor Multiparam\u00e9trico em espec\u00edfico, entre em contato informando o modelo e marca.<\/p>\n","protected":false},"excerpt":{"rendered":"<p>Cabo Externo Press\u00e3o Invasiva Estabelece conex\u00e3o entre o m\u00f3dulo de press\u00e3o invasiva do Simulador Multiparam\u00e9trico SMP100 e SMP200 ao m\u00f3dulo de press\u00e3o invasiva do dispositivo sob teste. Em uma de suas extremidade \u00e9 montada Mini DIN 6 Pinos, j\u00e1 a outra extremidade n\u00e3o \u00e9 montada, para que o usu\u00e1rio adapte ao conector do dispositivo sob [&hellip;]<\/p>\n","protected":false},"featured_media":4684,"comment_status":"closed","ping_status":"closed","template":"","meta":{"_acf_changed":false},"product_cat":[24,25],"product_tag":[],"class_list":{"0":"post-3639","1":"product","2":"type-product","3":"status-publish","4":"has-post-thumbnail","6":"product_cat-todos","7":"product_cat-acessorios","9":"first","10":"instock","11":"shipping-taxable","12":"purchasable","13":"product-type-simple"},"acf":[],"yoast_head":"<!-- This site is optimized with the Yoast SEO plugin v22.3 - https:\/\/yoast.com\/wordpress\/plugins\/seo\/ -->\n<title>CABO EXTERNO PRESS\u00c3O INVASIVA - N\u00e9os<\/title>\n<meta name=\"robots\" content=\"index, follow, max-snippet:-1, max-image-preview:large, max-video-preview:-1\" \/>\n<link rel=\"canonical\" href=\"https:\/\/neos.ind.br\/novosite\/produto\/cabo-externo-pressao-invasiva\/\" \/>\n<meta property=\"og:locale\" content=\"pt_BR\" \/>\n<meta property=\"og:type\" content=\"article\" \/>\n<meta property=\"og:title\" content=\"CABO EXTERNO PRESS\u00c3O INVASIVA - N\u00e9os\" \/>\n<meta property=\"og:description\" content=\"Cabo Externo Press\u00e3o Invasiva Estabelece conex\u00e3o entre o m\u00f3dulo de press\u00e3o invasiva do Simulador Multiparam\u00e9trico SMP100 e SMP200 ao m\u00f3dulo de press\u00e3o invasiva do dispositivo sob teste. Em uma de suas extremidade \u00e9 montada Mini DIN 6 Pinos, j\u00e1 a outra extremidade n\u00e3o \u00e9 montada, para que o usu\u00e1rio adapte ao conector do dispositivo sob [&hellip;]\" \/>\n<meta property=\"og:url\" content=\"https:\/\/neos.ind.br\/novosite\/produto\/cabo-externo-pressao-invasiva\/\" \/>\n<meta property=\"og:site_name\" content=\"N\u00e9os\" \/>\n<meta property=\"article:modified_time\" content=\"2023-12-08T14:27:20+00:00\" \/>\n<meta property=\"og:image\" content=\"https:\/\/neos.ind.br\/novosite\/wp-content\/uploads\/2023\/07\/CABO-8-scaled.jpg\" \/>\n\t<meta property=\"og:image:width\" content=\"2560\" \/>\n\t<meta property=\"og:image:height\" content=\"2560\" \/>\n\t<meta property=\"og:image:type\" content=\"image\/jpeg\" \/>\n<meta name=\"twitter:card\" content=\"summary_large_image\" \/>\n<meta name=\"twitter:label1\" content=\"Est. tempo de leitura\" \/>\n\t<meta name=\"twitter:data1\" content=\"1 minuto\" \/>\n<script type=\"application\/ld+json\" class=\"yoast-schema-graph\">{\"@context\":\"https:\/\/schema.org\",\"@graph\":[{\"@type\":\"WebPage\",\"@id\":\"https:\/\/neos.ind.br\/novosite\/produto\/cabo-externo-pressao-invasiva\/\",\"url\":\"https:\/\/neos.ind.br\/novosite\/produto\/cabo-externo-pressao-invasiva\/\",\"name\":\"CABO EXTERNO PRESS\u00c3O INVASIVA - N\u00e9os\",\"isPartOf\":{\"@id\":\"https:\/\/neos.ind.br\/novosite\/#website\"},\"primaryImageOfPage\":{\"@id\":\"https:\/\/neos.ind.br\/novosite\/produto\/cabo-externo-pressao-invasiva\/#primaryimage\"},\"image\":{\"@id\":\"https:\/\/neos.ind.br\/novosite\/produto\/cabo-externo-pressao-invasiva\/#primaryimage\"},\"thumbnailUrl\":\"https:\/\/neos.ind.br\/novosite\/wp-content\/uploads\/2023\/07\/CABO-8-scaled.jpg\",\"datePublished\":\"2023-07-07T19:31:38+00:00\",\"dateModified\":\"2023-12-08T14:27:20+00:00\",\"breadcrumb\":{\"@id\":\"https:\/\/neos.ind.br\/novosite\/produto\/cabo-externo-pressao-invasiva\/#breadcrumb\"},\"inLanguage\":\"pt-BR\",\"potentialAction\":[{\"@type\":\"ReadAction\",\"target\":[\"https:\/\/neos.ind.br\/novosite\/produto\/cabo-externo-pressao-invasiva\/\"]}]},{\"@type\":\"ImageObject\",\"inLanguage\":\"pt-BR\",\"@id\":\"https:\/\/neos.ind.br\/novosite\/produto\/cabo-externo-pressao-invasiva\/#primaryimage\",\"url\":\"https:\/\/neos.ind.br\/novosite\/wp-content\/uploads\/2023\/07\/CABO-8-scaled.jpg\",\"contentUrl\":\"https:\/\/neos.ind.br\/novosite\/wp-content\/uploads\/2023\/07\/CABO-8-scaled.jpg\",\"width\":2560,\"height\":2560},{\"@type\":\"BreadcrumbList\",\"@id\":\"https:\/\/neos.ind.br\/novosite\/produto\/cabo-externo-pressao-invasiva\/#breadcrumb\",\"itemListElement\":[{\"@type\":\"ListItem\",\"position\":1,\"name\":\"In\u00edcio\",\"item\":\"https:\/\/neos.ind.br\/novosite\/\"},{\"@type\":\"ListItem\",\"position\":2,\"name\":\"Produtos\",\"item\":\"https:\/\/neos.ind.br\/novosite\/produtos\/\"},{\"@type\":\"ListItem\",\"position\":3,\"name\":\"CABO EXTERNO PRESS\u00c3O INVASIVA\"}]},{\"@type\":\"WebSite\",\"@id\":\"https:\/\/neos.ind.br\/novosite\/#website\",\"url\":\"https:\/\/neos.ind.br\/novosite\/\",\"name\":\"N\u00e9os\",\"description\":\"\",\"publisher\":{\"@id\":\"https:\/\/neos.ind.br\/novosite\/#organization\"},\"potentialAction\":[{\"@type\":\"SearchAction\",\"target\":{\"@type\":\"EntryPoint\",\"urlTemplate\":\"https:\/\/neos.ind.br\/novosite\/?s={search_term_string}\"},\"query-input\":\"required name=search_term_string\"}],\"inLanguage\":\"pt-BR\"},{\"@type\":\"Organization\",\"@id\":\"https:\/\/neos.ind.br\/novosite\/#organization\",\"name\":\"N\u00e9os\",\"url\":\"https:\/\/neos.ind.br\/novosite\/\",\"logo\":{\"@type\":\"ImageObject\",\"inLanguage\":\"pt-BR\",\"@id\":\"https:\/\/neos.ind.br\/novosite\/#\/schema\/logo\/image\/\",\"url\":\"https:\/\/neos.ind.br\/novosite\/wp-content\/uploads\/2023\/07\/logo-topo.png\",\"contentUrl\":\"https:\/\/neos.ind.br\/novosite\/wp-content\/uploads\/2023\/07\/logo-topo.png\",\"width\":147,\"height\":66,\"caption\":\"N\u00e9os\"},\"image\":{\"@id\":\"https:\/\/neos.ind.br\/novosite\/#\/schema\/logo\/image\/\"}}]}<\/script>\n<!-- \/ Yoast SEO plugin. -->","yoast_head_json":{"title":"CABO EXTERNO PRESS\u00c3O INVASIVA - N\u00e9os","robots":{"index":"index","follow":"follow","max-snippet":"max-snippet:-1","max-image-preview":"max-image-preview:large","max-video-preview":"max-video-preview:-1"},"canonical":"https:\/\/neos.ind.br\/novosite\/produto\/cabo-externo-pressao-invasiva\/","og_locale":"pt_BR","og_type":"article","og_title":"CABO EXTERNO PRESS\u00c3O INVASIVA - N\u00e9os","og_description":"Cabo Externo Press\u00e3o Invasiva Estabelece conex\u00e3o entre o m\u00f3dulo de press\u00e3o invasiva do Simulador Multiparam\u00e9trico SMP100 e SMP200 ao m\u00f3dulo de press\u00e3o invasiva do dispositivo sob teste. Em uma de suas extremidade \u00e9 montada Mini DIN 6 Pinos, j\u00e1 a outra extremidade n\u00e3o \u00e9 montada, para que o usu\u00e1rio adapte ao conector do dispositivo sob [&hellip;]","og_url":"https:\/\/neos.ind.br\/novosite\/produto\/cabo-externo-pressao-invasiva\/","og_site_name":"N\u00e9os","article_modified_time":"2023-12-08T14:27:20+00:00","og_image":[{"width":2560,"height":2560,"url":"https:\/\/neos.ind.br\/novosite\/wp-content\/uploads\/2023\/07\/CABO-8-scaled.jpg","type":"image\/jpeg"}],"twitter_card":"summary_large_image","twitter_misc":{"Est. tempo de leitura":"1 minuto"},"schema":{"@context":"https:\/\/schema.org","@graph":[{"@type":"WebPage","@id":"https:\/\/neos.ind.br\/novosite\/produto\/cabo-externo-pressao-invasiva\/","url":"https:\/\/neos.ind.br\/novosite\/produto\/cabo-externo-pressao-invasiva\/","name":"CABO EXTERNO PRESS\u00c3O INVASIVA - N\u00e9os","isPartOf":{"@id":"https:\/\/neos.ind.br\/novosite\/#website"},"primaryImageOfPage":{"@id":"https:\/\/neos.ind.br\/novosite\/produto\/cabo-externo-pressao-invasiva\/#primaryimage"},"image":{"@id":"https:\/\/neos.ind.br\/novosite\/produto\/cabo-externo-pressao-invasiva\/#primaryimage"},"thumbnailUrl":"https:\/\/neos.ind.br\/novosite\/wp-content\/uploads\/2023\/07\/CABO-8-scaled.jpg","datePublished":"2023-07-07T19:31:38+00:00","dateModified":"2023-12-08T14:27:20+00:00","breadcrumb":{"@id":"https:\/\/neos.ind.br\/novosite\/produto\/cabo-externo-pressao-invasiva\/#breadcrumb"},"inLanguage":"pt-BR","potentialAction":[{"@type":"ReadAction","target":["https:\/\/neos.ind.br\/novosite\/produto\/cabo-externo-pressao-invasiva\/"]}]},{"@type":"ImageObject","inLanguage":"pt-BR","@id":"https:\/\/neos.ind.br\/novosite\/produto\/cabo-externo-pressao-invasiva\/#primaryimage","url":"https:\/\/neos.ind.br\/novosite\/wp-content\/uploads\/2023\/07\/CABO-8-scaled.jpg","contentUrl":"https:\/\/neos.ind.br\/novosite\/wp-content\/uploads\/2023\/07\/CABO-8-scaled.jpg","width":2560,"height":2560},{"@type":"BreadcrumbList","@id":"https:\/\/neos.ind.br\/novosite\/produto\/cabo-externo-pressao-invasiva\/#breadcrumb","itemListElement":[{"@type":"ListItem","position":1,"name":"In\u00edcio","item":"https:\/\/neos.ind.br\/novosite\/"},{"@type":"ListItem","position":2,"name":"Produtos","item":"https:\/\/neos.ind.br\/novosite\/produtos\/"},{"@type":"ListItem","position":3,"name":"CABO EXTERNO PRESS\u00c3O INVASIVA"}]},{"@type":"WebSite","@id":"https:\/\/neos.ind.br\/novosite\/#website","url":"https:\/\/neos.ind.br\/novosite\/","name":"N\u00e9os","description":"","publisher":{"@id":"https:\/\/neos.ind.br\/novosite\/#organization"},"potentialAction":[{"@type":"SearchAction","target":{"@type":"EntryPoint","urlTemplate":"https:\/\/neos.ind.br\/novosite\/?s={search_term_string}"},"query-input":"required name=search_term_string"}],"inLanguage":"pt-BR"},{"@type":"Organization","@id":"https:\/\/neos.ind.br\/novosite\/#organization","name":"N\u00e9os","url":"https:\/\/neos.ind.br\/novosite\/","logo":{"@type":"ImageObject","inLanguage":"pt-BR","@id":"https:\/\/neos.ind.br\/novosite\/#\/schema\/logo\/image\/","url":"https:\/\/neos.ind.br\/novosite\/wp-content\/uploads\/2023\/07\/logo-topo.png","contentUrl":"https:\/\/neos.ind.br\/novosite\/wp-content\/uploads\/2023\/07\/logo-topo.png","width":147,"height":66,"caption":"N\u00e9os"},"image":{"@id":"https:\/\/neos.ind.br\/novosite\/#\/schema\/logo\/image\/"}}]}},"_links":{"self":[{"href":"https:\/\/neos.ind.br\/novosite\/wp-json\/wp\/v2\/product\/3639","targetHints":{"allow":["GET"]}}],"collection":[{"href":"https:\/\/neos.ind.br\/novosite\/wp-json\/wp\/v2\/product"}],"about":[{"href":"https:\/\/neos.ind.br\/novosite\/wp-json\/wp\/v2\/types\/product"}],"replies":[{"embeddable":true,"href":"https:\/\/neos.ind.br\/novosite\/wp-json\/wp\/v2\/comments?post=3639"}],"version-history":[{"count":1,"href":"https:\/\/neos.ind.br\/novosite\/wp-json\/wp\/v2\/product\/3639\/revisions"}],"predecessor-version":[{"id":4685,"href":"https:\/\/neos.ind.br\/novosite\/wp-json\/wp\/v2\/product\/3639\/revisions\/4685"}],"wp:featuredmedia":[{"embeddable":true,"href":"https:\/\/neos.ind.br\/novosite\/wp-json\/wp\/v2\/media\/4684"}],"wp:attachment":[{"href":"https:\/\/neos.ind.br\/novosite\/wp-json\/wp\/v2\/media?parent=3639"}],"wp:term":[{"taxonomy":"product_cat","embeddable":true,"href":"https:\/\/neos.ind.br\/novosite\/wp-json\/wp\/v2\/product_cat?post=3639"},{"taxonomy":"product_tag","embeddable":true,"href":"https:\/\/neos.ind.br\/novosite\/wp-json\/wp\/v2\/product_tag?post=3639"}],"curies":[{"name":"wp","href":"https:\/\/api.w.org\/{rel}","templated":true}]}}