{"id":3686,"date":"2023-07-07T16:34:52","date_gmt":"2023-07-07T19:34:52","guid":{"rendered":"https:\/\/neos.ind.br\/novosite\/?post_type=product&#038;p=3686"},"modified":"2023-12-08T13:20:17","modified_gmt":"2023-12-08T16:20:17","slug":"mangueira-de-silicone","status":"publish","type":"product","link":"https:\/\/neos.ind.br\/novosite\/produto\/mangueira-de-silicone\/","title":{"rendered":"MANGUEIRA DE SILICONE"},"content":{"rendered":"<h2>Mangueira de Silicone<\/h2>\n<p>A mangueira de silicone \u00e9 um acess\u00f3rio indicado para utiliza\u00e7\u00e3o em equipamentos que analisam e\/ou simulam press\u00e3o.<\/p>\n<h4 class=\"cor1 uper\">CARACTERISTICAS GERAIS<\/h4>\n<ul class=\"p-bottom-large\">\n<li>Di\u00e2metro interno: 3,0mm<\/li>\n<li>Di\u00e2metro externo: 5,0mm<\/li>\n<li>Parede: 1,0mm<\/li>\n<\/ul>\n<p>&nbsp;<\/p>\n<p><a href=\"https:\/\/neos.ind.brproduto\/carregador-jau200\/\">CARREGADOR JAU200<\/a><\/p>\n","protected":false},"excerpt":{"rendered":"<p>Mangueira de Silicone A mangueira de silicone \u00e9 um acess\u00f3rio indicado para utiliza\u00e7\u00e3o em equipamentos que analisam e\/ou simulam press\u00e3o. CARACTERISTICAS GERAIS Di\u00e2metro interno: 3,0mm Di\u00e2metro externo: 5,0mm Parede: 1,0mm &nbsp; CARREGADOR JAU200<\/p>\n","protected":false},"featured_media":4664,"comment_status":"closed","ping_status":"closed","template":"","meta":{"_acf_changed":false},"product_cat":[24,25],"product_tag":[],"class_list":{"0":"post-3686","1":"product","2":"type-product","3":"status-publish","4":"has-post-thumbnail","6":"product_cat-todos","7":"product_cat-acessorios","9":"first","10":"instock","11":"shipping-taxable","12":"purchasable","13":"product-type-simple"},"acf":[],"yoast_head":"<!-- This site is optimized with the Yoast SEO plugin v22.3 - https:\/\/yoast.com\/wordpress\/plugins\/seo\/ -->\n<title>MANGUEIRA DE SILICONE - N\u00e9os<\/title>\n<meta name=\"robots\" content=\"index, follow, max-snippet:-1, max-image-preview:large, max-video-preview:-1\" \/>\n<link rel=\"canonical\" href=\"https:\/\/neos.ind.br\/novosite\/produto\/mangueira-de-silicone\/\" \/>\n<meta property=\"og:locale\" content=\"pt_BR\" \/>\n<meta property=\"og:type\" content=\"article\" \/>\n<meta property=\"og:title\" content=\"MANGUEIRA DE SILICONE - N\u00e9os\" \/>\n<meta property=\"og:description\" content=\"Mangueira de Silicone A mangueira de silicone \u00e9 um acess\u00f3rio indicado para utiliza\u00e7\u00e3o em equipamentos que analisam e\/ou simulam press\u00e3o. CARACTERISTICAS GERAIS Di\u00e2metro interno: 3,0mm Di\u00e2metro externo: 5,0mm Parede: 1,0mm &nbsp; CARREGADOR JAU200\" \/>\n<meta property=\"og:url\" content=\"https:\/\/neos.ind.br\/novosite\/produto\/mangueira-de-silicone\/\" \/>\n<meta property=\"og:site_name\" content=\"N\u00e9os\" \/>\n<meta property=\"article:modified_time\" content=\"2023-12-08T16:20:17+00:00\" \/>\n<meta property=\"og:image\" content=\"https:\/\/neos.ind.br\/novosite\/wp-content\/uploads\/2023\/07\/CABO-15-scaled.jpg\" \/>\n\t<meta property=\"og:image:width\" content=\"2560\" \/>\n\t<meta property=\"og:image:height\" content=\"2560\" \/>\n\t<meta property=\"og:image:type\" content=\"image\/jpeg\" \/>\n<meta name=\"twitter:card\" content=\"summary_large_image\" \/>\n<meta name=\"twitter:label1\" content=\"Est. tempo de leitura\" \/>\n\t<meta name=\"twitter:data1\" content=\"1 minuto\" \/>\n<script type=\"application\/ld+json\" class=\"yoast-schema-graph\">{\"@context\":\"https:\/\/schema.org\",\"@graph\":[{\"@type\":\"WebPage\",\"@id\":\"https:\/\/neos.ind.br\/novosite\/produto\/mangueira-de-silicone\/\",\"url\":\"https:\/\/neos.ind.br\/novosite\/produto\/mangueira-de-silicone\/\",\"name\":\"MANGUEIRA DE SILICONE - N\u00e9os\",\"isPartOf\":{\"@id\":\"https:\/\/neos.ind.br\/novosite\/#website\"},\"primaryImageOfPage\":{\"@id\":\"https:\/\/neos.ind.br\/novosite\/produto\/mangueira-de-silicone\/#primaryimage\"},\"image\":{\"@id\":\"https:\/\/neos.ind.br\/novosite\/produto\/mangueira-de-silicone\/#primaryimage\"},\"thumbnailUrl\":\"https:\/\/neos.ind.br\/novosite\/wp-content\/uploads\/2023\/07\/CABO-15-scaled.jpg\",\"datePublished\":\"2023-07-07T19:34:52+00:00\",\"dateModified\":\"2023-12-08T16:20:17+00:00\",\"breadcrumb\":{\"@id\":\"https:\/\/neos.ind.br\/novosite\/produto\/mangueira-de-silicone\/#breadcrumb\"},\"inLanguage\":\"pt-BR\",\"potentialAction\":[{\"@type\":\"ReadAction\",\"target\":[\"https:\/\/neos.ind.br\/novosite\/produto\/mangueira-de-silicone\/\"]}]},{\"@type\":\"ImageObject\",\"inLanguage\":\"pt-BR\",\"@id\":\"https:\/\/neos.ind.br\/novosite\/produto\/mangueira-de-silicone\/#primaryimage\",\"url\":\"https:\/\/neos.ind.br\/novosite\/wp-content\/uploads\/2023\/07\/CABO-15-scaled.jpg\",\"contentUrl\":\"https:\/\/neos.ind.br\/novosite\/wp-content\/uploads\/2023\/07\/CABO-15-scaled.jpg\",\"width\":2560,\"height\":2560},{\"@type\":\"BreadcrumbList\",\"@id\":\"https:\/\/neos.ind.br\/novosite\/produto\/mangueira-de-silicone\/#breadcrumb\",\"itemListElement\":[{\"@type\":\"ListItem\",\"position\":1,\"name\":\"In\u00edcio\",\"item\":\"https:\/\/neos.ind.br\/novosite\/\"},{\"@type\":\"ListItem\",\"position\":2,\"name\":\"Produtos\",\"item\":\"https:\/\/neos.ind.br\/novosite\/produtos\/\"},{\"@type\":\"ListItem\",\"position\":3,\"name\":\"MANGUEIRA DE SILICONE\"}]},{\"@type\":\"WebSite\",\"@id\":\"https:\/\/neos.ind.br\/novosite\/#website\",\"url\":\"https:\/\/neos.ind.br\/novosite\/\",\"name\":\"N\u00e9os\",\"description\":\"\",\"publisher\":{\"@id\":\"https:\/\/neos.ind.br\/novosite\/#organization\"},\"potentialAction\":[{\"@type\":\"SearchAction\",\"target\":{\"@type\":\"EntryPoint\",\"urlTemplate\":\"https:\/\/neos.ind.br\/novosite\/?s={search_term_string}\"},\"query-input\":\"required name=search_term_string\"}],\"inLanguage\":\"pt-BR\"},{\"@type\":\"Organization\",\"@id\":\"https:\/\/neos.ind.br\/novosite\/#organization\",\"name\":\"N\u00e9os\",\"url\":\"https:\/\/neos.ind.br\/novosite\/\",\"logo\":{\"@type\":\"ImageObject\",\"inLanguage\":\"pt-BR\",\"@id\":\"https:\/\/neos.ind.br\/novosite\/#\/schema\/logo\/image\/\",\"url\":\"https:\/\/neos.ind.br\/novosite\/wp-content\/uploads\/2023\/07\/logo-topo.png\",\"contentUrl\":\"https:\/\/neos.ind.br\/novosite\/wp-content\/uploads\/2023\/07\/logo-topo.png\",\"width\":147,\"height\":66,\"caption\":\"N\u00e9os\"},\"image\":{\"@id\":\"https:\/\/neos.ind.br\/novosite\/#\/schema\/logo\/image\/\"}}]}<\/script>\n<!-- \/ Yoast SEO plugin. -->","yoast_head_json":{"title":"MANGUEIRA DE SILICONE - N\u00e9os","robots":{"index":"index","follow":"follow","max-snippet":"max-snippet:-1","max-image-preview":"max-image-preview:large","max-video-preview":"max-video-preview:-1"},"canonical":"https:\/\/neos.ind.br\/novosite\/produto\/mangueira-de-silicone\/","og_locale":"pt_BR","og_type":"article","og_title":"MANGUEIRA DE SILICONE - N\u00e9os","og_description":"Mangueira de Silicone A mangueira de silicone \u00e9 um acess\u00f3rio indicado para utiliza\u00e7\u00e3o em equipamentos que analisam e\/ou simulam press\u00e3o. CARACTERISTICAS GERAIS Di\u00e2metro interno: 3,0mm Di\u00e2metro externo: 5,0mm Parede: 1,0mm &nbsp; CARREGADOR JAU200","og_url":"https:\/\/neos.ind.br\/novosite\/produto\/mangueira-de-silicone\/","og_site_name":"N\u00e9os","article_modified_time":"2023-12-08T16:20:17+00:00","og_image":[{"width":2560,"height":2560,"url":"https:\/\/neos.ind.br\/novosite\/wp-content\/uploads\/2023\/07\/CABO-15-scaled.jpg","type":"image\/jpeg"}],"twitter_card":"summary_large_image","twitter_misc":{"Est. tempo de leitura":"1 minuto"},"schema":{"@context":"https:\/\/schema.org","@graph":[{"@type":"WebPage","@id":"https:\/\/neos.ind.br\/novosite\/produto\/mangueira-de-silicone\/","url":"https:\/\/neos.ind.br\/novosite\/produto\/mangueira-de-silicone\/","name":"MANGUEIRA DE SILICONE - N\u00e9os","isPartOf":{"@id":"https:\/\/neos.ind.br\/novosite\/#website"},"primaryImageOfPage":{"@id":"https:\/\/neos.ind.br\/novosite\/produto\/mangueira-de-silicone\/#primaryimage"},"image":{"@id":"https:\/\/neos.ind.br\/novosite\/produto\/mangueira-de-silicone\/#primaryimage"},"thumbnailUrl":"https:\/\/neos.ind.br\/novosite\/wp-content\/uploads\/2023\/07\/CABO-15-scaled.jpg","datePublished":"2023-07-07T19:34:52+00:00","dateModified":"2023-12-08T16:20:17+00:00","breadcrumb":{"@id":"https:\/\/neos.ind.br\/novosite\/produto\/mangueira-de-silicone\/#breadcrumb"},"inLanguage":"pt-BR","potentialAction":[{"@type":"ReadAction","target":["https:\/\/neos.ind.br\/novosite\/produto\/mangueira-de-silicone\/"]}]},{"@type":"ImageObject","inLanguage":"pt-BR","@id":"https:\/\/neos.ind.br\/novosite\/produto\/mangueira-de-silicone\/#primaryimage","url":"https:\/\/neos.ind.br\/novosite\/wp-content\/uploads\/2023\/07\/CABO-15-scaled.jpg","contentUrl":"https:\/\/neos.ind.br\/novosite\/wp-content\/uploads\/2023\/07\/CABO-15-scaled.jpg","width":2560,"height":2560},{"@type":"BreadcrumbList","@id":"https:\/\/neos.ind.br\/novosite\/produto\/mangueira-de-silicone\/#breadcrumb","itemListElement":[{"@type":"ListItem","position":1,"name":"In\u00edcio","item":"https:\/\/neos.ind.br\/novosite\/"},{"@type":"ListItem","position":2,"name":"Produtos","item":"https:\/\/neos.ind.br\/novosite\/produtos\/"},{"@type":"ListItem","position":3,"name":"MANGUEIRA DE SILICONE"}]},{"@type":"WebSite","@id":"https:\/\/neos.ind.br\/novosite\/#website","url":"https:\/\/neos.ind.br\/novosite\/","name":"N\u00e9os","description":"","publisher":{"@id":"https:\/\/neos.ind.br\/novosite\/#organization"},"potentialAction":[{"@type":"SearchAction","target":{"@type":"EntryPoint","urlTemplate":"https:\/\/neos.ind.br\/novosite\/?s={search_term_string}"},"query-input":"required name=search_term_string"}],"inLanguage":"pt-BR"},{"@type":"Organization","@id":"https:\/\/neos.ind.br\/novosite\/#organization","name":"N\u00e9os","url":"https:\/\/neos.ind.br\/novosite\/","logo":{"@type":"ImageObject","inLanguage":"pt-BR","@id":"https:\/\/neos.ind.br\/novosite\/#\/schema\/logo\/image\/","url":"https:\/\/neos.ind.br\/novosite\/wp-content\/uploads\/2023\/07\/logo-topo.png","contentUrl":"https:\/\/neos.ind.br\/novosite\/wp-content\/uploads\/2023\/07\/logo-topo.png","width":147,"height":66,"caption":"N\u00e9os"},"image":{"@id":"https:\/\/neos.ind.br\/novosite\/#\/schema\/logo\/image\/"}}]}},"_links":{"self":[{"href":"https:\/\/neos.ind.br\/novosite\/wp-json\/wp\/v2\/product\/3686","targetHints":{"allow":["GET"]}}],"collection":[{"href":"https:\/\/neos.ind.br\/novosite\/wp-json\/wp\/v2\/product"}],"about":[{"href":"https:\/\/neos.ind.br\/novosite\/wp-json\/wp\/v2\/types\/product"}],"replies":[{"embeddable":true,"href":"https:\/\/neos.ind.br\/novosite\/wp-json\/wp\/v2\/comments?post=3686"}],"version-history":[{"count":1,"href":"https:\/\/neos.ind.br\/novosite\/wp-json\/wp\/v2\/product\/3686\/revisions"}],"predecessor-version":[{"id":4665,"href":"https:\/\/neos.ind.br\/novosite\/wp-json\/wp\/v2\/product\/3686\/revisions\/4665"}],"wp:featuredmedia":[{"embeddable":true,"href":"https:\/\/neos.ind.br\/novosite\/wp-json\/wp\/v2\/media\/4664"}],"wp:attachment":[{"href":"https:\/\/neos.ind.br\/novosite\/wp-json\/wp\/v2\/media?parent=3686"}],"wp:term":[{"taxonomy":"product_cat","embeddable":true,"href":"https:\/\/neos.ind.br\/novosite\/wp-json\/wp\/v2\/product_cat?post=3686"},{"taxonomy":"product_tag","embeddable":true,"href":"https:\/\/neos.ind.br\/novosite\/wp-json\/wp\/v2\/product_tag?post=3686"}],"curies":[{"name":"wp","href":"https:\/\/api.w.org\/{rel}","templated":true}]}}