{"id":4561,"date":"2023-12-04T14:25:06","date_gmt":"2023-12-04T17:25:06","guid":{"rendered":"https:\/\/neos.ind.br\/novosite\/?post_type=product&#038;p=4561"},"modified":"2024-04-18T11:29:24","modified_gmt":"2024-04-18T14:29:24","slug":"sim300","status":"publish","type":"product","link":"https:\/\/neos.ind.br\/novosite\/produto\/sim300\/","title":{"rendered":"SIM300"},"content":{"rendered":"<h3 class=\"cor1\">Simulador de ECG<\/h3>\n<p>Utilizado para testar equipamentos m\u00e9dicos, como monitores card\u00edacos e eletrocardi\u00f3grafos.<\/p>\n<p>Simula sinais de ECG, formas de onda senoidais, triangulares, quadr\u00e1ticas, 25 arritmias.<\/p>\n<p>Opera em dois modos:\u00a0<i>Autom\u00e1tico<\/i>\u00a0e\u00a0<i><span class=\"il\">Celular<\/span><\/i>.\u00a0No modo\u00a0<i><span class=\"il\">Celular<\/span><\/i>\u00a0simula ECG de 20 a 300 BPM, 25 Arritmias, Ondas Senoidais, Quadradas e Triangulares. J\u00e1 no modo\u00a0<i>Autom\u00e1tico\u00a0<\/i>simula ECG de 60, 90, 120 e 240 BPM e amplitude de 0,5\/ 1,0\/ 1,5 mV pico.<\/p>\n<p>&nbsp;<\/p>\n<h3 class=\"cor1\">Acess\u00f3rios Inclusos no Produto<\/h3>\n<p><img fetchpriority=\"high\" decoding=\"async\" class=\"alignnone wp-image-4766\" src=\"https:\/\/neos.ind.br\/novosite\/wp-content\/uploads\/2023\/12\/Kit-SIM300-300x300.png\" alt=\"\" width=\"548\" height=\"548\" srcset=\"https:\/\/neos.ind.br\/novosite\/wp-content\/uploads\/2023\/12\/Kit-SIM300-300x300.png 300w, https:\/\/neos.ind.br\/novosite\/wp-content\/uploads\/2023\/12\/Kit-SIM300-1024x1024.png 1024w, https:\/\/neos.ind.br\/novosite\/wp-content\/uploads\/2023\/12\/Kit-SIM300-150x150.png 150w, https:\/\/neos.ind.br\/novosite\/wp-content\/uploads\/2023\/12\/Kit-SIM300-768x768.png 768w, https:\/\/neos.ind.br\/novosite\/wp-content\/uploads\/2023\/12\/Kit-SIM300-1536x1536.png 1536w, https:\/\/neos.ind.br\/novosite\/wp-content\/uploads\/2023\/12\/Kit-SIM300-600x600.png 600w, https:\/\/neos.ind.br\/novosite\/wp-content\/uploads\/2023\/12\/Kit-SIM300-100x100.png 100w, https:\/\/neos.ind.br\/novosite\/wp-content\/uploads\/2023\/12\/Kit-SIM300.png 1772w\" sizes=\"(max-width: 548px) 100vw, 548px\" \/><\/p>\n<p><img decoding=\"async\" class=\"alignnone  wp-image-5225\" src=\"https:\/\/neos.ind.br\/novosite\/wp-content\/uploads\/2023\/07\/Tabela-comparativa-APE100-PNI100-SMP100-SPK100-JAU200-300x300.png\" alt=\"\" width=\"785\" height=\"785\" srcset=\"https:\/\/neos.ind.br\/novosite\/wp-content\/uploads\/2023\/07\/Tabela-comparativa-APE100-PNI100-SMP100-SPK100-JAU200-300x300.png 300w, https:\/\/neos.ind.br\/novosite\/wp-content\/uploads\/2023\/07\/Tabela-comparativa-APE100-PNI100-SMP100-SPK100-JAU200-1024x1024.png 1024w, https:\/\/neos.ind.br\/novosite\/wp-content\/uploads\/2023\/07\/Tabela-comparativa-APE100-PNI100-SMP100-SPK100-JAU200-150x150.png 150w, https:\/\/neos.ind.br\/novosite\/wp-content\/uploads\/2023\/07\/Tabela-comparativa-APE100-PNI100-SMP100-SPK100-JAU200-768x768.png 768w, https:\/\/neos.ind.br\/novosite\/wp-content\/uploads\/2023\/07\/Tabela-comparativa-APE100-PNI100-SMP100-SPK100-JAU200-1536x1536.png 1536w, https:\/\/neos.ind.br\/novosite\/wp-content\/uploads\/2023\/07\/Tabela-comparativa-APE100-PNI100-SMP100-SPK100-JAU200-600x600.png 600w, https:\/\/neos.ind.br\/novosite\/wp-content\/uploads\/2023\/07\/Tabela-comparativa-APE100-PNI100-SMP100-SPK100-JAU200-100x100.png 100w, https:\/\/neos.ind.br\/novosite\/wp-content\/uploads\/2023\/07\/Tabela-comparativa-APE100-PNI100-SMP100-SPK100-JAU200.png 1772w\" sizes=\"(max-width: 785px) 100vw, 785px\" \/><\/p>\n","protected":false},"excerpt":{"rendered":"<p>Simulador de ECG Utilizado para testar equipamentos m\u00e9dicos, como monitores card\u00edacos e eletrocardi\u00f3grafos. Simula sinais de ECG, formas de onda senoidais, triangulares, quadr\u00e1ticas, 25 arritmias. Opera em dois modos:\u00a0Autom\u00e1tico\u00a0e\u00a0Celular.\u00a0No modo\u00a0Celular\u00a0simula ECG de 20 a 300 BPM, 25 Arritmias, Ondas Senoidais, Quadradas e Triangulares. J\u00e1 no modo\u00a0Autom\u00e1tico\u00a0simula ECG de 60, 90, 120 e 240 BPM e [&hellip;]<\/p>\n","protected":false},"featured_media":4562,"comment_status":"open","ping_status":"closed","template":"","meta":{"_acf_changed":false},"product_cat":[24,68],"product_tag":[],"class_list":{"0":"post-4561","1":"product","2":"type-product","3":"status-publish","4":"has-post-thumbnail","6":"product_cat-todos","7":"product_cat-simulador-de-paciente","9":"first","10":"instock","11":"downloadable","12":"shipping-taxable","13":"purchasable","14":"product-type-simple"},"acf":[],"yoast_head":"<!-- This site is optimized with the Yoast SEO plugin v22.3 - https:\/\/yoast.com\/wordpress\/plugins\/seo\/ -->\n<title>SIM300 - N\u00e9os<\/title>\n<meta name=\"robots\" content=\"index, follow, max-snippet:-1, max-image-preview:large, max-video-preview:-1\" \/>\n<link rel=\"canonical\" href=\"https:\/\/neos.ind.br\/novosite\/produto\/sim300\/\" \/>\n<meta property=\"og:locale\" content=\"pt_BR\" \/>\n<meta property=\"og:type\" content=\"article\" \/>\n<meta property=\"og:title\" content=\"SIM300 - N\u00e9os\" \/>\n<meta property=\"og:description\" content=\"Simulador de ECG Utilizado para testar equipamentos m\u00e9dicos, como monitores card\u00edacos e eletrocardi\u00f3grafos. Simula sinais de ECG, formas de onda senoidais, triangulares, quadr\u00e1ticas, 25 arritmias. Opera em dois modos:\u00a0Autom\u00e1tico\u00a0e\u00a0Celular.\u00a0No modo\u00a0Celular\u00a0simula ECG de 20 a 300 BPM, 25 Arritmias, Ondas Senoidais, Quadradas e Triangulares. J\u00e1 no modo\u00a0Autom\u00e1tico\u00a0simula ECG de 60, 90, 120 e 240 BPM e [&hellip;]\" \/>\n<meta property=\"og:url\" content=\"https:\/\/neos.ind.br\/novosite\/produto\/sim300\/\" \/>\n<meta property=\"og:site_name\" content=\"N\u00e9os\" \/>\n<meta property=\"article:modified_time\" content=\"2024-04-18T14:29:24+00:00\" \/>\n<meta property=\"og:image\" content=\"https:\/\/neos.ind.br\/novosite\/wp-content\/uploads\/2023\/12\/SIM300-1-scaled.jpg\" \/>\n\t<meta property=\"og:image:width\" content=\"2560\" \/>\n\t<meta property=\"og:image:height\" content=\"2560\" \/>\n\t<meta property=\"og:image:type\" content=\"image\/jpeg\" \/>\n<meta name=\"twitter:card\" content=\"summary_large_image\" \/>\n<meta name=\"twitter:label1\" content=\"Est. tempo de leitura\" \/>\n\t<meta name=\"twitter:data1\" content=\"2 minutos\" \/>\n<script type=\"application\/ld+json\" class=\"yoast-schema-graph\">{\"@context\":\"https:\/\/schema.org\",\"@graph\":[{\"@type\":\"WebPage\",\"@id\":\"https:\/\/neos.ind.br\/novosite\/produto\/sim300\/\",\"url\":\"https:\/\/neos.ind.br\/novosite\/produto\/sim300\/\",\"name\":\"SIM300 - N\u00e9os\",\"isPartOf\":{\"@id\":\"https:\/\/neos.ind.br\/novosite\/#website\"},\"primaryImageOfPage\":{\"@id\":\"https:\/\/neos.ind.br\/novosite\/produto\/sim300\/#primaryimage\"},\"image\":{\"@id\":\"https:\/\/neos.ind.br\/novosite\/produto\/sim300\/#primaryimage\"},\"thumbnailUrl\":\"https:\/\/neos.ind.br\/novosite\/wp-content\/uploads\/2023\/12\/SIM300-1-scaled.jpg\",\"datePublished\":\"2023-12-04T17:25:06+00:00\",\"dateModified\":\"2024-04-18T14:29:24+00:00\",\"breadcrumb\":{\"@id\":\"https:\/\/neos.ind.br\/novosite\/produto\/sim300\/#breadcrumb\"},\"inLanguage\":\"pt-BR\",\"potentialAction\":[{\"@type\":\"ReadAction\",\"target\":[\"https:\/\/neos.ind.br\/novosite\/produto\/sim300\/\"]}]},{\"@type\":\"ImageObject\",\"inLanguage\":\"pt-BR\",\"@id\":\"https:\/\/neos.ind.br\/novosite\/produto\/sim300\/#primaryimage\",\"url\":\"https:\/\/neos.ind.br\/novosite\/wp-content\/uploads\/2023\/12\/SIM300-1-scaled.jpg\",\"contentUrl\":\"https:\/\/neos.ind.br\/novosite\/wp-content\/uploads\/2023\/12\/SIM300-1-scaled.jpg\",\"width\":2560,\"height\":2560},{\"@type\":\"BreadcrumbList\",\"@id\":\"https:\/\/neos.ind.br\/novosite\/produto\/sim300\/#breadcrumb\",\"itemListElement\":[{\"@type\":\"ListItem\",\"position\":1,\"name\":\"In\u00edcio\",\"item\":\"https:\/\/neos.ind.br\/novosite\/\"},{\"@type\":\"ListItem\",\"position\":2,\"name\":\"Produtos\",\"item\":\"https:\/\/neos.ind.br\/novosite\/produtos\/\"},{\"@type\":\"ListItem\",\"position\":3,\"name\":\"SIM300\"}]},{\"@type\":\"WebSite\",\"@id\":\"https:\/\/neos.ind.br\/novosite\/#website\",\"url\":\"https:\/\/neos.ind.br\/novosite\/\",\"name\":\"N\u00e9os\",\"description\":\"\",\"publisher\":{\"@id\":\"https:\/\/neos.ind.br\/novosite\/#organization\"},\"potentialAction\":[{\"@type\":\"SearchAction\",\"target\":{\"@type\":\"EntryPoint\",\"urlTemplate\":\"https:\/\/neos.ind.br\/novosite\/?s={search_term_string}\"},\"query-input\":\"required name=search_term_string\"}],\"inLanguage\":\"pt-BR\"},{\"@type\":\"Organization\",\"@id\":\"https:\/\/neos.ind.br\/novosite\/#organization\",\"name\":\"N\u00e9os\",\"url\":\"https:\/\/neos.ind.br\/novosite\/\",\"logo\":{\"@type\":\"ImageObject\",\"inLanguage\":\"pt-BR\",\"@id\":\"https:\/\/neos.ind.br\/novosite\/#\/schema\/logo\/image\/\",\"url\":\"https:\/\/neos.ind.br\/novosite\/wp-content\/uploads\/2023\/07\/logo-topo.png\",\"contentUrl\":\"https:\/\/neos.ind.br\/novosite\/wp-content\/uploads\/2023\/07\/logo-topo.png\",\"width\":147,\"height\":66,\"caption\":\"N\u00e9os\"},\"image\":{\"@id\":\"https:\/\/neos.ind.br\/novosite\/#\/schema\/logo\/image\/\"}}]}<\/script>\n<!-- \/ Yoast SEO plugin. -->","yoast_head_json":{"title":"SIM300 - N\u00e9os","robots":{"index":"index","follow":"follow","max-snippet":"max-snippet:-1","max-image-preview":"max-image-preview:large","max-video-preview":"max-video-preview:-1"},"canonical":"https:\/\/neos.ind.br\/novosite\/produto\/sim300\/","og_locale":"pt_BR","og_type":"article","og_title":"SIM300 - N\u00e9os","og_description":"Simulador de ECG Utilizado para testar equipamentos m\u00e9dicos, como monitores card\u00edacos e eletrocardi\u00f3grafos. Simula sinais de ECG, formas de onda senoidais, triangulares, quadr\u00e1ticas, 25 arritmias. Opera em dois modos:\u00a0Autom\u00e1tico\u00a0e\u00a0Celular.\u00a0No modo\u00a0Celular\u00a0simula ECG de 20 a 300 BPM, 25 Arritmias, Ondas Senoidais, Quadradas e Triangulares. J\u00e1 no modo\u00a0Autom\u00e1tico\u00a0simula ECG de 60, 90, 120 e 240 BPM e [&hellip;]","og_url":"https:\/\/neos.ind.br\/novosite\/produto\/sim300\/","og_site_name":"N\u00e9os","article_modified_time":"2024-04-18T14:29:24+00:00","og_image":[{"width":2560,"height":2560,"url":"https:\/\/neos.ind.br\/novosite\/wp-content\/uploads\/2023\/12\/SIM300-1-scaled.jpg","type":"image\/jpeg"}],"twitter_card":"summary_large_image","twitter_misc":{"Est. tempo de leitura":"2 minutos"},"schema":{"@context":"https:\/\/schema.org","@graph":[{"@type":"WebPage","@id":"https:\/\/neos.ind.br\/novosite\/produto\/sim300\/","url":"https:\/\/neos.ind.br\/novosite\/produto\/sim300\/","name":"SIM300 - N\u00e9os","isPartOf":{"@id":"https:\/\/neos.ind.br\/novosite\/#website"},"primaryImageOfPage":{"@id":"https:\/\/neos.ind.br\/novosite\/produto\/sim300\/#primaryimage"},"image":{"@id":"https:\/\/neos.ind.br\/novosite\/produto\/sim300\/#primaryimage"},"thumbnailUrl":"https:\/\/neos.ind.br\/novosite\/wp-content\/uploads\/2023\/12\/SIM300-1-scaled.jpg","datePublished":"2023-12-04T17:25:06+00:00","dateModified":"2024-04-18T14:29:24+00:00","breadcrumb":{"@id":"https:\/\/neos.ind.br\/novosite\/produto\/sim300\/#breadcrumb"},"inLanguage":"pt-BR","potentialAction":[{"@type":"ReadAction","target":["https:\/\/neos.ind.br\/novosite\/produto\/sim300\/"]}]},{"@type":"ImageObject","inLanguage":"pt-BR","@id":"https:\/\/neos.ind.br\/novosite\/produto\/sim300\/#primaryimage","url":"https:\/\/neos.ind.br\/novosite\/wp-content\/uploads\/2023\/12\/SIM300-1-scaled.jpg","contentUrl":"https:\/\/neos.ind.br\/novosite\/wp-content\/uploads\/2023\/12\/SIM300-1-scaled.jpg","width":2560,"height":2560},{"@type":"BreadcrumbList","@id":"https:\/\/neos.ind.br\/novosite\/produto\/sim300\/#breadcrumb","itemListElement":[{"@type":"ListItem","position":1,"name":"In\u00edcio","item":"https:\/\/neos.ind.br\/novosite\/"},{"@type":"ListItem","position":2,"name":"Produtos","item":"https:\/\/neos.ind.br\/novosite\/produtos\/"},{"@type":"ListItem","position":3,"name":"SIM300"}]},{"@type":"WebSite","@id":"https:\/\/neos.ind.br\/novosite\/#website","url":"https:\/\/neos.ind.br\/novosite\/","name":"N\u00e9os","description":"","publisher":{"@id":"https:\/\/neos.ind.br\/novosite\/#organization"},"potentialAction":[{"@type":"SearchAction","target":{"@type":"EntryPoint","urlTemplate":"https:\/\/neos.ind.br\/novosite\/?s={search_term_string}"},"query-input":"required name=search_term_string"}],"inLanguage":"pt-BR"},{"@type":"Organization","@id":"https:\/\/neos.ind.br\/novosite\/#organization","name":"N\u00e9os","url":"https:\/\/neos.ind.br\/novosite\/","logo":{"@type":"ImageObject","inLanguage":"pt-BR","@id":"https:\/\/neos.ind.br\/novosite\/#\/schema\/logo\/image\/","url":"https:\/\/neos.ind.br\/novosite\/wp-content\/uploads\/2023\/07\/logo-topo.png","contentUrl":"https:\/\/neos.ind.br\/novosite\/wp-content\/uploads\/2023\/07\/logo-topo.png","width":147,"height":66,"caption":"N\u00e9os"},"image":{"@id":"https:\/\/neos.ind.br\/novosite\/#\/schema\/logo\/image\/"}}]}},"_links":{"self":[{"href":"https:\/\/neos.ind.br\/novosite\/wp-json\/wp\/v2\/product\/4561","targetHints":{"allow":["GET"]}}],"collection":[{"href":"https:\/\/neos.ind.br\/novosite\/wp-json\/wp\/v2\/product"}],"about":[{"href":"https:\/\/neos.ind.br\/novosite\/wp-json\/wp\/v2\/types\/product"}],"replies":[{"embeddable":true,"href":"https:\/\/neos.ind.br\/novosite\/wp-json\/wp\/v2\/comments?post=4561"}],"version-history":[{"count":6,"href":"https:\/\/neos.ind.br\/novosite\/wp-json\/wp\/v2\/product\/4561\/revisions"}],"predecessor-version":[{"id":5227,"href":"https:\/\/neos.ind.br\/novosite\/wp-json\/wp\/v2\/product\/4561\/revisions\/5227"}],"wp:featuredmedia":[{"embeddable":true,"href":"https:\/\/neos.ind.br\/novosite\/wp-json\/wp\/v2\/media\/4562"}],"wp:attachment":[{"href":"https:\/\/neos.ind.br\/novosite\/wp-json\/wp\/v2\/media?parent=4561"}],"wp:term":[{"taxonomy":"product_cat","embeddable":true,"href":"https:\/\/neos.ind.br\/novosite\/wp-json\/wp\/v2\/product_cat?post=4561"},{"taxonomy":"product_tag","embeddable":true,"href":"https:\/\/neos.ind.br\/novosite\/wp-json\/wp\/v2\/product_tag?post=4561"}],"curies":[{"name":"wp","href":"https:\/\/api.w.org\/{rel}","templated":true}]}}