{"id":4696,"date":"2023-12-08T09:30:01","date_gmt":"2023-12-08T12:30:01","guid":{"rendered":"https:\/\/neos.ind.br\/novosite\/?post_type=product&#038;p=4696"},"modified":"2024-03-14T15:58:00","modified_gmt":"2024-03-14T18:58:00","slug":"estojo-mox100","status":"publish","type":"product","link":"https:\/\/neos.ind.br\/novosite\/produto\/estojo-mox100\/","title":{"rendered":"ESTOJO MOX100"},"content":{"rendered":"<h2>Estojo MOX100<\/h2>\n<p>&nbsp;<\/p>\n<p>Estojo confeccionado em poli\u00e9ster C\u00f3rdoba, com z\u00edper Importado para 5 mil ciclos. Acompanha espuma de prote\u00e7\u00e3o do equipamento.<\/p>\n<h4 class=\"cor1 uper\">CARACTERISTICAS GERAIS<\/h4>\n<ul class=\"p-bottom-large\">\n<li>Dimens\u00f5es:\u00a0 Altura: 15,5 cm Largura: 9 cm Profundidade: 4,5 cm<\/li>\n<\/ul>\n","protected":false},"excerpt":{"rendered":"<p>Estojo MOX100 &nbsp; Estojo confeccionado em poli\u00e9ster C\u00f3rdoba, com z\u00edper Importado para 5 mil ciclos. Acompanha espuma de prote\u00e7\u00e3o do equipamento. CARACTERISTICAS GERAIS Dimens\u00f5es:\u00a0 Altura: 15,5 cm Largura: 9 cm Profundidade: 4,5 cm<\/p>\n","protected":false},"featured_media":4702,"comment_status":"open","ping_status":"closed","template":"","meta":{"_acf_changed":false},"product_cat":[24,25],"product_tag":[],"class_list":{"0":"post-4696","1":"product","2":"type-product","3":"status-publish","4":"has-post-thumbnail","6":"product_cat-todos","7":"product_cat-acessorios","9":"first","10":"instock","11":"shipping-taxable","12":"purchasable","13":"product-type-simple"},"acf":[],"yoast_head":"<!-- This site is optimized with the Yoast SEO plugin v22.3 - https:\/\/yoast.com\/wordpress\/plugins\/seo\/ -->\n<title>ESTOJO MOX100 - N\u00e9os<\/title>\n<meta name=\"description\" content=\"Estojo confeccionado em poli\u00e9ster C\u00f3rdoba, com z\u00edper Importado para 5 mil ciclos. Acompanha espuma de prote\u00e7\u00e3o do equipamento.\" \/>\n<meta name=\"robots\" content=\"index, follow, max-snippet:-1, max-image-preview:large, max-video-preview:-1\" \/>\n<link rel=\"canonical\" href=\"https:\/\/neos.ind.br\/novosite\/produto\/estojo-mox100\/\" \/>\n<meta property=\"og:locale\" content=\"pt_BR\" \/>\n<meta property=\"og:type\" content=\"article\" \/>\n<meta property=\"og:title\" content=\"ESTOJO MOX100 - N\u00e9os\" \/>\n<meta property=\"og:description\" content=\"Estojo confeccionado em poli\u00e9ster C\u00f3rdoba, com z\u00edper Importado para 5 mil ciclos. Acompanha espuma de prote\u00e7\u00e3o do equipamento.\" \/>\n<meta property=\"og:url\" content=\"https:\/\/neos.ind.br\/novosite\/produto\/estojo-mox100\/\" \/>\n<meta property=\"og:site_name\" content=\"N\u00e9os\" \/>\n<meta property=\"article:modified_time\" content=\"2024-03-14T18:58:00+00:00\" \/>\n<meta property=\"og:image\" content=\"https:\/\/neos.ind.br\/novosite\/wp-content\/uploads\/2023\/12\/Estojo-2-scaled.jpg\" \/>\n\t<meta property=\"og:image:width\" content=\"2560\" \/>\n\t<meta property=\"og:image:height\" content=\"2560\" \/>\n\t<meta property=\"og:image:type\" content=\"image\/jpeg\" \/>\n<meta name=\"twitter:card\" content=\"summary_large_image\" \/>\n<meta name=\"twitter:label1\" content=\"Est. tempo de leitura\" \/>\n\t<meta name=\"twitter:data1\" content=\"1 minuto\" \/>\n<script type=\"application\/ld+json\" class=\"yoast-schema-graph\">{\"@context\":\"https:\/\/schema.org\",\"@graph\":[{\"@type\":\"WebPage\",\"@id\":\"https:\/\/neos.ind.br\/novosite\/produto\/estojo-mox100\/\",\"url\":\"https:\/\/neos.ind.br\/novosite\/produto\/estojo-mox100\/\",\"name\":\"ESTOJO MOX100 - N\u00e9os\",\"isPartOf\":{\"@id\":\"https:\/\/neos.ind.br\/novosite\/#website\"},\"primaryImageOfPage\":{\"@id\":\"https:\/\/neos.ind.br\/novosite\/produto\/estojo-mox100\/#primaryimage\"},\"image\":{\"@id\":\"https:\/\/neos.ind.br\/novosite\/produto\/estojo-mox100\/#primaryimage\"},\"thumbnailUrl\":\"https:\/\/neos.ind.br\/novosite\/wp-content\/uploads\/2023\/12\/Estojo-2-scaled.jpg\",\"datePublished\":\"2023-12-08T12:30:01+00:00\",\"dateModified\":\"2024-03-14T18:58:00+00:00\",\"description\":\"Estojo confeccionado em poli\u00e9ster C\u00f3rdoba, com z\u00edper Importado para 5 mil ciclos. Acompanha espuma de prote\u00e7\u00e3o do equipamento.\",\"breadcrumb\":{\"@id\":\"https:\/\/neos.ind.br\/novosite\/produto\/estojo-mox100\/#breadcrumb\"},\"inLanguage\":\"pt-BR\",\"potentialAction\":[{\"@type\":\"ReadAction\",\"target\":[\"https:\/\/neos.ind.br\/novosite\/produto\/estojo-mox100\/\"]}]},{\"@type\":\"ImageObject\",\"inLanguage\":\"pt-BR\",\"@id\":\"https:\/\/neos.ind.br\/novosite\/produto\/estojo-mox100\/#primaryimage\",\"url\":\"https:\/\/neos.ind.br\/novosite\/wp-content\/uploads\/2023\/12\/Estojo-2-scaled.jpg\",\"contentUrl\":\"https:\/\/neos.ind.br\/novosite\/wp-content\/uploads\/2023\/12\/Estojo-2-scaled.jpg\",\"width\":2560,\"height\":2560},{\"@type\":\"BreadcrumbList\",\"@id\":\"https:\/\/neos.ind.br\/novosite\/produto\/estojo-mox100\/#breadcrumb\",\"itemListElement\":[{\"@type\":\"ListItem\",\"position\":1,\"name\":\"In\u00edcio\",\"item\":\"https:\/\/neos.ind.br\/novosite\/\"},{\"@type\":\"ListItem\",\"position\":2,\"name\":\"Produtos\",\"item\":\"https:\/\/neos.ind.br\/novosite\/produtos\/\"},{\"@type\":\"ListItem\",\"position\":3,\"name\":\"ESTOJO MOX100\"}]},{\"@type\":\"WebSite\",\"@id\":\"https:\/\/neos.ind.br\/novosite\/#website\",\"url\":\"https:\/\/neos.ind.br\/novosite\/\",\"name\":\"N\u00e9os\",\"description\":\"\",\"publisher\":{\"@id\":\"https:\/\/neos.ind.br\/novosite\/#organization\"},\"potentialAction\":[{\"@type\":\"SearchAction\",\"target\":{\"@type\":\"EntryPoint\",\"urlTemplate\":\"https:\/\/neos.ind.br\/novosite\/?s={search_term_string}\"},\"query-input\":\"required name=search_term_string\"}],\"inLanguage\":\"pt-BR\"},{\"@type\":\"Organization\",\"@id\":\"https:\/\/neos.ind.br\/novosite\/#organization\",\"name\":\"N\u00e9os\",\"url\":\"https:\/\/neos.ind.br\/novosite\/\",\"logo\":{\"@type\":\"ImageObject\",\"inLanguage\":\"pt-BR\",\"@id\":\"https:\/\/neos.ind.br\/novosite\/#\/schema\/logo\/image\/\",\"url\":\"https:\/\/neos.ind.br\/novosite\/wp-content\/uploads\/2023\/07\/logo-topo.png\",\"contentUrl\":\"https:\/\/neos.ind.br\/novosite\/wp-content\/uploads\/2023\/07\/logo-topo.png\",\"width\":147,\"height\":66,\"caption\":\"N\u00e9os\"},\"image\":{\"@id\":\"https:\/\/neos.ind.br\/novosite\/#\/schema\/logo\/image\/\"}}]}<\/script>\n<!-- \/ Yoast SEO plugin. -->","yoast_head_json":{"title":"ESTOJO MOX100 - N\u00e9os","description":"Estojo confeccionado em poli\u00e9ster C\u00f3rdoba, com z\u00edper Importado para 5 mil ciclos. Acompanha espuma de prote\u00e7\u00e3o do equipamento.","robots":{"index":"index","follow":"follow","max-snippet":"max-snippet:-1","max-image-preview":"max-image-preview:large","max-video-preview":"max-video-preview:-1"},"canonical":"https:\/\/neos.ind.br\/novosite\/produto\/estojo-mox100\/","og_locale":"pt_BR","og_type":"article","og_title":"ESTOJO MOX100 - N\u00e9os","og_description":"Estojo confeccionado em poli\u00e9ster C\u00f3rdoba, com z\u00edper Importado para 5 mil ciclos. Acompanha espuma de prote\u00e7\u00e3o do equipamento.","og_url":"https:\/\/neos.ind.br\/novosite\/produto\/estojo-mox100\/","og_site_name":"N\u00e9os","article_modified_time":"2024-03-14T18:58:00+00:00","og_image":[{"width":2560,"height":2560,"url":"https:\/\/neos.ind.br\/novosite\/wp-content\/uploads\/2023\/12\/Estojo-2-scaled.jpg","type":"image\/jpeg"}],"twitter_card":"summary_large_image","twitter_misc":{"Est. tempo de leitura":"1 minuto"},"schema":{"@context":"https:\/\/schema.org","@graph":[{"@type":"WebPage","@id":"https:\/\/neos.ind.br\/novosite\/produto\/estojo-mox100\/","url":"https:\/\/neos.ind.br\/novosite\/produto\/estojo-mox100\/","name":"ESTOJO MOX100 - N\u00e9os","isPartOf":{"@id":"https:\/\/neos.ind.br\/novosite\/#website"},"primaryImageOfPage":{"@id":"https:\/\/neos.ind.br\/novosite\/produto\/estojo-mox100\/#primaryimage"},"image":{"@id":"https:\/\/neos.ind.br\/novosite\/produto\/estojo-mox100\/#primaryimage"},"thumbnailUrl":"https:\/\/neos.ind.br\/novosite\/wp-content\/uploads\/2023\/12\/Estojo-2-scaled.jpg","datePublished":"2023-12-08T12:30:01+00:00","dateModified":"2024-03-14T18:58:00+00:00","description":"Estojo confeccionado em poli\u00e9ster C\u00f3rdoba, com z\u00edper Importado para 5 mil ciclos. Acompanha espuma de prote\u00e7\u00e3o do equipamento.","breadcrumb":{"@id":"https:\/\/neos.ind.br\/novosite\/produto\/estojo-mox100\/#breadcrumb"},"inLanguage":"pt-BR","potentialAction":[{"@type":"ReadAction","target":["https:\/\/neos.ind.br\/novosite\/produto\/estojo-mox100\/"]}]},{"@type":"ImageObject","inLanguage":"pt-BR","@id":"https:\/\/neos.ind.br\/novosite\/produto\/estojo-mox100\/#primaryimage","url":"https:\/\/neos.ind.br\/novosite\/wp-content\/uploads\/2023\/12\/Estojo-2-scaled.jpg","contentUrl":"https:\/\/neos.ind.br\/novosite\/wp-content\/uploads\/2023\/12\/Estojo-2-scaled.jpg","width":2560,"height":2560},{"@type":"BreadcrumbList","@id":"https:\/\/neos.ind.br\/novosite\/produto\/estojo-mox100\/#breadcrumb","itemListElement":[{"@type":"ListItem","position":1,"name":"In\u00edcio","item":"https:\/\/neos.ind.br\/novosite\/"},{"@type":"ListItem","position":2,"name":"Produtos","item":"https:\/\/neos.ind.br\/novosite\/produtos\/"},{"@type":"ListItem","position":3,"name":"ESTOJO MOX100"}]},{"@type":"WebSite","@id":"https:\/\/neos.ind.br\/novosite\/#website","url":"https:\/\/neos.ind.br\/novosite\/","name":"N\u00e9os","description":"","publisher":{"@id":"https:\/\/neos.ind.br\/novosite\/#organization"},"potentialAction":[{"@type":"SearchAction","target":{"@type":"EntryPoint","urlTemplate":"https:\/\/neos.ind.br\/novosite\/?s={search_term_string}"},"query-input":"required name=search_term_string"}],"inLanguage":"pt-BR"},{"@type":"Organization","@id":"https:\/\/neos.ind.br\/novosite\/#organization","name":"N\u00e9os","url":"https:\/\/neos.ind.br\/novosite\/","logo":{"@type":"ImageObject","inLanguage":"pt-BR","@id":"https:\/\/neos.ind.br\/novosite\/#\/schema\/logo\/image\/","url":"https:\/\/neos.ind.br\/novosite\/wp-content\/uploads\/2023\/07\/logo-topo.png","contentUrl":"https:\/\/neos.ind.br\/novosite\/wp-content\/uploads\/2023\/07\/logo-topo.png","width":147,"height":66,"caption":"N\u00e9os"},"image":{"@id":"https:\/\/neos.ind.br\/novosite\/#\/schema\/logo\/image\/"}}]}},"_links":{"self":[{"href":"https:\/\/neos.ind.br\/novosite\/wp-json\/wp\/v2\/product\/4696","targetHints":{"allow":["GET"]}}],"collection":[{"href":"https:\/\/neos.ind.br\/novosite\/wp-json\/wp\/v2\/product"}],"about":[{"href":"https:\/\/neos.ind.br\/novosite\/wp-json\/wp\/v2\/types\/product"}],"replies":[{"embeddable":true,"href":"https:\/\/neos.ind.br\/novosite\/wp-json\/wp\/v2\/comments?post=4696"}],"version-history":[{"count":2,"href":"https:\/\/neos.ind.br\/novosite\/wp-json\/wp\/v2\/product\/4696\/revisions"}],"predecessor-version":[{"id":4924,"href":"https:\/\/neos.ind.br\/novosite\/wp-json\/wp\/v2\/product\/4696\/revisions\/4924"}],"wp:featuredmedia":[{"embeddable":true,"href":"https:\/\/neos.ind.br\/novosite\/wp-json\/wp\/v2\/media\/4702"}],"wp:attachment":[{"href":"https:\/\/neos.ind.br\/novosite\/wp-json\/wp\/v2\/media?parent=4696"}],"wp:term":[{"taxonomy":"product_cat","embeddable":true,"href":"https:\/\/neos.ind.br\/novosite\/wp-json\/wp\/v2\/product_cat?post=4696"},{"taxonomy":"product_tag","embeddable":true,"href":"https:\/\/neos.ind.br\/novosite\/wp-json\/wp\/v2\/product_tag?post=4696"}],"curies":[{"name":"wp","href":"https:\/\/api.w.org\/{rel}","templated":true}]}}