{"id":4700,"date":"2023-12-08T09:33:27","date_gmt":"2023-12-08T12:33:27","guid":{"rendered":"https:\/\/neos.ind.br\/novosite\/?post_type=product&#038;p=4700"},"modified":"2024-03-14T15:57:54","modified_gmt":"2024-03-14T18:57:54","slug":"estojo-multiuso","status":"publish","type":"product","link":"https:\/\/neos.ind.br\/novosite\/produto\/estojo-multiuso\/","title":{"rendered":"ESTOJO MULTIUSO"},"content":{"rendered":"<h2>Estojo Multiuso<\/h2>\n<h3 class=\"cor1\"><\/h3>\n<p>Estojo confeccionado em poli\u00e9ster C\u00f3rdoba, com z\u00edper para 5 mil ciclos e acabamento interno aveludado (pluma). Acompanha aba interna regul\u00e1vel.<\/p>\n<p>Compat\u00edvel com os equipamentos APE200, ABI200 e MCV110.<\/p>\n<h4 class=\"cor1 uper\">CARACTERISTICAS GERAIS<\/h4>\n<ul class=\"p-bottom-large\">\n<li>Dimens\u00f5es:\u00a0 Altura: 27 cm Largura: 19,5 cm Profundidade: 8,5 cm Aba interna: 18,5 cm<\/li>\n<\/ul>\n","protected":false},"excerpt":{"rendered":"<p>Estojo Multiuso Estojo confeccionado em poli\u00e9ster C\u00f3rdoba, com z\u00edper para 5 mil ciclos e acabamento interno aveludado (pluma). Acompanha aba interna regul\u00e1vel. Compat\u00edvel com os equipamentos APE200, ABI200 e MCV110. CARACTERISTICAS GERAIS Dimens\u00f5es:\u00a0 Altura: 27 cm Largura: 19,5 cm Profundidade: 8,5 cm Aba interna: 18,5 cm<\/p>\n","protected":false},"featured_media":4705,"comment_status":"open","ping_status":"closed","template":"","meta":{"_acf_changed":false},"product_cat":[24,25,62,65,68],"product_tag":[],"class_list":{"0":"post-4700","1":"product","2":"type-product","3":"status-publish","4":"has-post-thumbnail","6":"product_cat-todos","7":"product_cat-acessorios","8":"product_cat-analisador-de-bisturi","9":"product_cat-analisador-de-esfigmomanometro","10":"product_cat-simulador-de-paciente","12":"first","13":"instock","14":"shipping-taxable","15":"purchasable","16":"product-type-simple"},"acf":[],"yoast_head":"<!-- This site is optimized with the Yoast SEO plugin v22.3 - https:\/\/yoast.com\/wordpress\/plugins\/seo\/ -->\n<title>ESTOJO MULTIUSO - N\u00e9os<\/title>\n<meta name=\"robots\" content=\"index, follow, max-snippet:-1, max-image-preview:large, max-video-preview:-1\" \/>\n<link rel=\"canonical\" href=\"https:\/\/neos.ind.br\/novosite\/produto\/estojo-multiuso\/\" \/>\n<meta property=\"og:locale\" content=\"pt_BR\" \/>\n<meta property=\"og:type\" content=\"article\" \/>\n<meta property=\"og:title\" content=\"ESTOJO MULTIUSO - N\u00e9os\" \/>\n<meta property=\"og:description\" content=\"Estojo Multiuso Estojo confeccionado em poli\u00e9ster C\u00f3rdoba, com z\u00edper para 5 mil ciclos e acabamento interno aveludado (pluma). Acompanha aba interna regul\u00e1vel. Compat\u00edvel com os equipamentos APE200, ABI200 e MCV110. CARACTERISTICAS GERAIS Dimens\u00f5es:\u00a0 Altura: 27 cm Largura: 19,5 cm Profundidade: 8,5 cm Aba interna: 18,5 cm\" \/>\n<meta property=\"og:url\" content=\"https:\/\/neos.ind.br\/novosite\/produto\/estojo-multiuso\/\" \/>\n<meta property=\"og:site_name\" content=\"N\u00e9os\" \/>\n<meta property=\"article:modified_time\" content=\"2024-03-14T18:57:54+00:00\" \/>\n<meta property=\"og:image\" content=\"https:\/\/neos.ind.br\/novosite\/wp-content\/uploads\/2023\/12\/Estojo-1-scaled.jpg\" \/>\n\t<meta property=\"og:image:width\" content=\"2560\" \/>\n\t<meta property=\"og:image:height\" content=\"2560\" \/>\n\t<meta property=\"og:image:type\" content=\"image\/jpeg\" \/>\n<meta name=\"twitter:card\" content=\"summary_large_image\" \/>\n<meta name=\"twitter:label1\" content=\"Est. tempo de leitura\" \/>\n\t<meta name=\"twitter:data1\" content=\"1 minuto\" \/>\n<script type=\"application\/ld+json\" class=\"yoast-schema-graph\">{\"@context\":\"https:\/\/schema.org\",\"@graph\":[{\"@type\":\"WebPage\",\"@id\":\"https:\/\/neos.ind.br\/novosite\/produto\/estojo-multiuso\/\",\"url\":\"https:\/\/neos.ind.br\/novosite\/produto\/estojo-multiuso\/\",\"name\":\"ESTOJO MULTIUSO - N\u00e9os\",\"isPartOf\":{\"@id\":\"https:\/\/neos.ind.br\/novosite\/#website\"},\"primaryImageOfPage\":{\"@id\":\"https:\/\/neos.ind.br\/novosite\/produto\/estojo-multiuso\/#primaryimage\"},\"image\":{\"@id\":\"https:\/\/neos.ind.br\/novosite\/produto\/estojo-multiuso\/#primaryimage\"},\"thumbnailUrl\":\"https:\/\/neos.ind.br\/novosite\/wp-content\/uploads\/2023\/12\/Estojo-1-scaled.jpg\",\"datePublished\":\"2023-12-08T12:33:27+00:00\",\"dateModified\":\"2024-03-14T18:57:54+00:00\",\"breadcrumb\":{\"@id\":\"https:\/\/neos.ind.br\/novosite\/produto\/estojo-multiuso\/#breadcrumb\"},\"inLanguage\":\"pt-BR\",\"potentialAction\":[{\"@type\":\"ReadAction\",\"target\":[\"https:\/\/neos.ind.br\/novosite\/produto\/estojo-multiuso\/\"]}]},{\"@type\":\"ImageObject\",\"inLanguage\":\"pt-BR\",\"@id\":\"https:\/\/neos.ind.br\/novosite\/produto\/estojo-multiuso\/#primaryimage\",\"url\":\"https:\/\/neos.ind.br\/novosite\/wp-content\/uploads\/2023\/12\/Estojo-1-scaled.jpg\",\"contentUrl\":\"https:\/\/neos.ind.br\/novosite\/wp-content\/uploads\/2023\/12\/Estojo-1-scaled.jpg\",\"width\":2560,\"height\":2560},{\"@type\":\"BreadcrumbList\",\"@id\":\"https:\/\/neos.ind.br\/novosite\/produto\/estojo-multiuso\/#breadcrumb\",\"itemListElement\":[{\"@type\":\"ListItem\",\"position\":1,\"name\":\"In\u00edcio\",\"item\":\"https:\/\/neos.ind.br\/novosite\/\"},{\"@type\":\"ListItem\",\"position\":2,\"name\":\"Produtos\",\"item\":\"https:\/\/neos.ind.br\/novosite\/produtos\/\"},{\"@type\":\"ListItem\",\"position\":3,\"name\":\"ESTOJO MULTIUSO\"}]},{\"@type\":\"WebSite\",\"@id\":\"https:\/\/neos.ind.br\/novosite\/#website\",\"url\":\"https:\/\/neos.ind.br\/novosite\/\",\"name\":\"N\u00e9os\",\"description\":\"\",\"publisher\":{\"@id\":\"https:\/\/neos.ind.br\/novosite\/#organization\"},\"potentialAction\":[{\"@type\":\"SearchAction\",\"target\":{\"@type\":\"EntryPoint\",\"urlTemplate\":\"https:\/\/neos.ind.br\/novosite\/?s={search_term_string}\"},\"query-input\":\"required name=search_term_string\"}],\"inLanguage\":\"pt-BR\"},{\"@type\":\"Organization\",\"@id\":\"https:\/\/neos.ind.br\/novosite\/#organization\",\"name\":\"N\u00e9os\",\"url\":\"https:\/\/neos.ind.br\/novosite\/\",\"logo\":{\"@type\":\"ImageObject\",\"inLanguage\":\"pt-BR\",\"@id\":\"https:\/\/neos.ind.br\/novosite\/#\/schema\/logo\/image\/\",\"url\":\"https:\/\/neos.ind.br\/novosite\/wp-content\/uploads\/2023\/07\/logo-topo.png\",\"contentUrl\":\"https:\/\/neos.ind.br\/novosite\/wp-content\/uploads\/2023\/07\/logo-topo.png\",\"width\":147,\"height\":66,\"caption\":\"N\u00e9os\"},\"image\":{\"@id\":\"https:\/\/neos.ind.br\/novosite\/#\/schema\/logo\/image\/\"}}]}<\/script>\n<!-- \/ Yoast SEO plugin. -->","yoast_head_json":{"title":"ESTOJO MULTIUSO - N\u00e9os","robots":{"index":"index","follow":"follow","max-snippet":"max-snippet:-1","max-image-preview":"max-image-preview:large","max-video-preview":"max-video-preview:-1"},"canonical":"https:\/\/neos.ind.br\/novosite\/produto\/estojo-multiuso\/","og_locale":"pt_BR","og_type":"article","og_title":"ESTOJO MULTIUSO - N\u00e9os","og_description":"Estojo Multiuso Estojo confeccionado em poli\u00e9ster C\u00f3rdoba, com z\u00edper para 5 mil ciclos e acabamento interno aveludado (pluma). Acompanha aba interna regul\u00e1vel. Compat\u00edvel com os equipamentos APE200, ABI200 e MCV110. CARACTERISTICAS GERAIS Dimens\u00f5es:\u00a0 Altura: 27 cm Largura: 19,5 cm Profundidade: 8,5 cm Aba interna: 18,5 cm","og_url":"https:\/\/neos.ind.br\/novosite\/produto\/estojo-multiuso\/","og_site_name":"N\u00e9os","article_modified_time":"2024-03-14T18:57:54+00:00","og_image":[{"width":2560,"height":2560,"url":"https:\/\/neos.ind.br\/novosite\/wp-content\/uploads\/2023\/12\/Estojo-1-scaled.jpg","type":"image\/jpeg"}],"twitter_card":"summary_large_image","twitter_misc":{"Est. tempo de leitura":"1 minuto"},"schema":{"@context":"https:\/\/schema.org","@graph":[{"@type":"WebPage","@id":"https:\/\/neos.ind.br\/novosite\/produto\/estojo-multiuso\/","url":"https:\/\/neos.ind.br\/novosite\/produto\/estojo-multiuso\/","name":"ESTOJO MULTIUSO - N\u00e9os","isPartOf":{"@id":"https:\/\/neos.ind.br\/novosite\/#website"},"primaryImageOfPage":{"@id":"https:\/\/neos.ind.br\/novosite\/produto\/estojo-multiuso\/#primaryimage"},"image":{"@id":"https:\/\/neos.ind.br\/novosite\/produto\/estojo-multiuso\/#primaryimage"},"thumbnailUrl":"https:\/\/neos.ind.br\/novosite\/wp-content\/uploads\/2023\/12\/Estojo-1-scaled.jpg","datePublished":"2023-12-08T12:33:27+00:00","dateModified":"2024-03-14T18:57:54+00:00","breadcrumb":{"@id":"https:\/\/neos.ind.br\/novosite\/produto\/estojo-multiuso\/#breadcrumb"},"inLanguage":"pt-BR","potentialAction":[{"@type":"ReadAction","target":["https:\/\/neos.ind.br\/novosite\/produto\/estojo-multiuso\/"]}]},{"@type":"ImageObject","inLanguage":"pt-BR","@id":"https:\/\/neos.ind.br\/novosite\/produto\/estojo-multiuso\/#primaryimage","url":"https:\/\/neos.ind.br\/novosite\/wp-content\/uploads\/2023\/12\/Estojo-1-scaled.jpg","contentUrl":"https:\/\/neos.ind.br\/novosite\/wp-content\/uploads\/2023\/12\/Estojo-1-scaled.jpg","width":2560,"height":2560},{"@type":"BreadcrumbList","@id":"https:\/\/neos.ind.br\/novosite\/produto\/estojo-multiuso\/#breadcrumb","itemListElement":[{"@type":"ListItem","position":1,"name":"In\u00edcio","item":"https:\/\/neos.ind.br\/novosite\/"},{"@type":"ListItem","position":2,"name":"Produtos","item":"https:\/\/neos.ind.br\/novosite\/produtos\/"},{"@type":"ListItem","position":3,"name":"ESTOJO MULTIUSO"}]},{"@type":"WebSite","@id":"https:\/\/neos.ind.br\/novosite\/#website","url":"https:\/\/neos.ind.br\/novosite\/","name":"N\u00e9os","description":"","publisher":{"@id":"https:\/\/neos.ind.br\/novosite\/#organization"},"potentialAction":[{"@type":"SearchAction","target":{"@type":"EntryPoint","urlTemplate":"https:\/\/neos.ind.br\/novosite\/?s={search_term_string}"},"query-input":"required name=search_term_string"}],"inLanguage":"pt-BR"},{"@type":"Organization","@id":"https:\/\/neos.ind.br\/novosite\/#organization","name":"N\u00e9os","url":"https:\/\/neos.ind.br\/novosite\/","logo":{"@type":"ImageObject","inLanguage":"pt-BR","@id":"https:\/\/neos.ind.br\/novosite\/#\/schema\/logo\/image\/","url":"https:\/\/neos.ind.br\/novosite\/wp-content\/uploads\/2023\/07\/logo-topo.png","contentUrl":"https:\/\/neos.ind.br\/novosite\/wp-content\/uploads\/2023\/07\/logo-topo.png","width":147,"height":66,"caption":"N\u00e9os"},"image":{"@id":"https:\/\/neos.ind.br\/novosite\/#\/schema\/logo\/image\/"}}]}},"_links":{"self":[{"href":"https:\/\/neos.ind.br\/novosite\/wp-json\/wp\/v2\/product\/4700","targetHints":{"allow":["GET"]}}],"collection":[{"href":"https:\/\/neos.ind.br\/novosite\/wp-json\/wp\/v2\/product"}],"about":[{"href":"https:\/\/neos.ind.br\/novosite\/wp-json\/wp\/v2\/types\/product"}],"replies":[{"embeddable":true,"href":"https:\/\/neos.ind.br\/novosite\/wp-json\/wp\/v2\/comments?post=4700"}],"version-history":[{"count":2,"href":"https:\/\/neos.ind.br\/novosite\/wp-json\/wp\/v2\/product\/4700\/revisions"}],"predecessor-version":[{"id":4728,"href":"https:\/\/neos.ind.br\/novosite\/wp-json\/wp\/v2\/product\/4700\/revisions\/4728"}],"wp:featuredmedia":[{"embeddable":true,"href":"https:\/\/neos.ind.br\/novosite\/wp-json\/wp\/v2\/media\/4705"}],"wp:attachment":[{"href":"https:\/\/neos.ind.br\/novosite\/wp-json\/wp\/v2\/media?parent=4700"}],"wp:term":[{"taxonomy":"product_cat","embeddable":true,"href":"https:\/\/neos.ind.br\/novosite\/wp-json\/wp\/v2\/product_cat?post=4700"},{"taxonomy":"product_tag","embeddable":true,"href":"https:\/\/neos.ind.br\/novosite\/wp-json\/wp\/v2\/product_tag?post=4700"}],"curies":[{"name":"wp","href":"https:\/\/api.w.org\/{rel}","templated":true}]}}