{"id":4717,"date":"2023-12-08T12:51:37","date_gmt":"2023-12-08T15:51:37","guid":{"rendered":"https:\/\/neos.ind.br\/novosite\/?post_type=product&#038;p=4717"},"modified":"2024-03-14T15:57:21","modified_gmt":"2024-03-14T18:57:21","slug":"mochila-avm100-e-aqt110","status":"publish","type":"product","link":"https:\/\/neos.ind.br\/novosite\/produto\/mochila-avm100-e-aqt110\/","title":{"rendered":"MOCHILA AVM100 E AQT110"},"content":{"rendered":"<h2>Mochila AVM100 e AQT110<\/h2>\n<h3 class=\"cor1\"><\/h3>\n<p>Mochila confeccionada em poli\u00e9ster C\u00f3rdoba, com z\u00edper Importado para 5 mil ciclos, possui al\u00e7a regul\u00e1vel. Acompanha espuma de prote\u00e7\u00e3o do equipamento.<\/p>\n<h4 class=\"cor1 uper\">CARACTERISTICAS GERAIS<\/h4>\n<ul class=\"p-bottom-large\">\n<li>Dimens\u00f5es:\u00a0 Altura: 35,5 cm Largura: 27,5 cm Profundidade: 15 cm<\/li>\n<\/ul>\n","protected":false},"excerpt":{"rendered":"<p>Mochila AVM100 e AQT110 Mochila confeccionada em poli\u00e9ster C\u00f3rdoba, com z\u00edper Importado para 5 mil ciclos, possui al\u00e7a regul\u00e1vel. Acompanha espuma de prote\u00e7\u00e3o do equipamento. CARACTERISTICAS GERAIS Dimens\u00f5es:\u00a0 Altura: 35,5 cm Largura: 27,5 cm Profundidade: 15 cm<\/p>\n","protected":false},"featured_media":4718,"comment_status":"open","ping_status":"closed","template":"","meta":{"_acf_changed":false},"product_cat":[24,25,73,71],"product_tag":[],"class_list":{"0":"post-4717","1":"product","2":"type-product","3":"status-publish","4":"has-post-thumbnail","6":"product_cat-todos","7":"product_cat-acessorios","8":"product_cat-analisador-de-qualificacao-termica","9":"product_cat-analisador-de-ventilacao-mecanica","11":"first","12":"instock","13":"shipping-taxable","14":"purchasable","15":"product-type-simple"},"acf":[],"yoast_head":"<!-- This site is optimized with the Yoast SEO plugin v22.3 - https:\/\/yoast.com\/wordpress\/plugins\/seo\/ -->\n<title>MOCHILA AVM100 E AQT110 - N\u00e9os<\/title>\n<meta name=\"robots\" content=\"index, follow, max-snippet:-1, max-image-preview:large, max-video-preview:-1\" \/>\n<link rel=\"canonical\" href=\"https:\/\/neos.ind.br\/novosite\/produto\/mochila-avm100-e-aqt110\/\" \/>\n<meta property=\"og:locale\" content=\"pt_BR\" \/>\n<meta property=\"og:type\" content=\"article\" \/>\n<meta property=\"og:title\" content=\"MOCHILA AVM100 E AQT110 - N\u00e9os\" \/>\n<meta property=\"og:description\" content=\"Mochila AVM100 e AQT110 Mochila confeccionada em poli\u00e9ster C\u00f3rdoba, com z\u00edper Importado para 5 mil ciclos, possui al\u00e7a regul\u00e1vel. Acompanha espuma de prote\u00e7\u00e3o do equipamento. CARACTERISTICAS GERAIS Dimens\u00f5es:\u00a0 Altura: 35,5 cm Largura: 27,5 cm Profundidade: 15 cm\" \/>\n<meta property=\"og:url\" content=\"https:\/\/neos.ind.br\/novosite\/produto\/mochila-avm100-e-aqt110\/\" \/>\n<meta property=\"og:site_name\" content=\"N\u00e9os\" \/>\n<meta property=\"article:modified_time\" content=\"2024-03-14T18:57:21+00:00\" \/>\n<meta property=\"og:image\" content=\"https:\/\/neos.ind.br\/novosite\/wp-content\/uploads\/2023\/12\/Mochila-7-scaled.jpg\" \/>\n\t<meta property=\"og:image:width\" content=\"2560\" \/>\n\t<meta property=\"og:image:height\" content=\"2560\" \/>\n\t<meta property=\"og:image:type\" content=\"image\/jpeg\" \/>\n<meta name=\"twitter:card\" content=\"summary_large_image\" \/>\n<meta name=\"twitter:label1\" content=\"Est. tempo de leitura\" \/>\n\t<meta name=\"twitter:data1\" content=\"1 minuto\" \/>\n<script type=\"application\/ld+json\" class=\"yoast-schema-graph\">{\"@context\":\"https:\/\/schema.org\",\"@graph\":[{\"@type\":\"WebPage\",\"@id\":\"https:\/\/neos.ind.br\/novosite\/produto\/mochila-avm100-e-aqt110\/\",\"url\":\"https:\/\/neos.ind.br\/novosite\/produto\/mochila-avm100-e-aqt110\/\",\"name\":\"MOCHILA AVM100 E AQT110 - N\u00e9os\",\"isPartOf\":{\"@id\":\"https:\/\/neos.ind.br\/novosite\/#website\"},\"primaryImageOfPage\":{\"@id\":\"https:\/\/neos.ind.br\/novosite\/produto\/mochila-avm100-e-aqt110\/#primaryimage\"},\"image\":{\"@id\":\"https:\/\/neos.ind.br\/novosite\/produto\/mochila-avm100-e-aqt110\/#primaryimage\"},\"thumbnailUrl\":\"https:\/\/neos.ind.br\/novosite\/wp-content\/uploads\/2023\/12\/Mochila-7-scaled.jpg\",\"datePublished\":\"2023-12-08T15:51:37+00:00\",\"dateModified\":\"2024-03-14T18:57:21+00:00\",\"breadcrumb\":{\"@id\":\"https:\/\/neos.ind.br\/novosite\/produto\/mochila-avm100-e-aqt110\/#breadcrumb\"},\"inLanguage\":\"pt-BR\",\"potentialAction\":[{\"@type\":\"ReadAction\",\"target\":[\"https:\/\/neos.ind.br\/novosite\/produto\/mochila-avm100-e-aqt110\/\"]}]},{\"@type\":\"ImageObject\",\"inLanguage\":\"pt-BR\",\"@id\":\"https:\/\/neos.ind.br\/novosite\/produto\/mochila-avm100-e-aqt110\/#primaryimage\",\"url\":\"https:\/\/neos.ind.br\/novosite\/wp-content\/uploads\/2023\/12\/Mochila-7-scaled.jpg\",\"contentUrl\":\"https:\/\/neos.ind.br\/novosite\/wp-content\/uploads\/2023\/12\/Mochila-7-scaled.jpg\",\"width\":2560,\"height\":2560},{\"@type\":\"BreadcrumbList\",\"@id\":\"https:\/\/neos.ind.br\/novosite\/produto\/mochila-avm100-e-aqt110\/#breadcrumb\",\"itemListElement\":[{\"@type\":\"ListItem\",\"position\":1,\"name\":\"In\u00edcio\",\"item\":\"https:\/\/neos.ind.br\/novosite\/\"},{\"@type\":\"ListItem\",\"position\":2,\"name\":\"Produtos\",\"item\":\"https:\/\/neos.ind.br\/novosite\/produtos\/\"},{\"@type\":\"ListItem\",\"position\":3,\"name\":\"MOCHILA AVM100 E AQT110\"}]},{\"@type\":\"WebSite\",\"@id\":\"https:\/\/neos.ind.br\/novosite\/#website\",\"url\":\"https:\/\/neos.ind.br\/novosite\/\",\"name\":\"N\u00e9os\",\"description\":\"\",\"publisher\":{\"@id\":\"https:\/\/neos.ind.br\/novosite\/#organization\"},\"potentialAction\":[{\"@type\":\"SearchAction\",\"target\":{\"@type\":\"EntryPoint\",\"urlTemplate\":\"https:\/\/neos.ind.br\/novosite\/?s={search_term_string}\"},\"query-input\":\"required name=search_term_string\"}],\"inLanguage\":\"pt-BR\"},{\"@type\":\"Organization\",\"@id\":\"https:\/\/neos.ind.br\/novosite\/#organization\",\"name\":\"N\u00e9os\",\"url\":\"https:\/\/neos.ind.br\/novosite\/\",\"logo\":{\"@type\":\"ImageObject\",\"inLanguage\":\"pt-BR\",\"@id\":\"https:\/\/neos.ind.br\/novosite\/#\/schema\/logo\/image\/\",\"url\":\"https:\/\/neos.ind.br\/novosite\/wp-content\/uploads\/2023\/07\/logo-topo.png\",\"contentUrl\":\"https:\/\/neos.ind.br\/novosite\/wp-content\/uploads\/2023\/07\/logo-topo.png\",\"width\":147,\"height\":66,\"caption\":\"N\u00e9os\"},\"image\":{\"@id\":\"https:\/\/neos.ind.br\/novosite\/#\/schema\/logo\/image\/\"}}]}<\/script>\n<!-- \/ Yoast SEO plugin. -->","yoast_head_json":{"title":"MOCHILA AVM100 E AQT110 - N\u00e9os","robots":{"index":"index","follow":"follow","max-snippet":"max-snippet:-1","max-image-preview":"max-image-preview:large","max-video-preview":"max-video-preview:-1"},"canonical":"https:\/\/neos.ind.br\/novosite\/produto\/mochila-avm100-e-aqt110\/","og_locale":"pt_BR","og_type":"article","og_title":"MOCHILA AVM100 E AQT110 - N\u00e9os","og_description":"Mochila AVM100 e AQT110 Mochila confeccionada em poli\u00e9ster C\u00f3rdoba, com z\u00edper Importado para 5 mil ciclos, possui al\u00e7a regul\u00e1vel. Acompanha espuma de prote\u00e7\u00e3o do equipamento. CARACTERISTICAS GERAIS Dimens\u00f5es:\u00a0 Altura: 35,5 cm Largura: 27,5 cm Profundidade: 15 cm","og_url":"https:\/\/neos.ind.br\/novosite\/produto\/mochila-avm100-e-aqt110\/","og_site_name":"N\u00e9os","article_modified_time":"2024-03-14T18:57:21+00:00","og_image":[{"width":2560,"height":2560,"url":"https:\/\/neos.ind.br\/novosite\/wp-content\/uploads\/2023\/12\/Mochila-7-scaled.jpg","type":"image\/jpeg"}],"twitter_card":"summary_large_image","twitter_misc":{"Est. tempo de leitura":"1 minuto"},"schema":{"@context":"https:\/\/schema.org","@graph":[{"@type":"WebPage","@id":"https:\/\/neos.ind.br\/novosite\/produto\/mochila-avm100-e-aqt110\/","url":"https:\/\/neos.ind.br\/novosite\/produto\/mochila-avm100-e-aqt110\/","name":"MOCHILA AVM100 E AQT110 - N\u00e9os","isPartOf":{"@id":"https:\/\/neos.ind.br\/novosite\/#website"},"primaryImageOfPage":{"@id":"https:\/\/neos.ind.br\/novosite\/produto\/mochila-avm100-e-aqt110\/#primaryimage"},"image":{"@id":"https:\/\/neos.ind.br\/novosite\/produto\/mochila-avm100-e-aqt110\/#primaryimage"},"thumbnailUrl":"https:\/\/neos.ind.br\/novosite\/wp-content\/uploads\/2023\/12\/Mochila-7-scaled.jpg","datePublished":"2023-12-08T15:51:37+00:00","dateModified":"2024-03-14T18:57:21+00:00","breadcrumb":{"@id":"https:\/\/neos.ind.br\/novosite\/produto\/mochila-avm100-e-aqt110\/#breadcrumb"},"inLanguage":"pt-BR","potentialAction":[{"@type":"ReadAction","target":["https:\/\/neos.ind.br\/novosite\/produto\/mochila-avm100-e-aqt110\/"]}]},{"@type":"ImageObject","inLanguage":"pt-BR","@id":"https:\/\/neos.ind.br\/novosite\/produto\/mochila-avm100-e-aqt110\/#primaryimage","url":"https:\/\/neos.ind.br\/novosite\/wp-content\/uploads\/2023\/12\/Mochila-7-scaled.jpg","contentUrl":"https:\/\/neos.ind.br\/novosite\/wp-content\/uploads\/2023\/12\/Mochila-7-scaled.jpg","width":2560,"height":2560},{"@type":"BreadcrumbList","@id":"https:\/\/neos.ind.br\/novosite\/produto\/mochila-avm100-e-aqt110\/#breadcrumb","itemListElement":[{"@type":"ListItem","position":1,"name":"In\u00edcio","item":"https:\/\/neos.ind.br\/novosite\/"},{"@type":"ListItem","position":2,"name":"Produtos","item":"https:\/\/neos.ind.br\/novosite\/produtos\/"},{"@type":"ListItem","position":3,"name":"MOCHILA AVM100 E AQT110"}]},{"@type":"WebSite","@id":"https:\/\/neos.ind.br\/novosite\/#website","url":"https:\/\/neos.ind.br\/novosite\/","name":"N\u00e9os","description":"","publisher":{"@id":"https:\/\/neos.ind.br\/novosite\/#organization"},"potentialAction":[{"@type":"SearchAction","target":{"@type":"EntryPoint","urlTemplate":"https:\/\/neos.ind.br\/novosite\/?s={search_term_string}"},"query-input":"required name=search_term_string"}],"inLanguage":"pt-BR"},{"@type":"Organization","@id":"https:\/\/neos.ind.br\/novosite\/#organization","name":"N\u00e9os","url":"https:\/\/neos.ind.br\/novosite\/","logo":{"@type":"ImageObject","inLanguage":"pt-BR","@id":"https:\/\/neos.ind.br\/novosite\/#\/schema\/logo\/image\/","url":"https:\/\/neos.ind.br\/novosite\/wp-content\/uploads\/2023\/07\/logo-topo.png","contentUrl":"https:\/\/neos.ind.br\/novosite\/wp-content\/uploads\/2023\/07\/logo-topo.png","width":147,"height":66,"caption":"N\u00e9os"},"image":{"@id":"https:\/\/neos.ind.br\/novosite\/#\/schema\/logo\/image\/"}}]}},"_links":{"self":[{"href":"https:\/\/neos.ind.br\/novosite\/wp-json\/wp\/v2\/product\/4717","targetHints":{"allow":["GET"]}}],"collection":[{"href":"https:\/\/neos.ind.br\/novosite\/wp-json\/wp\/v2\/product"}],"about":[{"href":"https:\/\/neos.ind.br\/novosite\/wp-json\/wp\/v2\/types\/product"}],"replies":[{"embeddable":true,"href":"https:\/\/neos.ind.br\/novosite\/wp-json\/wp\/v2\/comments?post=4717"}],"version-history":[{"count":1,"href":"https:\/\/neos.ind.br\/novosite\/wp-json\/wp\/v2\/product\/4717\/revisions"}],"predecessor-version":[{"id":4725,"href":"https:\/\/neos.ind.br\/novosite\/wp-json\/wp\/v2\/product\/4717\/revisions\/4725"}],"wp:featuredmedia":[{"embeddable":true,"href":"https:\/\/neos.ind.br\/novosite\/wp-json\/wp\/v2\/media\/4718"}],"wp:attachment":[{"href":"https:\/\/neos.ind.br\/novosite\/wp-json\/wp\/v2\/media?parent=4717"}],"wp:term":[{"taxonomy":"product_cat","embeddable":true,"href":"https:\/\/neos.ind.br\/novosite\/wp-json\/wp\/v2\/product_cat?post=4717"},{"taxonomy":"product_tag","embeddable":true,"href":"https:\/\/neos.ind.br\/novosite\/wp-json\/wp\/v2\/product_tag?post=4717"}],"curies":[{"name":"wp","href":"https:\/\/api.w.org\/{rel}","templated":true}]}}