{"id":4914,"date":"2024-02-21T17:32:51","date_gmt":"2024-02-21T20:32:51","guid":{"rendered":"https:\/\/neos.ind.br\/novosite\/?post_type=product&#038;p=4914"},"modified":"2024-04-26T12:02:03","modified_gmt":"2024-04-26T15:02:03","slug":"mut200","status":"publish","type":"product","link":"https:\/\/neos.ind.br\/novosite\/produto\/mut200\/","title":{"rendered":"MUT200"},"content":{"rendered":"<h3 class=\"cor1\">M\u00f3dulo de Umidade e Temperatura<\/h3>\n<p>Utilizado em ensaios de medi\u00e7\u00e3o de\u00a0umidade e de temperatura\u00a0em equipamentos de acordo com a norma ABNT NBR 16328. Foi especialmente desenvolvido para a utiliza\u00e7\u00e3o conjunta com o AQT110 da N\u00e9os. Quando acoplado ao AQT110, realiza testes em c\u00e2maras clim\u00e1ticas.<\/p>\n","protected":false},"excerpt":{"rendered":"<p>M\u00f3dulo de Umidade e Temperatura Utilizado em ensaios de medi\u00e7\u00e3o de\u00a0umidade e de temperatura\u00a0em equipamentos de acordo com a norma ABNT NBR 16328. Foi especialmente desenvolvido para a utiliza\u00e7\u00e3o conjunta com o AQT110 da N\u00e9os. Quando acoplado ao AQT110, realiza testes em c\u00e2maras clim\u00e1ticas.<\/p>\n","protected":false},"featured_media":5235,"comment_status":"open","ping_status":"closed","template":"","meta":{"_acf_changed":false},"product_cat":[24,73],"product_tag":[],"class_list":{"0":"post-4914","1":"product","2":"type-product","3":"status-publish","4":"has-post-thumbnail","6":"product_cat-todos","7":"product_cat-analisador-de-qualificacao-termica","9":"first","10":"instock","11":"shipping-taxable","12":"purchasable","13":"product-type-simple"},"acf":[],"yoast_head":"<!-- This site is optimized with the Yoast SEO plugin v22.3 - https:\/\/yoast.com\/wordpress\/plugins\/seo\/ -->\n<title>MUT200 - N\u00e9os<\/title>\n<meta name=\"robots\" content=\"index, follow, max-snippet:-1, max-image-preview:large, max-video-preview:-1\" \/>\n<link rel=\"canonical\" href=\"https:\/\/neos.ind.br\/novosite\/produto\/mut200\/\" \/>\n<meta property=\"og:locale\" content=\"pt_BR\" \/>\n<meta property=\"og:type\" content=\"article\" \/>\n<meta property=\"og:title\" content=\"MUT200 - N\u00e9os\" \/>\n<meta property=\"og:description\" content=\"M\u00f3dulo de Umidade e Temperatura Utilizado em ensaios de medi\u00e7\u00e3o de\u00a0umidade e de temperatura\u00a0em equipamentos de acordo com a norma ABNT NBR 16328. Foi especialmente desenvolvido para a utiliza\u00e7\u00e3o conjunta com o AQT110 da N\u00e9os. Quando acoplado ao AQT110, realiza testes em c\u00e2maras clim\u00e1ticas.\" \/>\n<meta property=\"og:url\" content=\"https:\/\/neos.ind.br\/novosite\/produto\/mut200\/\" \/>\n<meta property=\"og:site_name\" content=\"N\u00e9os\" \/>\n<meta property=\"article:modified_time\" content=\"2024-04-26T15:02:03+00:00\" \/>\n<meta property=\"og:image\" content=\"https:\/\/neos.ind.br\/novosite\/wp-content\/uploads\/2024\/02\/4.jpg\" \/>\n\t<meta property=\"og:image:width\" content=\"1772\" \/>\n\t<meta property=\"og:image:height\" content=\"1772\" \/>\n\t<meta property=\"og:image:type\" content=\"image\/jpeg\" \/>\n<meta name=\"twitter:card\" content=\"summary_large_image\" \/>\n<meta name=\"twitter:label1\" content=\"Est. tempo de leitura\" \/>\n\t<meta name=\"twitter:data1\" content=\"1 minuto\" \/>\n<script type=\"application\/ld+json\" class=\"yoast-schema-graph\">{\"@context\":\"https:\/\/schema.org\",\"@graph\":[{\"@type\":\"WebPage\",\"@id\":\"https:\/\/neos.ind.br\/novosite\/produto\/mut200\/\",\"url\":\"https:\/\/neos.ind.br\/novosite\/produto\/mut200\/\",\"name\":\"MUT200 - N\u00e9os\",\"isPartOf\":{\"@id\":\"https:\/\/neos.ind.br\/novosite\/#website\"},\"primaryImageOfPage\":{\"@id\":\"https:\/\/neos.ind.br\/novosite\/produto\/mut200\/#primaryimage\"},\"image\":{\"@id\":\"https:\/\/neos.ind.br\/novosite\/produto\/mut200\/#primaryimage\"},\"thumbnailUrl\":\"https:\/\/neos.ind.br\/novosite\/wp-content\/uploads\/2024\/02\/4.jpg\",\"datePublished\":\"2024-02-21T20:32:51+00:00\",\"dateModified\":\"2024-04-26T15:02:03+00:00\",\"breadcrumb\":{\"@id\":\"https:\/\/neos.ind.br\/novosite\/produto\/mut200\/#breadcrumb\"},\"inLanguage\":\"pt-BR\",\"potentialAction\":[{\"@type\":\"ReadAction\",\"target\":[\"https:\/\/neos.ind.br\/novosite\/produto\/mut200\/\"]}]},{\"@type\":\"ImageObject\",\"inLanguage\":\"pt-BR\",\"@id\":\"https:\/\/neos.ind.br\/novosite\/produto\/mut200\/#primaryimage\",\"url\":\"https:\/\/neos.ind.br\/novosite\/wp-content\/uploads\/2024\/02\/4.jpg\",\"contentUrl\":\"https:\/\/neos.ind.br\/novosite\/wp-content\/uploads\/2024\/02\/4.jpg\",\"width\":1772,\"height\":1772},{\"@type\":\"BreadcrumbList\",\"@id\":\"https:\/\/neos.ind.br\/novosite\/produto\/mut200\/#breadcrumb\",\"itemListElement\":[{\"@type\":\"ListItem\",\"position\":1,\"name\":\"In\u00edcio\",\"item\":\"https:\/\/neos.ind.br\/novosite\/\"},{\"@type\":\"ListItem\",\"position\":2,\"name\":\"Produtos\",\"item\":\"https:\/\/neos.ind.br\/novosite\/produtos\/\"},{\"@type\":\"ListItem\",\"position\":3,\"name\":\"MUT200\"}]},{\"@type\":\"WebSite\",\"@id\":\"https:\/\/neos.ind.br\/novosite\/#website\",\"url\":\"https:\/\/neos.ind.br\/novosite\/\",\"name\":\"N\u00e9os\",\"description\":\"\",\"publisher\":{\"@id\":\"https:\/\/neos.ind.br\/novosite\/#organization\"},\"potentialAction\":[{\"@type\":\"SearchAction\",\"target\":{\"@type\":\"EntryPoint\",\"urlTemplate\":\"https:\/\/neos.ind.br\/novosite\/?s={search_term_string}\"},\"query-input\":\"required name=search_term_string\"}],\"inLanguage\":\"pt-BR\"},{\"@type\":\"Organization\",\"@id\":\"https:\/\/neos.ind.br\/novosite\/#organization\",\"name\":\"N\u00e9os\",\"url\":\"https:\/\/neos.ind.br\/novosite\/\",\"logo\":{\"@type\":\"ImageObject\",\"inLanguage\":\"pt-BR\",\"@id\":\"https:\/\/neos.ind.br\/novosite\/#\/schema\/logo\/image\/\",\"url\":\"https:\/\/neos.ind.br\/novosite\/wp-content\/uploads\/2023\/07\/logo-topo.png\",\"contentUrl\":\"https:\/\/neos.ind.br\/novosite\/wp-content\/uploads\/2023\/07\/logo-topo.png\",\"width\":147,\"height\":66,\"caption\":\"N\u00e9os\"},\"image\":{\"@id\":\"https:\/\/neos.ind.br\/novosite\/#\/schema\/logo\/image\/\"}}]}<\/script>\n<!-- \/ Yoast SEO plugin. -->","yoast_head_json":{"title":"MUT200 - N\u00e9os","robots":{"index":"index","follow":"follow","max-snippet":"max-snippet:-1","max-image-preview":"max-image-preview:large","max-video-preview":"max-video-preview:-1"},"canonical":"https:\/\/neos.ind.br\/novosite\/produto\/mut200\/","og_locale":"pt_BR","og_type":"article","og_title":"MUT200 - N\u00e9os","og_description":"M\u00f3dulo de Umidade e Temperatura Utilizado em ensaios de medi\u00e7\u00e3o de\u00a0umidade e de temperatura\u00a0em equipamentos de acordo com a norma ABNT NBR 16328. Foi especialmente desenvolvido para a utiliza\u00e7\u00e3o conjunta com o AQT110 da N\u00e9os. Quando acoplado ao AQT110, realiza testes em c\u00e2maras clim\u00e1ticas.","og_url":"https:\/\/neos.ind.br\/novosite\/produto\/mut200\/","og_site_name":"N\u00e9os","article_modified_time":"2024-04-26T15:02:03+00:00","og_image":[{"width":1772,"height":1772,"url":"https:\/\/neos.ind.br\/novosite\/wp-content\/uploads\/2024\/02\/4.jpg","type":"image\/jpeg"}],"twitter_card":"summary_large_image","twitter_misc":{"Est. tempo de leitura":"1 minuto"},"schema":{"@context":"https:\/\/schema.org","@graph":[{"@type":"WebPage","@id":"https:\/\/neos.ind.br\/novosite\/produto\/mut200\/","url":"https:\/\/neos.ind.br\/novosite\/produto\/mut200\/","name":"MUT200 - N\u00e9os","isPartOf":{"@id":"https:\/\/neos.ind.br\/novosite\/#website"},"primaryImageOfPage":{"@id":"https:\/\/neos.ind.br\/novosite\/produto\/mut200\/#primaryimage"},"image":{"@id":"https:\/\/neos.ind.br\/novosite\/produto\/mut200\/#primaryimage"},"thumbnailUrl":"https:\/\/neos.ind.br\/novosite\/wp-content\/uploads\/2024\/02\/4.jpg","datePublished":"2024-02-21T20:32:51+00:00","dateModified":"2024-04-26T15:02:03+00:00","breadcrumb":{"@id":"https:\/\/neos.ind.br\/novosite\/produto\/mut200\/#breadcrumb"},"inLanguage":"pt-BR","potentialAction":[{"@type":"ReadAction","target":["https:\/\/neos.ind.br\/novosite\/produto\/mut200\/"]}]},{"@type":"ImageObject","inLanguage":"pt-BR","@id":"https:\/\/neos.ind.br\/novosite\/produto\/mut200\/#primaryimage","url":"https:\/\/neos.ind.br\/novosite\/wp-content\/uploads\/2024\/02\/4.jpg","contentUrl":"https:\/\/neos.ind.br\/novosite\/wp-content\/uploads\/2024\/02\/4.jpg","width":1772,"height":1772},{"@type":"BreadcrumbList","@id":"https:\/\/neos.ind.br\/novosite\/produto\/mut200\/#breadcrumb","itemListElement":[{"@type":"ListItem","position":1,"name":"In\u00edcio","item":"https:\/\/neos.ind.br\/novosite\/"},{"@type":"ListItem","position":2,"name":"Produtos","item":"https:\/\/neos.ind.br\/novosite\/produtos\/"},{"@type":"ListItem","position":3,"name":"MUT200"}]},{"@type":"WebSite","@id":"https:\/\/neos.ind.br\/novosite\/#website","url":"https:\/\/neos.ind.br\/novosite\/","name":"N\u00e9os","description":"","publisher":{"@id":"https:\/\/neos.ind.br\/novosite\/#organization"},"potentialAction":[{"@type":"SearchAction","target":{"@type":"EntryPoint","urlTemplate":"https:\/\/neos.ind.br\/novosite\/?s={search_term_string}"},"query-input":"required name=search_term_string"}],"inLanguage":"pt-BR"},{"@type":"Organization","@id":"https:\/\/neos.ind.br\/novosite\/#organization","name":"N\u00e9os","url":"https:\/\/neos.ind.br\/novosite\/","logo":{"@type":"ImageObject","inLanguage":"pt-BR","@id":"https:\/\/neos.ind.br\/novosite\/#\/schema\/logo\/image\/","url":"https:\/\/neos.ind.br\/novosite\/wp-content\/uploads\/2023\/07\/logo-topo.png","contentUrl":"https:\/\/neos.ind.br\/novosite\/wp-content\/uploads\/2023\/07\/logo-topo.png","width":147,"height":66,"caption":"N\u00e9os"},"image":{"@id":"https:\/\/neos.ind.br\/novosite\/#\/schema\/logo\/image\/"}}]}},"_links":{"self":[{"href":"https:\/\/neos.ind.br\/novosite\/wp-json\/wp\/v2\/product\/4914","targetHints":{"allow":["GET"]}}],"collection":[{"href":"https:\/\/neos.ind.br\/novosite\/wp-json\/wp\/v2\/product"}],"about":[{"href":"https:\/\/neos.ind.br\/novosite\/wp-json\/wp\/v2\/types\/product"}],"replies":[{"embeddable":true,"href":"https:\/\/neos.ind.br\/novosite\/wp-json\/wp\/v2\/comments?post=4914"}],"version-history":[{"count":1,"href":"https:\/\/neos.ind.br\/novosite\/wp-json\/wp\/v2\/product\/4914\/revisions"}],"predecessor-version":[{"id":4919,"href":"https:\/\/neos.ind.br\/novosite\/wp-json\/wp\/v2\/product\/4914\/revisions\/4919"}],"wp:featuredmedia":[{"embeddable":true,"href":"https:\/\/neos.ind.br\/novosite\/wp-json\/wp\/v2\/media\/5235"}],"wp:attachment":[{"href":"https:\/\/neos.ind.br\/novosite\/wp-json\/wp\/v2\/media?parent=4914"}],"wp:term":[{"taxonomy":"product_cat","embeddable":true,"href":"https:\/\/neos.ind.br\/novosite\/wp-json\/wp\/v2\/product_cat?post=4914"},{"taxonomy":"product_tag","embeddable":true,"href":"https:\/\/neos.ind.br\/novosite\/wp-json\/wp\/v2\/product_tag?post=4914"}],"curies":[{"name":"wp","href":"https:\/\/api.w.org\/{rel}","templated":true}]}}